{"id":216392,"date":"2023-05-04T11:26:43","date_gmt":"2023-05-04T10:26:43","guid":{"rendered":"https:\/\/www.delicias-uk.com\/product\/carm-2022-75cl-3\/"},"modified":"2026-02-25T10:27:40","modified_gmt":"2026-02-25T10:27:40","slug":"carm-touriga-nacional-75cl","status":"publish","type":"product","link":"https:\/\/www.delicias-uk.com\/pt-pt\/produto\/carm-touriga-nacional-75cl\/","title":{"rendered":"Carm Touriga Nacional 75cl"},"content":{"rendered":"<p>O vinho \u00e9 vinificado na adega da nossa Quinta das Marvalhas em Almendra, em pleno Douro Superior. Nossa vin\u00edcola est\u00e1 equipada com tecnologia de ponta e possibilita o controle total da temperatura, essencial para nossa regi\u00e3o de climas extremos. Ap\u00f3s a chegada das uvas \u00e0 adega, eliminamos os cachos que n\u00e3o se encontram em perfeito estado e procedemos com desengace total, esmagamento suave e macera\u00e7\u00e3o pelicular durante cerca de 12 horas. Ap\u00f3s esse per\u00edodo em atmosfera inerte, a prensagem ocorre em prensa pneum\u00e1tica. Os vinhos s\u00e3o clarificados por 24 a 48 horas, dependendo da casta e do estado de matura\u00e7\u00e3o das uvas. Vinifica\u00e7\u00e3o em hiper-redu\u00e7\u00e3o a baixa temperatura.<\/p>\n<p>Ros\u00e9 \u00e9 dotado de um aroma complexo que confere um car\u00e1cter verdadeiramente gourmet ao vinho e permite-lhe acompanhar toda a gastronomia mediterr\u00e2nica. O nariz do vinho \u00e9 fresco, com frutos vermelhos e elegantes notas florais e vegetais que caracterizam a casta. O sabor deste vinho \u00e9 longo, fresco e rico na boca, com acidez equilibrada. Sirva fresco entre 8 e 12\u00ba.<\/p>\n","protected":false},"excerpt":{"rendered":"<ul style=\"list-style-type: disc;\">\n<li><strong>Produtor<\/strong>: CARM \u2013 Casa Agricola Roboredo Madeira<\/li>\n<li><strong>Regi\u00e3o<\/strong>: Douro<\/li>\n<li><strong>Pa\u00eds<\/strong>: Portugal<\/li>\n<li><strong>Estilo<\/strong> <strong>de Vinho<\/strong>: Vinho Rose<\/li>\n<li><strong>Casta<\/strong>: Touriga Nacional<\/li>\n<li><strong>Garrafa<\/strong>: 75cl<\/li>\n<li><strong>Teor<\/strong> <strong>de<\/strong> <strong>\u00e1lcool<\/strong>: 12.8%<\/li>\n<\/ul>\n","protected":false},"author":43533,"featured_media":251004,"comment_status":"open","ping_status":"closed","template":"","meta":[],"pwb-brand":[],"product_brand":[],"product_cat":[9349,8289,8291,8431,8523,8917],"product_tag":[],"class_list":{"0":"post-216392","1":"product","2":"type-product","3":"status-publish","4":"has-post-thumbnail","6":"product_cat-vinho-rose-pt-pt-2","7":"product_cat-inicio","8":"product_cat-produtos-portugueses","9":"product_cat-vinhos-pt-pt","10":"product_cat-vinho-rose","11":"product_cat-douro-pt-pt-vinho-rose","13":"first","14":"instock","15":"featured","16":"taxable","17":"shipping-taxable","18":"purchasable","19":"product-type-simple"},"aioseo_notices":[],"brands":[],"_links":{"self":[{"href":"https:\/\/www.delicias-uk.com\/pt-pt\/wp-json\/wp\/v2\/product\/216392","targetHints":{"allow":["GET"]}}],"collection":[{"href":"https:\/\/www.delicias-uk.com\/pt-pt\/wp-json\/wp\/v2\/product"}],"about":[{"href":"https:\/\/www.delicias-uk.com\/pt-pt\/wp-json\/wp\/v2\/types\/product"}],"author":[{"embeddable":true,"href":"https:\/\/www.delicias-uk.com\/pt-pt\/wp-json\/wp\/v2\/users\/43533"}],"replies":[{"embeddable":true,"href":"https:\/\/www.delicias-uk.com\/pt-pt\/wp-json\/wp\/v2\/comments?post=216392"}],"wp:featuredmedia":[{"embeddable":true,"href":"https:\/\/www.delicias-uk.com\/pt-pt\/wp-json\/wp\/v2\/media\/251004"}],"wp:attachment":[{"href":"https:\/\/www.delicias-uk.com\/pt-pt\/wp-json\/wp\/v2\/media?parent=216392"}],"wp:term":[{"taxonomy":"pwb-brand","embeddable":true,"href":"https:\/\/www.delicias-uk.com\/pt-pt\/wp-json\/wp\/v2\/pwb-brand?post=216392"},{"taxonomy":"product_brand","embeddable":true,"href":"https:\/\/www.delicias-uk.com\/pt-pt\/wp-json\/wp\/v2\/product_brand?post=216392"},{"taxonomy":"product_cat","embeddable":true,"href":"https:\/\/www.delicias-uk.com\/pt-pt\/wp-json\/wp\/v2\/product_cat?post=216392"},{"taxonomy":"product_tag","embeddable":true,"href":"https:\/\/www.delicias-uk.com\/pt-pt\/wp-json\/wp\/v2\/product_tag?post=216392"}],"curies":[{"name":"wp","href":"https:\/\/api.w.org\/{rel}","templated":true}]}}