{"id":216380,"date":"2023-05-03T10:18:47","date_gmt":"2023-05-03T09:18:47","guid":{"rendered":"https:\/\/www.delicias-uk.com\/product\/vinho-branco-esporao-reserva-2021-75cl\/"},"modified":"2026-02-24T11:52:29","modified_gmt":"2026-02-24T11:52:29","slug":"vinho-branco-esporao-reserva-2021-75cl","status":"publish","type":"product","link":"https:\/\/www.delicias-uk.com\/pt-pt\/produto\/vinho-branco-esporao-reserva-2021-75cl\/","title":{"rendered":"Espor\u00e3o Reserva Biol\u00f3gico 2022 75cl"},"content":{"rendered":"<p style=\"margin-top:0pt;margin-bottom:0pt;margin-left:0in;\">Vinho cl\u00e1ssico obtido a partir de uvas da Herdade do Espor\u00e3o, que mostra a consist\u00eancia e o car\u00e1cter rico e t\u00edpico dos melhores vinhos do Alentejo.<\/p>\n<p style=\"margin-top:0pt;margin-bottom:0pt;margin-left:0in;\">Desengace, choque t\u00e9rmico, macera\u00e7\u00e3o pelicular, prensagem, decanta\u00e7\u00e3o est\u00e1tica do mosto, fermenta\u00e7\u00e3o com temperaturas controladas em cubas de inox e em barricas novas de carvalho americano e franc\u00eas. Est\u00e1gio de 6 meses em cubas de inox e em barricas novas de carvalho americano e franc\u00eas sobre as borras finas.<\/p>\n<p style=\"margin-top:0pt;margin-bottom:0pt;margin-left:0in;\">\n<p style=\"margin-top:0pt;margin-bottom:0pt;margin-left:0in;\">Cor: Aspecto cristalino, cor de palha com reflexos esverdeados.<\/p>\n<p style=\"margin-top:0pt;margin-bottom:0pt;margin-left:0in;\">Aroma: Notas de casca de p\u00eassego, acompanhadas de noz moscada e pimenta branca.<\/p>\n<p style=\"margin-top:0pt;margin-bottom:0pt;margin-left:0in;\">Paladar: Elegante e cremoso, onde predomina o equil\u00edbrio entre a fruta e as especiarias. Um final intenso e persistente.<\/p>\n<p style=\"margin-top:0pt;margin-bottom:0pt;margin-left:0in;\">\n<p style=\"margin-top:0pt;margin-bottom:0pt;margin-left:0in;\">\n<p style=\"line-height:normal;text-indent:0in;vertical-align:baseline;margin:0pt 0in;\">\n","protected":false},"excerpt":{"rendered":"<ul style=\"list-style-type:disc;\">\n<li>Produtor: Espor\u00e3o<\/li>\n<li>Regi\u00e3o: Alentejo<\/li>\n<li>Pa\u00eds: Portugal<\/li>\n<li>Estilo de Vinho: Vinho Branco<\/li>\n<li>Casta: Ant\u00e3o Vaz, Arinto, Roupeiro<\/li>\n<li>Garrafa: 75cl<\/li>\n<li>Teor de \u00e1lcool: 13.5%\u00a0<\/li>\n<\/ul>\n","protected":false},"author":43533,"featured_media":198540,"comment_status":"open","ping_status":"closed","template":"","meta":[],"pwb-brand":[],"product_brand":[],"product_cat":[9352,8289,8291,8431,8489,8687],"product_tag":[],"class_list":{"0":"post-216380","1":"product","2":"type-product","3":"status-publish","4":"has-post-thumbnail","6":"product_cat-vinho-branco-pt-pt-2","7":"product_cat-inicio","8":"product_cat-produtos-portugueses","9":"product_cat-vinhos-pt-pt","10":"product_cat-vinho-branco","11":"product_cat-alentejo-pt-pt-vinho-branco","13":"first","14":"instock","15":"taxable","16":"shipping-taxable","17":"purchasable","18":"product-type-simple"},"aioseo_notices":[],"brands":[],"_links":{"self":[{"href":"https:\/\/www.delicias-uk.com\/pt-pt\/wp-json\/wp\/v2\/product\/216380","targetHints":{"allow":["GET"]}}],"collection":[{"href":"https:\/\/www.delicias-uk.com\/pt-pt\/wp-json\/wp\/v2\/product"}],"about":[{"href":"https:\/\/www.delicias-uk.com\/pt-pt\/wp-json\/wp\/v2\/types\/product"}],"author":[{"embeddable":true,"href":"https:\/\/www.delicias-uk.com\/pt-pt\/wp-json\/wp\/v2\/users\/43533"}],"replies":[{"embeddable":true,"href":"https:\/\/www.delicias-uk.com\/pt-pt\/wp-json\/wp\/v2\/comments?post=216380"}],"wp:featuredmedia":[{"embeddable":true,"href":"https:\/\/www.delicias-uk.com\/pt-pt\/wp-json\/wp\/v2\/media\/198540"}],"wp:attachment":[{"href":"https:\/\/www.delicias-uk.com\/pt-pt\/wp-json\/wp\/v2\/media?parent=216380"}],"wp:term":[{"taxonomy":"pwb-brand","embeddable":true,"href":"https:\/\/www.delicias-uk.com\/pt-pt\/wp-json\/wp\/v2\/pwb-brand?post=216380"},{"taxonomy":"product_brand","embeddable":true,"href":"https:\/\/www.delicias-uk.com\/pt-pt\/wp-json\/wp\/v2\/product_brand?post=216380"},{"taxonomy":"product_cat","embeddable":true,"href":"https:\/\/www.delicias-uk.com\/pt-pt\/wp-json\/wp\/v2\/product_cat?post=216380"},{"taxonomy":"product_tag","embeddable":true,"href":"https:\/\/www.delicias-uk.com\/pt-pt\/wp-json\/wp\/v2\/product_tag?post=216380"}],"curies":[{"name":"wp","href":"https:\/\/api.w.org\/{rel}","templated":true}]}}