{"id":216358,"date":"2023-04-28T15:01:08","date_gmt":"2023-04-28T15:01:08","guid":{"rendered":"https:\/\/www.delicias-uk.com\/product\/vinho-do-porto-pacheca-vintage-2017-75cl\/"},"modified":"2023-04-28T15:01:08","modified_gmt":"2023-04-28T15:01:08","slug":"vinho-do-porto-pacheca-vintage-2017-75cl","status":"publish","type":"product","link":"https:\/\/www.delicias-uk.com\/pt-pt\/produto\/vinho-do-porto-pacheca-vintage-2017-75cl\/","title":{"rendered":"Pacheca Vintage 2017 75cl"},"content":{"rendered":"<p>Castas: Touriga Nacional, Tinta Roriz, Tinto C\u00e3o, Tinta Amarela, Touriga Franca, Souz\u00e3o, Tinto C\u00e3o<\/p>\n<p>Notas De Prova: No Nariz Apresenta Um Car\u00e1ter Frutado Vigoroso. \u00c0 Medida Que O Vinho Se Abre No Copo, Surgem Notas De Alperce, Seguidas De Notas Mais Quentes De Chocolate Preto. O Paladar \u00c9 Praticamente Esmagado Pelos Ricos Sabores De Bagas Pretas E Pelos Denses E Compactos Taninos Que D\u00e3o Impressionante Volume E Abund\u00e2ncia.<\/p>\n<p>Conselhos De Conserva\u00e7\u00e3o E Servir: Conservar Na Horizontal A 15\u00ba C De Temperatura Constante. Melhor Servir A 15 &#8211; 18\u00bac.<\/p>\n","protected":false},"excerpt":{"rendered":"<ul>\n<li>Regi\u00e3o: Vinho Do Porto<\/li>\n<li>Tipo: Porto Vintage<\/li>\n<li>Vintagem: 2012<\/li>\n<li>\u00c1lcool: 20%<\/li>\n<\/ul>\n","protected":false},"author":43533,"featured_media":69252,"comment_status":"open","ping_status":"closed","template":"","meta":[],"pwb-brand":[],"product_brand":[],"product_cat":[9344,8289,8291,8431,8589],"product_tag":[],"class_list":{"0":"post-216358","1":"product","2":"type-product","3":"status-publish","4":"has-post-thumbnail","6":"product_cat-vinho-fortificado","7":"product_cat-inicio","8":"product_cat-produtos-portugueses","9":"product_cat-vinhos-pt-pt","10":"product_cat-porto","12":"first","13":"instock","14":"taxable","15":"shipping-taxable","16":"purchasable","17":"product-type-simple"},"aioseo_notices":[],"brands":[],"_links":{"self":[{"href":"https:\/\/www.delicias-uk.com\/pt-pt\/wp-json\/wp\/v2\/product\/216358","targetHints":{"allow":["GET"]}}],"collection":[{"href":"https:\/\/www.delicias-uk.com\/pt-pt\/wp-json\/wp\/v2\/product"}],"about":[{"href":"https:\/\/www.delicias-uk.com\/pt-pt\/wp-json\/wp\/v2\/types\/product"}],"author":[{"embeddable":true,"href":"https:\/\/www.delicias-uk.com\/pt-pt\/wp-json\/wp\/v2\/users\/43533"}],"replies":[{"embeddable":true,"href":"https:\/\/www.delicias-uk.com\/pt-pt\/wp-json\/wp\/v2\/comments?post=216358"}],"wp:featuredmedia":[{"embeddable":true,"href":"https:\/\/www.delicias-uk.com\/pt-pt\/wp-json\/wp\/v2\/media\/69252"}],"wp:attachment":[{"href":"https:\/\/www.delicias-uk.com\/pt-pt\/wp-json\/wp\/v2\/media?parent=216358"}],"wp:term":[{"taxonomy":"pwb-brand","embeddable":true,"href":"https:\/\/www.delicias-uk.com\/pt-pt\/wp-json\/wp\/v2\/pwb-brand?post=216358"},{"taxonomy":"product_brand","embeddable":true,"href":"https:\/\/www.delicias-uk.com\/pt-pt\/wp-json\/wp\/v2\/product_brand?post=216358"},{"taxonomy":"product_cat","embeddable":true,"href":"https:\/\/www.delicias-uk.com\/pt-pt\/wp-json\/wp\/v2\/product_cat?post=216358"},{"taxonomy":"product_tag","embeddable":true,"href":"https:\/\/www.delicias-uk.com\/pt-pt\/wp-json\/wp\/v2\/product_tag?post=216358"}],"curies":[{"name":"wp","href":"https:\/\/api.w.org\/{rel}","templated":true}]}}