{"id":216356,"date":"2023-04-28T14:56:21","date_gmt":"2023-04-28T14:56:21","guid":{"rendered":"https:\/\/www.delicias-uk.com\/product\/vinho-do-porto-pacheca-40-anos-500ml\/"},"modified":"2023-04-28T14:56:21","modified_gmt":"2023-04-28T14:56:21","slug":"vinho-do-porto-pacheca-40-anos-500ml","status":"publish","type":"product","link":"https:\/\/www.delicias-uk.com\/pt-pt\/produto\/vinho-do-porto-pacheca-40-anos-500ml\/","title":{"rendered":"Porto Pacheca Tawny 40 Anos 50cl"},"content":{"rendered":"<p>Pacheca Porto Tawny 40 anos \u00e9 um vinho resultante de v\u00e1rios vinhos do Porto que envelheceram em barris antigos de 550L ao longo de muitos anos no armaz\u00e9m de Quinta Da Pacheca. Durante o envelhecimento, o vinho perde a sua cor, que se transforma na caracter\u00edstica cor \u00e2mbar-auburn dos vinhos antigos.<\/p>\n<p>Este vinho apresenta um aroma intenso de passas e caramelo. Na boca, mostra uma delicada complexidade de chocolate, caramelo e passas com a persist\u00eancia que apenas um vinho muito antigo alcan\u00e7a.<\/p>\n<p>Sugest\u00f5es de acompanhamento: Deve ser bebido levemente gelado, no final da refei\u00e7\u00e3o, acompanhando sobremesas. Deve ser servido entre 16\u00ba e 18\u00ba C.<\/p>\n<\/p>\n<p>Produtor: Quinta da Pacheca<\/p>\n<p>Pa\u00eds: Portugal<\/p>\n<p>Regi\u00e3o: Douro<\/p>\n<p>Uva: Blend de diferentes castas tintas certificadas<\/p>\n<p>Garrafa: 50cl<\/p>\n<p>Teor Alcoolico: 21%<\/p>\n","protected":false},"excerpt":{"rendered":"<ul>\n<li>Produtor: Quinta da Pacheca<\/li>\n<li>Pa\u00eds: Portugal<\/li>\n<li>Regi\u00e3o: Douro<\/li>\n<li>Uva: Blend de diferentes castas tintas certificadas<\/li>\n<li>Garrafa: 50cl<\/li>\n<li>Teor Alcoolico: 21%<\/li>\n<\/ul>\n","protected":false},"author":43533,"featured_media":198514,"comment_status":"open","ping_status":"closed","template":"","meta":[],"pwb-brand":[],"product_brand":[],"product_cat":[9344,8289,8291,8431,8589],"product_tag":[],"class_list":{"0":"post-216356","1":"product","2":"type-product","3":"status-publish","4":"has-post-thumbnail","6":"product_cat-vinho-fortificado","7":"product_cat-inicio","8":"product_cat-produtos-portugueses","9":"product_cat-vinhos-pt-pt","10":"product_cat-porto","12":"first","13":"outofstock","14":"taxable","15":"shipping-taxable","16":"purchasable","17":"product-type-simple"},"aioseo_notices":[],"brands":[],"_links":{"self":[{"href":"https:\/\/www.delicias-uk.com\/pt-pt\/wp-json\/wp\/v2\/product\/216356","targetHints":{"allow":["GET"]}}],"collection":[{"href":"https:\/\/www.delicias-uk.com\/pt-pt\/wp-json\/wp\/v2\/product"}],"about":[{"href":"https:\/\/www.delicias-uk.com\/pt-pt\/wp-json\/wp\/v2\/types\/product"}],"author":[{"embeddable":true,"href":"https:\/\/www.delicias-uk.com\/pt-pt\/wp-json\/wp\/v2\/users\/43533"}],"replies":[{"embeddable":true,"href":"https:\/\/www.delicias-uk.com\/pt-pt\/wp-json\/wp\/v2\/comments?post=216356"}],"wp:featuredmedia":[{"embeddable":true,"href":"https:\/\/www.delicias-uk.com\/pt-pt\/wp-json\/wp\/v2\/media\/198514"}],"wp:attachment":[{"href":"https:\/\/www.delicias-uk.com\/pt-pt\/wp-json\/wp\/v2\/media?parent=216356"}],"wp:term":[{"taxonomy":"pwb-brand","embeddable":true,"href":"https:\/\/www.delicias-uk.com\/pt-pt\/wp-json\/wp\/v2\/pwb-brand?post=216356"},{"taxonomy":"product_brand","embeddable":true,"href":"https:\/\/www.delicias-uk.com\/pt-pt\/wp-json\/wp\/v2\/product_brand?post=216356"},{"taxonomy":"product_cat","embeddable":true,"href":"https:\/\/www.delicias-uk.com\/pt-pt\/wp-json\/wp\/v2\/product_cat?post=216356"},{"taxonomy":"product_tag","embeddable":true,"href":"https:\/\/www.delicias-uk.com\/pt-pt\/wp-json\/wp\/v2\/product_tag?post=216356"}],"curies":[{"name":"wp","href":"https:\/\/api.w.org\/{rel}","templated":true}]}}