{"id":216340,"date":"2023-04-27T16:53:11","date_gmt":"2023-04-27T16:53:11","guid":{"rendered":"https:\/\/www.delicias-uk.com\/product\/preparado-de-surimi-gelpeixe-250g\/"},"modified":"2025-10-15T01:43:55","modified_gmt":"2025-10-15T00:43:55","slug":"preparado-de-surimi-gelpeixe-250g","status":"publish","type":"product","link":"https:\/\/www.delicias-uk.com\/pt-pt\/produto\/preparado-de-surimi-gelpeixe-250g\/","title":{"rendered":"Preparado de Surimi Congelado Gelpeixe 250g"},"content":{"rendered":"<p>Surimi 46% [PEIXE, estabilizadores (E420, E452)], \u00e1gua, amido, clara de OVO, \u00f3leo vegetal de colza, aroma [cont\u00e9m crust\u00e1ceos], sal, a\u00e7\u00facar, estabilizador [E407], OVO, intensificadores de sabor [E621, E635, E631] e corantes [E120, E160c].<\/p>\n","protected":false},"excerpt":{"rendered":"<ul>\n<li>Embalagem de 250g<\/li>\n<li>Produto congelado<\/li>\n<li>Gelpeixe \u00e9 uma marca Portuguesa<\/li>\n<\/ul>\n","protected":false},"author":43533,"featured_media":93662,"comment_status":"open","ping_status":"closed","template":"","meta":[],"pwb-brand":[],"product_brand":[],"product_cat":[8289,8305,8419],"product_tag":[],"class_list":{"0":"post-216340","1":"product","2":"type-product","3":"status-publish","4":"has-post-thumbnail","6":"product_cat-inicio","7":"product_cat-produtos-congelados","8":"product_cat-frutos-do-mar-congelado","10":"first","11":"instock","12":"taxable","13":"shipping-taxable","14":"purchasable","15":"product-type-simple"},"aioseo_notices":[],"brands":[],"_links":{"self":[{"href":"https:\/\/www.delicias-uk.com\/pt-pt\/wp-json\/wp\/v2\/product\/216340","targetHints":{"allow":["GET"]}}],"collection":[{"href":"https:\/\/www.delicias-uk.com\/pt-pt\/wp-json\/wp\/v2\/product"}],"about":[{"href":"https:\/\/www.delicias-uk.com\/pt-pt\/wp-json\/wp\/v2\/types\/product"}],"author":[{"embeddable":true,"href":"https:\/\/www.delicias-uk.com\/pt-pt\/wp-json\/wp\/v2\/users\/43533"}],"replies":[{"embeddable":true,"href":"https:\/\/www.delicias-uk.com\/pt-pt\/wp-json\/wp\/v2\/comments?post=216340"}],"wp:featuredmedia":[{"embeddable":true,"href":"https:\/\/www.delicias-uk.com\/pt-pt\/wp-json\/wp\/v2\/media\/93662"}],"wp:attachment":[{"href":"https:\/\/www.delicias-uk.com\/pt-pt\/wp-json\/wp\/v2\/media?parent=216340"}],"wp:term":[{"taxonomy":"pwb-brand","embeddable":true,"href":"https:\/\/www.delicias-uk.com\/pt-pt\/wp-json\/wp\/v2\/pwb-brand?post=216340"},{"taxonomy":"product_brand","embeddable":true,"href":"https:\/\/www.delicias-uk.com\/pt-pt\/wp-json\/wp\/v2\/product_brand?post=216340"},{"taxonomy":"product_cat","embeddable":true,"href":"https:\/\/www.delicias-uk.com\/pt-pt\/wp-json\/wp\/v2\/product_cat?post=216340"},{"taxonomy":"product_tag","embeddable":true,"href":"https:\/\/www.delicias-uk.com\/pt-pt\/wp-json\/wp\/v2\/product_tag?post=216340"}],"curies":[{"name":"wp","href":"https:\/\/api.w.org\/{rel}","templated":true}]}}