{"id":216318,"date":"2023-04-27T14:07:14","date_gmt":"2023-04-27T13:07:14","guid":{"rendered":"https:\/\/www.delicias-uk.com\/product\/pincas-de-carangueijo-gelpeixe-250g\/"},"modified":"2026-04-12T11:23:37","modified_gmt":"2026-04-12T10:23:37","slug":"pincas-de-carangueijo-gelpeixe-250g","status":"publish","type":"product","link":"https:\/\/www.delicias-uk.com\/pt-pt\/produto\/pincas-de-carangueijo-gelpeixe-250g\/","title":{"rendered":"Pin\u00e7as de Carangueijo Panada Congelada Gelpeixe 35g x 8"},"content":{"rendered":"<p>Surimi 28 % [PEIXE, estabilizadores (E420, E450, E451, E452), \u00e1gua, p\u00e3o ralado, [farinha de TRIGO, amido de batata modificado, amido de TRIGO, sal, clara de OVO, espessante (E415), especiarias (a\u00e7afr\u00e3o, piment\u00e3o), corante (E160c), amido, pin\u00e7as reais (3%], clara de OVO, \u00f3leo de semente de colza, prote\u00ednas de SOJA, a\u00e7\u00facar, sal, aroma de caranguejo [cont\u00e9m CRUST\u00c1CEOS], amido modificado, intensificador de sabor [E621, E631, E635]<\/p>\n","protected":false},"excerpt":{"rendered":"<ul style=\"list-style-type: disc\">\n<li>Embalagem de 250g com 8 unidades<\/li>\n<li>Gelpeixe \u00e9 uma marca Portuguesa<\/li>\n<\/ul>\n","protected":false},"author":43533,"featured_media":93619,"comment_status":"open","ping_status":"closed","template":"","meta":[],"pwb-brand":[],"product_brand":[],"product_cat":[9324,8413],"product_tag":[],"class_list":{"0":"post-216318","1":"product","2":"type-product","3":"status-publish","4":"has-post-thumbnail","6":"product_cat-para-petiscar","7":"product_cat-salgado-congelado","9":"first","10":"instock","11":"taxable","12":"shipping-taxable","13":"purchasable","14":"product-type-simple"},"aioseo_notices":[],"brands":[],"_links":{"self":[{"href":"https:\/\/www.delicias-uk.com\/pt-pt\/wp-json\/wp\/v2\/product\/216318","targetHints":{"allow":["GET"]}}],"collection":[{"href":"https:\/\/www.delicias-uk.com\/pt-pt\/wp-json\/wp\/v2\/product"}],"about":[{"href":"https:\/\/www.delicias-uk.com\/pt-pt\/wp-json\/wp\/v2\/types\/product"}],"author":[{"embeddable":true,"href":"https:\/\/www.delicias-uk.com\/pt-pt\/wp-json\/wp\/v2\/users\/43533"}],"replies":[{"embeddable":true,"href":"https:\/\/www.delicias-uk.com\/pt-pt\/wp-json\/wp\/v2\/comments?post=216318"}],"wp:featuredmedia":[{"embeddable":true,"href":"https:\/\/www.delicias-uk.com\/pt-pt\/wp-json\/wp\/v2\/media\/93619"}],"wp:attachment":[{"href":"https:\/\/www.delicias-uk.com\/pt-pt\/wp-json\/wp\/v2\/media?parent=216318"}],"wp:term":[{"taxonomy":"pwb-brand","embeddable":true,"href":"https:\/\/www.delicias-uk.com\/pt-pt\/wp-json\/wp\/v2\/pwb-brand?post=216318"},{"taxonomy":"product_brand","embeddable":true,"href":"https:\/\/www.delicias-uk.com\/pt-pt\/wp-json\/wp\/v2\/product_brand?post=216318"},{"taxonomy":"product_cat","embeddable":true,"href":"https:\/\/www.delicias-uk.com\/pt-pt\/wp-json\/wp\/v2\/product_cat?post=216318"},{"taxonomy":"product_tag","embeddable":true,"href":"https:\/\/www.delicias-uk.com\/pt-pt\/wp-json\/wp\/v2\/product_tag?post=216318"}],"curies":[{"name":"wp","href":"https:\/\/api.w.org\/{rel}","templated":true}]}}