{"id":216268,"date":"2023-04-27T09:41:33","date_gmt":"2023-04-27T08:41:33","guid":{"rendered":"https:\/\/www.delicias-uk.com\/product\/polpa-de-acai-congelada-brasfrut-12x100g\/"},"modified":"2025-08-05T10:28:56","modified_gmt":"2025-08-05T09:28:56","slug":"polpa-de-acai-congelada-brasfrut-12x100g","status":"publish","type":"product","link":"https:\/\/www.delicias-uk.com\/pt-pt\/produto\/polpa-de-acai-congelada-brasfrut-12x100g\/","title":{"rendered":"Polpa de A\u00e7a\u00ed Congelada Brasfut 100g x 12"},"content":{"rendered":"<p class=\"MsoNormal\"><span lang=\"pt-br\" style=\"font-size:8.5pt;line-height:12.1267px;font-family:Verdana, sans-serif;\" xml:lang=\"pt-br\">\u00c9 uma fruta naturalmente energ\u00e9tica. \u00c9 rico em lip\u00eddeos e fibras. Em rela\u00e7\u00e3o \u00e0 colora\u00e7\u00e3o apresenta a cor roxo viol\u00e1ceo pr\u00f3prio do a\u00e7a\u00ed roxo devido a presen\u00e7a de antocianinas.\u00a0<\/span><span style=\"font-size:8.5pt;line-height:12.1267px;font-family:Verdana, sans-serif;\">Tem sabor caracter\u00edstico e refrescante.<\/span><span lang=\"pt-br\" xml:lang=\"pt-br\"><\/span><\/p>\n<\/p>\n<p><span style=\"text-decoration:underline;\"><strong>Modo de preparo:<\/strong><\/span><\/p>\n<p>1. Com uma faca corte a embalagem de a\u00e7a\u00ed congelado em 4 partes.<\/p>\n<p>2. Adicione 200ml de \u00e1gua para cada 100g de a\u00e7a\u00ed.<\/p>\n<p>3. Bata no liquidifcador ou mixer.<\/p>\n<\/p>\n<p>4. As frutas j\u00e1 possuem a\u00e7\u00facares naturais, mas se preferir adoce a gosto!<strong><em><\/em><\/strong><strong><em><\/em><\/strong><\/p>\n<p><strong><em>Produto congelado. Ser\u00e1 descongelado durante o processo de transporte. Condicionado com materiais termicos (caixa ou bolsa) e gelo.<\/em><\/strong><\/p>\n","protected":false},"excerpt":{"rendered":"<ul style=\"list-style-type:disc;\">\n<li>Peso l\u00edquido 1.2kg (Cont\u00e9m 12 unidades de 10g cada)<\/li>\n<li>Produto congelado<\/li>\n<li>Produto Brasileiro<\/li>\n<\/ul>\n","protected":false},"author":43533,"featured_media":93514,"comment_status":"open","ping_status":"closed","template":"","meta":[],"pwb-brand":[],"product_brand":[],"product_cat":[8289,8305,8373],"product_tag":[],"class_list":{"0":"post-216268","1":"product","2":"type-product","3":"status-publish","4":"has-post-thumbnail","6":"product_cat-inicio","7":"product_cat-produtos-congelados","8":"product_cat-fruta-e-polpa-congelada","10":"first","11":"instock","12":"taxable","13":"shipping-taxable","14":"purchasable","15":"product-type-simple"},"aioseo_notices":[],"brands":[],"_links":{"self":[{"href":"https:\/\/www.delicias-uk.com\/pt-pt\/wp-json\/wp\/v2\/product\/216268","targetHints":{"allow":["GET"]}}],"collection":[{"href":"https:\/\/www.delicias-uk.com\/pt-pt\/wp-json\/wp\/v2\/product"}],"about":[{"href":"https:\/\/www.delicias-uk.com\/pt-pt\/wp-json\/wp\/v2\/types\/product"}],"author":[{"embeddable":true,"href":"https:\/\/www.delicias-uk.com\/pt-pt\/wp-json\/wp\/v2\/users\/43533"}],"replies":[{"embeddable":true,"href":"https:\/\/www.delicias-uk.com\/pt-pt\/wp-json\/wp\/v2\/comments?post=216268"}],"wp:featuredmedia":[{"embeddable":true,"href":"https:\/\/www.delicias-uk.com\/pt-pt\/wp-json\/wp\/v2\/media\/93514"}],"wp:attachment":[{"href":"https:\/\/www.delicias-uk.com\/pt-pt\/wp-json\/wp\/v2\/media?parent=216268"}],"wp:term":[{"taxonomy":"pwb-brand","embeddable":true,"href":"https:\/\/www.delicias-uk.com\/pt-pt\/wp-json\/wp\/v2\/pwb-brand?post=216268"},{"taxonomy":"product_brand","embeddable":true,"href":"https:\/\/www.delicias-uk.com\/pt-pt\/wp-json\/wp\/v2\/product_brand?post=216268"},{"taxonomy":"product_cat","embeddable":true,"href":"https:\/\/www.delicias-uk.com\/pt-pt\/wp-json\/wp\/v2\/product_cat?post=216268"},{"taxonomy":"product_tag","embeddable":true,"href":"https:\/\/www.delicias-uk.com\/pt-pt\/wp-json\/wp\/v2\/product_tag?post=216268"}],"curies":[{"name":"wp","href":"https:\/\/api.w.org\/{rel}","templated":true}]}}