{"id":216266,"date":"2023-04-27T09:36:45","date_gmt":"2023-04-27T09:36:45","guid":{"rendered":"https:\/\/www.delicias-uk.com\/product\/polpa-de-ananas-congelada-brasfrut-12x100g\/"},"modified":"2025-08-06T20:26:27","modified_gmt":"2025-08-06T19:26:27","slug":"polpa-de-ananas-congelada-brasfrut-12x100g","status":"publish","type":"product","link":"https:\/\/www.delicias-uk.com\/pt-pt\/produto\/polpa-de-ananas-congelada-brasfrut-12x100g\/","title":{"rendered":"Polpa de Anan\u00e1s Congelada Brasfrut 100g x 12"},"content":{"rendered":"<p>O sabor e o aroma caracter\u00edsticos dessa fruta s\u00e3o atribu\u00eddos \u00e0 presen\u00e7a e aos teores de diversos constituintes, ressaltando entre eles os a\u00e7\u00facares e os \u00e1cidos respons\u00e1veis pelo sabor, al\u00e9m de compostos vol\u00e1teis associados ao aroma. Os caroten\u00f3ides s\u00e3o respons\u00e1veis pela cor da polpa que varia de branco ao amarelo.<\/p>\n<p><span style=\"text-decoration:underline;\"><strong>M\u00e9todo de preparo:<\/strong><\/span><\/p>\n<p>1. Com uma faca corte a embalagem de polpa congelada em 4 partes.<\/p>\n<p>2. Adicione 200ml de \u00e1gua para cada 100g de polpa de fruta.<\/p>\n<p>3. Bata no liquidificador ou mixer.<\/p>\n<p>4. As frutas j\u00e1 possuem a\u00e7\u00facares naturais, mas se preferir adoce a gosto!<\/p>\n<p><em><strong>Produto congelado. Ser\u00e1 descongelado durante o processo de transporte. Condicionado com materiais termicos (caixa ou bolsa) e gelo.<\/strong><\/em><\/p>\n","protected":false},"excerpt":{"rendered":"<ul style=\"list-style-type:disc;\">\n<li>Peso l\u00edquido 1.2kg (cont\u00e9m 12 unidades de 100g cada)<\/li>\n<li>Produto congelado<\/li>\n<li>Produto Brasileiro<\/li>\n<\/ul>\n","protected":false},"author":43533,"featured_media":93510,"comment_status":"open","ping_status":"closed","template":"","meta":[],"pwb-brand":[],"product_brand":[],"product_cat":[8289,8305,8373],"product_tag":[],"class_list":{"0":"post-216266","1":"product","2":"type-product","3":"status-publish","4":"has-post-thumbnail","6":"product_cat-inicio","7":"product_cat-produtos-congelados","8":"product_cat-fruta-e-polpa-congelada","10":"first","11":"instock","12":"taxable","13":"shipping-taxable","14":"purchasable","15":"product-type-simple"},"aioseo_notices":[],"brands":[],"_links":{"self":[{"href":"https:\/\/www.delicias-uk.com\/pt-pt\/wp-json\/wp\/v2\/product\/216266","targetHints":{"allow":["GET"]}}],"collection":[{"href":"https:\/\/www.delicias-uk.com\/pt-pt\/wp-json\/wp\/v2\/product"}],"about":[{"href":"https:\/\/www.delicias-uk.com\/pt-pt\/wp-json\/wp\/v2\/types\/product"}],"author":[{"embeddable":true,"href":"https:\/\/www.delicias-uk.com\/pt-pt\/wp-json\/wp\/v2\/users\/43533"}],"replies":[{"embeddable":true,"href":"https:\/\/www.delicias-uk.com\/pt-pt\/wp-json\/wp\/v2\/comments?post=216266"}],"wp:featuredmedia":[{"embeddable":true,"href":"https:\/\/www.delicias-uk.com\/pt-pt\/wp-json\/wp\/v2\/media\/93510"}],"wp:attachment":[{"href":"https:\/\/www.delicias-uk.com\/pt-pt\/wp-json\/wp\/v2\/media?parent=216266"}],"wp:term":[{"taxonomy":"pwb-brand","embeddable":true,"href":"https:\/\/www.delicias-uk.com\/pt-pt\/wp-json\/wp\/v2\/pwb-brand?post=216266"},{"taxonomy":"product_brand","embeddable":true,"href":"https:\/\/www.delicias-uk.com\/pt-pt\/wp-json\/wp\/v2\/product_brand?post=216266"},{"taxonomy":"product_cat","embeddable":true,"href":"https:\/\/www.delicias-uk.com\/pt-pt\/wp-json\/wp\/v2\/product_cat?post=216266"},{"taxonomy":"product_tag","embeddable":true,"href":"https:\/\/www.delicias-uk.com\/pt-pt\/wp-json\/wp\/v2\/product_tag?post=216266"}],"curies":[{"name":"wp","href":"https:\/\/api.w.org\/{rel}","templated":true}]}}