{"id":216254,"date":"2023-04-20T17:48:09","date_gmt":"2023-04-20T16:48:09","guid":{"rendered":"https:\/\/www.delicias-uk.com\/product\/la-cima-signature-palmito-pupunha-800g\/"},"modified":"2026-04-20T14:29:45","modified_gmt":"2026-04-20T13:29:45","slug":"palmito-pupunha-lata-granum-800g","status":"publish","type":"product","link":"https:\/\/www.delicias-uk.com\/pt-pt\/produto\/palmito-pupunha-lata-granum-800g\/","title":{"rendered":"Palmito Pupunha Lata Granum 800g"},"content":{"rendered":"<p class=\"\" data-start=\"52\" data-end=\"128\"><strong data-start=\"55\" data-end=\"125\">Delicadeza, Sabor e Sustentabilidade com o Palmito Pupunha Granum!<\/strong><\/p>\n<p class=\"\" data-start=\"130\" data-end=\"382\">Diretamente da natureza para a sua mesa, o <strong data-start=\"173\" data-end=\"199\">Palmito Pupunha Granum<\/strong> \u00e9 a escolha ideal para quem busca uma alimenta\u00e7\u00e3o saud\u00e1vel, saborosa e consciente. Produzido de forma sustent\u00e1vel, ele preserva o meio ambiente sem abrir m\u00e3o da qualidade e do sabor!<\/p>\n<p class=\"\" data-start=\"384\" data-end=\"644\">\u2728 <strong data-start=\"386\" data-end=\"432\">Por que escolher o Palmito Pupunha Granum?<\/strong><br data-start=\"432\" data-end=\"435\" \/>\u2714\ufe0f Textura macia e sabor suave<br data-start=\"465\" data-end=\"468\" \/>\u2714\ufe0f Baixo em calorias e rico em fibras<br data-start=\"505\" data-end=\"508\" \/>\u2714\ufe0f Fonte natural de pot\u00e1ssio, c\u00e1lcio e 100% vegetal<br data-start=\"559\" data-end=\"562\" \/>\u2714\ufe0f Perfeito para saladas, massas, grelhados \u2014 ou at\u00e9 como substituto do espaguete!<\/p>\n<hr class=\"\" data-start=\"646\" data-end=\"649\" \/>\n<h3 class=\"\" data-start=\"651\" data-end=\"696\"><strong data-start=\"658\" data-end=\"696\">Caracter\u00edsticas do Palmito Pupunha<\/strong><\/h3>\n<ul data-start=\"698\" data-end=\"1211\">\n<li class=\"\" data-start=\"698\" data-end=\"817\">\n<p class=\"\" data-start=\"700\" data-end=\"817\"><strong data-start=\"700\" data-end=\"719\">Sabor e Textura<\/strong>: Levemente adocicado, com textura tenra e fibrosa \u2014 ideal para diversas prepara\u00e7\u00f5es culin\u00e1rias.<\/p>\n<\/li>\n<li class=\"\" data-start=\"818\" data-end=\"1023\">\n<p class=\"\" data-start=\"820\" data-end=\"1023\"><strong data-start=\"820\" data-end=\"840\">Sustentabilidade<\/strong>: Ao contr\u00e1rio de outras palmeiras (como a do a\u00e7a\u00ed ou ju\u00e7ara), a pupunheira permite a colheita sem que a planta precise ser cortada, tornando seu cultivo mais ecol\u00f3gico e renov\u00e1vel.<\/p>\n<\/li>\n<li class=\"\" data-start=\"1024\" data-end=\"1211\">\n<p class=\"\" data-start=\"1026\" data-end=\"1211\"><strong data-start=\"1026\" data-end=\"1043\">Versatilidade<\/strong>: Pode ser consumido cru, grelhado, assado ou cozido. Muito utilizado em saladas, massas, risotos, tortas e at\u00e9 como substituto de massas (como o espaguete de pupunha).<\/p>\n<\/li>\n<\/ul>\n<hr class=\"\" data-start=\"1213\" data-end=\"1216\" \/>\n<h3 class=\"\" data-start=\"1218\" data-end=\"1252\"><strong data-start=\"1225\" data-end=\"1252\">Benef\u00edcios Nutricionais<\/strong><\/h3>\n<ul data-start=\"1254\" data-end=\"1559\">\n<li class=\"\" data-start=\"1254\" data-end=\"1322\">\n<p class=\"\" data-start=\"1256\" data-end=\"1322\"><strong data-start=\"1259\" data-end=\"1280\">Baixo em calorias<\/strong> \u2013 Ideal para dietas de controle de peso<\/p>\n<\/li>\n<li class=\"\" data-start=\"1323\" data-end=\"1383\">\n<p class=\"\" data-start=\"1325\" data-end=\"1383\"><strong data-start=\"1328\" data-end=\"1346\">Rico em fibras<\/strong> \u2013 Contribui para a sa\u00fade digestiva<\/p>\n<\/li>\n<li class=\"\" data-start=\"1384\" data-end=\"1484\">\n<p class=\"\" data-start=\"1386\" data-end=\"1484\"><strong data-start=\"1389\" data-end=\"1419\">Fonte de pot\u00e1ssio e c\u00e1lcio<\/strong> \u2013 Ajuda na sa\u00fade dos ossos e no equil\u00edbrio da press\u00e3o arterial<\/p>\n<\/li>\n<li class=\"\" data-start=\"1485\" data-end=\"1559\">\n<p class=\"\" data-start=\"1487\" data-end=\"1559\"><strong data-start=\"1490\" data-end=\"1508\">Sem colesterol<\/strong> \u2013 Produto 100% vegetal e ben\u00e9fico para o cora\u00e7\u00e3o<\/p>\n<\/li>\n<\/ul>\n","protected":false},"excerpt":{"rendered":"<ul style=\"list-style-type: disc;\">\n<li>Textura macia e sabor suave<\/li>\n<li>Baixo em calorias e rico em fibras<\/li>\n<li>Fonte natural de pot\u00e1ssio, c\u00e1lcio e 100% vegetal<\/li>\n<li>Sem Gutem<\/li>\n<li>Sem Acucar<\/li>\n<li>Vegan<\/li>\n<li>Perfeito para saladas, massas, grelhados \u2014 ou at\u00e9 como substituto do espaguete!<\/li>\n<li>Peso: 800g<\/li>\n<\/ul>\n","protected":false},"author":43533,"featured_media":226309,"comment_status":"open","ping_status":"closed","template":"","meta":[],"pwb-brand":[],"product_brand":[],"product_cat":[8289,8395,8657,8839,8293,8319,8409,8549,8307,8315,8573,8499,8347],"product_tag":[],"class_list":{"0":"post-216254","1":"product","2":"type-product","3":"status-publish","4":"has-post-thumbnail","6":"product_cat-inicio","7":"product_cat-mercearia","8":"product_cat-frutas-vegetais","9":"product_cat-palmito-pt-pt","10":"product_cat-produtos-brasileiros","11":"product_cat-especiais-do-mes-pt-pt","12":"product_cat-temperos-molhos-e-legumes","13":"product_cat-legumes","14":"product_cat-dieta-e-estilo-de-vida-produtos","15":"product_cat-free-from-pt-pt","16":"product_cat-sem-acucar","17":"product_cat-sem-glutem","18":"product_cat-vegetariano","20":"first","21":"instock","22":"featured","23":"taxable","24":"shipping-taxable","25":"purchasable","26":"product-type-simple"},"aioseo_notices":[],"brands":[],"_links":{"self":[{"href":"https:\/\/www.delicias-uk.com\/pt-pt\/wp-json\/wp\/v2\/product\/216254","targetHints":{"allow":["GET"]}}],"collection":[{"href":"https:\/\/www.delicias-uk.com\/pt-pt\/wp-json\/wp\/v2\/product"}],"about":[{"href":"https:\/\/www.delicias-uk.com\/pt-pt\/wp-json\/wp\/v2\/types\/product"}],"author":[{"embeddable":true,"href":"https:\/\/www.delicias-uk.com\/pt-pt\/wp-json\/wp\/v2\/users\/43533"}],"replies":[{"embeddable":true,"href":"https:\/\/www.delicias-uk.com\/pt-pt\/wp-json\/wp\/v2\/comments?post=216254"}],"wp:featuredmedia":[{"embeddable":true,"href":"https:\/\/www.delicias-uk.com\/pt-pt\/wp-json\/wp\/v2\/media\/226309"}],"wp:attachment":[{"href":"https:\/\/www.delicias-uk.com\/pt-pt\/wp-json\/wp\/v2\/media?parent=216254"}],"wp:term":[{"taxonomy":"pwb-brand","embeddable":true,"href":"https:\/\/www.delicias-uk.com\/pt-pt\/wp-json\/wp\/v2\/pwb-brand?post=216254"},{"taxonomy":"product_brand","embeddable":true,"href":"https:\/\/www.delicias-uk.com\/pt-pt\/wp-json\/wp\/v2\/product_brand?post=216254"},{"taxonomy":"product_cat","embeddable":true,"href":"https:\/\/www.delicias-uk.com\/pt-pt\/wp-json\/wp\/v2\/product_cat?post=216254"},{"taxonomy":"product_tag","embeddable":true,"href":"https:\/\/www.delicias-uk.com\/pt-pt\/wp-json\/wp\/v2\/product_tag?post=216254"}],"curies":[{"name":"wp","href":"https:\/\/api.w.org\/{rel}","templated":true}]}}