{"id":216208,"date":"2023-04-18T17:21:38","date_gmt":"2023-04-18T17:21:38","guid":{"rendered":"https:\/\/www.delicias-uk.com\/product\/vinho-do-porto-pacheca-10-anos-200ml\/"},"modified":"2025-12-07T19:46:17","modified_gmt":"2025-12-07T19:46:17","slug":"vinho-do-porto-pacheca-10-anos-200ml","status":"publish","type":"product","link":"https:\/\/www.delicias-uk.com\/pt-pt\/produto\/vinho-do-porto-pacheca-10-anos-200ml\/","title":{"rendered":"Porto Pacheca Tawny 10 Anos 20cl"},"content":{"rendered":"<p>O Porto Tawny 10 anos Pacheca \u00e9 um vinho resultante de um lote de v\u00e1rios Vinhos do Porto que envelheceram em cascos velhos de 550 litros ao longo de muitos anos no armaz\u00e9m de frescos da Quinta da Pacheca. Durante o envelhecimento, o vinho adquire a sua cor caracter\u00edstica com acento \u00e2mbar e aromas caracter\u00edsticos deste processo de oxida\u00e7\u00e3o.<\/p>\n<p>Revela-se um vinho muito elegante de nariz fresco, notas de mentol e nozes, caramelo e chocolate. Apresenta na boca um sabor encorpado com boa acidez queconfere-lhe frescura e um final longo.<\/p>\n<p>Pode ser consumido fresco como aperitivo ou no final da refei\u00e7\u00e3o, acompanhando queijos, sobremesas de chocolate preto ou frutos vermelhos. Deve ser servido entre 16 e 18\u00baC.<\/p>\n<\/p>\n<p>Produtor: Quinta da Pacheca<\/p>\n<p>Pa\u00eds: Portugal<\/p>\n<p>Regi\u00e3o: Douro<\/p>\n<p>Uva: Blend de diferentes castas tintas certificadas<\/p>\n<p>Garrafa: 20cl<\/p>\n<p>Teor Alcoolico: 19.5%<\/p>\n","protected":false},"excerpt":{"rendered":"<ul>\n<li>Produtor: Quinta da Pacheca<\/li>\n<li>Pa\u00eds: Portugal<\/li>\n<li>Regi\u00e3o: Douro<\/li>\n<li>Uva: Blend de diferentes castas tintas certificadas<\/li>\n<li>Garrafa: 200ml<\/li>\n<li>Teor Alcoolico: 19.5%<\/li>\n<\/ul>\n","protected":false},"author":43533,"featured_media":198360,"comment_status":"open","ping_status":"closed","template":"","meta":[],"pwb-brand":[],"product_brand":[],"product_cat":[9344,8289,8291,8431,8589],"product_tag":[],"class_list":{"0":"post-216208","1":"product","2":"type-product","3":"status-publish","4":"has-post-thumbnail","6":"product_cat-vinho-fortificado","7":"product_cat-inicio","8":"product_cat-produtos-portugueses","9":"product_cat-vinhos-pt-pt","10":"product_cat-porto","12":"first","13":"instock","14":"taxable","15":"shipping-taxable","16":"purchasable","17":"product-type-simple"},"aioseo_notices":[],"brands":[],"_links":{"self":[{"href":"https:\/\/www.delicias-uk.com\/pt-pt\/wp-json\/wp\/v2\/product\/216208","targetHints":{"allow":["GET"]}}],"collection":[{"href":"https:\/\/www.delicias-uk.com\/pt-pt\/wp-json\/wp\/v2\/product"}],"about":[{"href":"https:\/\/www.delicias-uk.com\/pt-pt\/wp-json\/wp\/v2\/types\/product"}],"author":[{"embeddable":true,"href":"https:\/\/www.delicias-uk.com\/pt-pt\/wp-json\/wp\/v2\/users\/43533"}],"replies":[{"embeddable":true,"href":"https:\/\/www.delicias-uk.com\/pt-pt\/wp-json\/wp\/v2\/comments?post=216208"}],"wp:featuredmedia":[{"embeddable":true,"href":"https:\/\/www.delicias-uk.com\/pt-pt\/wp-json\/wp\/v2\/media\/198360"}],"wp:attachment":[{"href":"https:\/\/www.delicias-uk.com\/pt-pt\/wp-json\/wp\/v2\/media?parent=216208"}],"wp:term":[{"taxonomy":"pwb-brand","embeddable":true,"href":"https:\/\/www.delicias-uk.com\/pt-pt\/wp-json\/wp\/v2\/pwb-brand?post=216208"},{"taxonomy":"product_brand","embeddable":true,"href":"https:\/\/www.delicias-uk.com\/pt-pt\/wp-json\/wp\/v2\/product_brand?post=216208"},{"taxonomy":"product_cat","embeddable":true,"href":"https:\/\/www.delicias-uk.com\/pt-pt\/wp-json\/wp\/v2\/product_cat?post=216208"},{"taxonomy":"product_tag","embeddable":true,"href":"https:\/\/www.delicias-uk.com\/pt-pt\/wp-json\/wp\/v2\/product_tag?post=216208"}],"curies":[{"name":"wp","href":"https:\/\/api.w.org\/{rel}","templated":true}]}}