{"id":216196,"date":"2023-04-18T16:26:37","date_gmt":"2023-04-18T16:26:37","guid":{"rendered":"https:\/\/www.delicias-uk.com\/product\/rosquinha-mabel-sabor-chocolate-300g\/"},"modified":"2026-04-07T13:51:31","modified_gmt":"2026-04-07T12:51:31","slug":"rosquinha-mabel-sabor-chocolate-300g","status":"publish","type":"product","link":"https:\/\/www.delicias-uk.com\/pt-pt\/produto\/rosquinha-mabel-sabor-chocolate-300g\/","title":{"rendered":"Rosquinha de Chocolate Mabel 300g"},"content":{"rendered":"<p>Rosquinhas Mabel s\u00e3o os biscoitos favoritos no Brasil, apreciados pelo irresist\u00edvel sabor caseiro. Elaborados com ingredientes cuidadosamente selecionados, s\u00e3o o complemento perfeito para caf\u00e9s da manh\u00e3 em fam\u00edlia, lanches e caf\u00e9 da tarde com entes queridos. Experimente!<\/p>\n<p>Mabel \u00e9 o biscoito mais vendido do Brasil!<\/p>\n","protected":false},"excerpt":{"rendered":"<ul>\n<li>Embalagem de 300g<\/li>\n<li>Sabor chocolate<\/li>\n<li>Mabel \u00e9 uma marca Brasileira<\/li>\n<\/ul>\n","protected":false},"author":43533,"featured_media":93368,"comment_status":"open","ping_status":"closed","template":"","meta":[],"pwb-brand":[],"product_brand":[],"product_cat":[8289,8293,8385,8473],"product_tag":[],"class_list":{"0":"post-216196","1":"product","2":"type-product","3":"status-publish","4":"has-post-thumbnail","6":"product_cat-inicio","7":"product_cat-produtos-brasileiros","8":"product_cat-confeitaria-pt-pt","9":"product_cat-bolachas-pt-pt","11":"first","12":"instock","13":"taxable","14":"shipping-taxable","15":"purchasable","16":"product-type-simple"},"aioseo_notices":[],"brands":[],"_links":{"self":[{"href":"https:\/\/www.delicias-uk.com\/pt-pt\/wp-json\/wp\/v2\/product\/216196","targetHints":{"allow":["GET"]}}],"collection":[{"href":"https:\/\/www.delicias-uk.com\/pt-pt\/wp-json\/wp\/v2\/product"}],"about":[{"href":"https:\/\/www.delicias-uk.com\/pt-pt\/wp-json\/wp\/v2\/types\/product"}],"author":[{"embeddable":true,"href":"https:\/\/www.delicias-uk.com\/pt-pt\/wp-json\/wp\/v2\/users\/43533"}],"replies":[{"embeddable":true,"href":"https:\/\/www.delicias-uk.com\/pt-pt\/wp-json\/wp\/v2\/comments?post=216196"}],"wp:featuredmedia":[{"embeddable":true,"href":"https:\/\/www.delicias-uk.com\/pt-pt\/wp-json\/wp\/v2\/media\/93368"}],"wp:attachment":[{"href":"https:\/\/www.delicias-uk.com\/pt-pt\/wp-json\/wp\/v2\/media?parent=216196"}],"wp:term":[{"taxonomy":"pwb-brand","embeddable":true,"href":"https:\/\/www.delicias-uk.com\/pt-pt\/wp-json\/wp\/v2\/pwb-brand?post=216196"},{"taxonomy":"product_brand","embeddable":true,"href":"https:\/\/www.delicias-uk.com\/pt-pt\/wp-json\/wp\/v2\/product_brand?post=216196"},{"taxonomy":"product_cat","embeddable":true,"href":"https:\/\/www.delicias-uk.com\/pt-pt\/wp-json\/wp\/v2\/product_cat?post=216196"},{"taxonomy":"product_tag","embeddable":true,"href":"https:\/\/www.delicias-uk.com\/pt-pt\/wp-json\/wp\/v2\/product_tag?post=216196"}],"curies":[{"name":"wp","href":"https:\/\/api.w.org\/{rel}","templated":true}]}}