{"id":216194,"date":"2023-04-17T17:33:34","date_gmt":"2023-04-17T16:33:34","guid":{"rendered":"https:\/\/www.delicias-uk.com\/product\/licor-de-amendoa-da-sogra-70cl\/"},"modified":"2026-02-27T12:26:35","modified_gmt":"2026-02-27T12:26:35","slug":"licor-de-amendoa-da-sogra-70cl","status":"publish","type":"product","link":"https:\/\/www.delicias-uk.com\/pt-pt\/produto\/licor-de-amendoa-da-sogra-70cl\/","title":{"rendered":"Licor De Am\u00eandoa Da Sogra 70cl"},"content":{"rendered":"<p>Este licor \u00e9 tradicionalmente consumido na forma de aperitivo, digestivo ou mesmo na composi\u00e7\u00e3o de cocktails. Para dar vida a este Licor foi importante encontrar uma marca provocadora, divertida, que desse que falar. Surgiu o nome de uma figura ic\u00f3nica de todas as fam\u00edlias: a Sogra. O elemento que tem sempre algo a dizer. Que \u00e0 primeira vista \u00e9 \u201camarga\u201d mas que depois se revela um doce!<\/p>\n<p>Toda a imagem da marca e r\u00f3tulo do produto foi constru\u00eddo a pensar na \u201cSogra\u201d, estando esta representada numa figura que transmite personalidade forte, modernidade e um tra\u00e7o de do\u00e7ura.<\/p>\n","protected":false},"excerpt":{"rendered":"<ul style=\"list-style-type:disc;\">\n<li>Licor de Am\u00eandoa<\/li>\n<li>16% de alcool<\/li>\n<\/ul>\n","protected":false},"author":43533,"featured_media":93364,"comment_status":"open","ping_status":"closed","template":"","meta":[],"pwb-brand":[],"product_brand":[],"product_cat":[8289,8291,8417,8509],"product_tag":[],"class_list":{"0":"post-216194","1":"product","2":"type-product","3":"status-publish","4":"has-post-thumbnail","6":"product_cat-inicio","7":"product_cat-produtos-portugueses","8":"product_cat-espirituosas-licor","9":"product_cat-licor","11":"first","12":"outofstock","13":"taxable","14":"shipping-taxable","15":"purchasable","16":"product-type-simple"},"aioseo_notices":[],"brands":[],"_links":{"self":[{"href":"https:\/\/www.delicias-uk.com\/pt-pt\/wp-json\/wp\/v2\/product\/216194","targetHints":{"allow":["GET"]}}],"collection":[{"href":"https:\/\/www.delicias-uk.com\/pt-pt\/wp-json\/wp\/v2\/product"}],"about":[{"href":"https:\/\/www.delicias-uk.com\/pt-pt\/wp-json\/wp\/v2\/types\/product"}],"author":[{"embeddable":true,"href":"https:\/\/www.delicias-uk.com\/pt-pt\/wp-json\/wp\/v2\/users\/43533"}],"replies":[{"embeddable":true,"href":"https:\/\/www.delicias-uk.com\/pt-pt\/wp-json\/wp\/v2\/comments?post=216194"}],"wp:featuredmedia":[{"embeddable":true,"href":"https:\/\/www.delicias-uk.com\/pt-pt\/wp-json\/wp\/v2\/media\/93364"}],"wp:attachment":[{"href":"https:\/\/www.delicias-uk.com\/pt-pt\/wp-json\/wp\/v2\/media?parent=216194"}],"wp:term":[{"taxonomy":"pwb-brand","embeddable":true,"href":"https:\/\/www.delicias-uk.com\/pt-pt\/wp-json\/wp\/v2\/pwb-brand?post=216194"},{"taxonomy":"product_brand","embeddable":true,"href":"https:\/\/www.delicias-uk.com\/pt-pt\/wp-json\/wp\/v2\/product_brand?post=216194"},{"taxonomy":"product_cat","embeddable":true,"href":"https:\/\/www.delicias-uk.com\/pt-pt\/wp-json\/wp\/v2\/product_cat?post=216194"},{"taxonomy":"product_tag","embeddable":true,"href":"https:\/\/www.delicias-uk.com\/pt-pt\/wp-json\/wp\/v2\/product_tag?post=216194"}],"curies":[{"name":"wp","href":"https:\/\/api.w.org\/{rel}","templated":true}]}}