{"id":216170,"date":"2023-04-06T13:24:40","date_gmt":"2023-04-06T12:24:40","guid":{"rendered":"https:\/\/www.delicias-uk.com\/product\/queijo-seia-vaca-amanteigado-300g\/"},"modified":"2026-04-10T17:51:38","modified_gmt":"2026-04-10T16:51:38","slug":"queijo-seia-vaca-amanteigado-300g","status":"publish","type":"product","link":"https:\/\/www.delicias-uk.com\/pt-pt\/produto\/queijo-seia-vaca-amanteigado-300g\/","title":{"rendered":"Queijo Amanteigado de Vaca Seia 300g"},"content":{"rendered":"<p>Um queijo com um toque mais suave, feito para o acompanhar a qualquer hora do ida.<\/p>\n<p>Ingredientes: Leite de Vaca Cru (Pa\u00eds de Ordenha: UE, pa\u00eds de Transforma\u00e7\u00e3o: Portugal), Sal, Coalho, Cloreto d e C\u00e1lcio, Fermentos L\u00e1cteos e Conservante: E252. Feito com leite cru \u2013 Casca n\u00e3o comest\u00edvel. Declara\u00e7\u00e3o Nutricional por 100g de produto: Energia: 1252 kJ\/302 kcal; L\u00edpidos: 24g, dos quais Saturados: 18g; Hidratos de Carbono: 3,4g, dos quais A\u00e7\u00facares: 1,2g; Prote\u00ednas: 18g, Sal: 2,3g. Conservar em local seco e fresco.<\/p>\n","protected":false},"excerpt":{"rendered":"<ul style=\"list-style-type:disc\">\n<li>Peso liquido 300g<\/li>\n<li>Queijo amanteigado de vaca<\/li>\n<li>Produto Portugues<\/li>\n<\/ul>\n","protected":false},"author":43533,"featured_media":93314,"comment_status":"open","ping_status":"closed","template":"","meta":[],"pwb-brand":[],"product_brand":[],"product_cat":[9322,9323,8289,8291,8487,8675],"product_tag":[],"class_list":{"0":"post-216170","1":"product","2":"type-product","3":"status-publish","4":"has-post-thumbnail","6":"product_cat-salgados-de-natal","7":"product_cat-selecao-de-queijos","8":"product_cat-inicio","9":"product_cat-produtos-portugueses","10":"product_cat-queijos","11":"product_cat-vaca-pt-pt","13":"first","14":"instock","15":"taxable","16":"shipping-taxable","17":"purchasable","18":"product-type-simple"},"aioseo_notices":[],"brands":[],"_links":{"self":[{"href":"https:\/\/www.delicias-uk.com\/pt-pt\/wp-json\/wp\/v2\/product\/216170","targetHints":{"allow":["GET"]}}],"collection":[{"href":"https:\/\/www.delicias-uk.com\/pt-pt\/wp-json\/wp\/v2\/product"}],"about":[{"href":"https:\/\/www.delicias-uk.com\/pt-pt\/wp-json\/wp\/v2\/types\/product"}],"author":[{"embeddable":true,"href":"https:\/\/www.delicias-uk.com\/pt-pt\/wp-json\/wp\/v2\/users\/43533"}],"replies":[{"embeddable":true,"href":"https:\/\/www.delicias-uk.com\/pt-pt\/wp-json\/wp\/v2\/comments?post=216170"}],"wp:featuredmedia":[{"embeddable":true,"href":"https:\/\/www.delicias-uk.com\/pt-pt\/wp-json\/wp\/v2\/media\/93314"}],"wp:attachment":[{"href":"https:\/\/www.delicias-uk.com\/pt-pt\/wp-json\/wp\/v2\/media?parent=216170"}],"wp:term":[{"taxonomy":"pwb-brand","embeddable":true,"href":"https:\/\/www.delicias-uk.com\/pt-pt\/wp-json\/wp\/v2\/pwb-brand?post=216170"},{"taxonomy":"product_brand","embeddable":true,"href":"https:\/\/www.delicias-uk.com\/pt-pt\/wp-json\/wp\/v2\/product_brand?post=216170"},{"taxonomy":"product_cat","embeddable":true,"href":"https:\/\/www.delicias-uk.com\/pt-pt\/wp-json\/wp\/v2\/product_cat?post=216170"},{"taxonomy":"product_tag","embeddable":true,"href":"https:\/\/www.delicias-uk.com\/pt-pt\/wp-json\/wp\/v2\/product_tag?post=216170"}],"curies":[{"name":"wp","href":"https:\/\/api.w.org\/{rel}","templated":true}]}}