{"id":216144,"date":"2023-03-30T13:25:22","date_gmt":"2023-03-30T12:25:22","guid":{"rendered":"https:\/\/www.delicias-uk.com\/product\/tiago-cabacocom-premium-2022-75cl-2\/"},"modified":"2026-02-24T11:54:14","modified_gmt":"2026-02-24T11:54:14","slug":"tiago-cabaco-com-premium-2023-75cl","status":"publish","type":"product","link":"https:\/\/www.delicias-uk.com\/pt-pt\/produto\/tiago-cabaco-com-premium-2023-75cl\/","title":{"rendered":"Tiago Caba\u00e7o.com Premium 2023 75cl"},"content":{"rendered":"<p data-start=\"123\" data-end=\"154\"><strong data-start=\"123\" data-end=\"152\">Tiago Caba\u00e7o .Com Premium<\/strong><\/p>\n<p data-start=\"156\" data-end=\"356\">Vinho tinto do Alentejo de cor rubi intensa. Frutado e expressivo, com notas marcantes de ameixa e pimenta preta. Estruturado, denso e equilibrado, com taninos suaves e final refrescante e vibrante.<\/p>\n<p data-start=\"358\" data-end=\"667\">Gra\u00e7as \u00e0 enorme diversidade de castas, as uvas s\u00e3o colhidas no ponto perfeito de matura\u00e7\u00e3o, garantindo equil\u00edbrio e vivacidade. A proximidade das vinhas \u00e0 adega, prensagens suaves, fermenta\u00e7\u00f5es a baixa temperatura e cubas de pequena capacidade refletem a aten\u00e7\u00e3o aos detalhes e os investimentos do produtor.<\/p>\n<p data-start=\"669\" data-end=\"905\"><strong data-start=\"669\" data-end=\"682\">Produtor:<\/strong> Tiago Caba\u00e7o<br data-start=\"695\" data-end=\"698\" \/><strong data-start=\"698\" data-end=\"709\">Regi\u00e3o:<\/strong> Alentejo, Portugal<br data-start=\"728\" data-end=\"731\" \/><strong data-start=\"731\" data-end=\"742\">Estilo:<\/strong> Vinho Tinto<br data-start=\"754\" data-end=\"757\" \/><strong data-start=\"757\" data-end=\"768\">Castas:<\/strong> Touriga Nacional, Aragonez, Trincadeira e Alicante Bouschet<br data-start=\"828\" data-end=\"831\" data-is-only-node=\"\" \/><strong data-start=\"831\" data-end=\"842\">Volume:<\/strong> 75cl<br data-start=\"847\" data-end=\"850\" \/><strong data-start=\"850\" data-end=\"861\">\u00c1lcool:<\/strong> 14%<br data-start=\"865\" data-end=\"868\" \/><strong data-start=\"868\" data-end=\"895\">Temperatura de Servi\u00e7o:<\/strong> 16\u201318\u00baC<\/p>\n","protected":false},"excerpt":{"rendered":"<ul style=\"list-style-type: disc;\">\n<li><strong data-start=\"669\" data-end=\"682\">Produtor:<\/strong> Tiago Caba\u00e7o<\/li>\n<li><strong data-start=\"698\" data-end=\"709\">Regi\u00e3o:<\/strong> Alentejo, Portugal<\/li>\n<li><strong data-start=\"731\" data-end=\"742\">Estilo:<\/strong> Vinho Tinto<\/li>\n<li><strong data-start=\"757\" data-end=\"768\">Castas:<\/strong> Touriga Nacional, Aragonez, Trincadeira e Alicante Bouschet<\/li>\n<li><strong data-start=\"831\" data-end=\"842\">Volume:<\/strong> 75cl<\/li>\n<li><strong data-start=\"850\" data-end=\"861\">\u00c1lcool:<\/strong> 14%<\/li>\n<li><strong data-start=\"868\" data-end=\"895\">Temperatura de Servi\u00e7o:<\/strong> 16\u201318\u00baC<\/li>\n<\/ul>\n","protected":false},"author":43533,"featured_media":234011,"comment_status":"open","ping_status":"closed","template":"","meta":[],"pwb-brand":[],"product_brand":[],"product_cat":[9348,8289,8291,8431,8449,8685],"product_tag":[9239,9237,9238],"class_list":{"0":"post-216144","1":"product","2":"type-product","3":"status-publish","4":"has-post-thumbnail","6":"product_cat-vinho-tinto-pt-pt-2","7":"product_cat-inicio","8":"product_cat-produtos-portugueses","9":"product_cat-vinhos-pt-pt","10":"product_cat-vinho-tinto","11":"product_cat-alentejo-pt-pt","12":"product_tag-alentejo-pt-pt","13":"product_tag-red-wine-pt-pt","14":"product_tag-wine-pt-pt","16":"first","17":"instock","18":"taxable","19":"shipping-taxable","20":"purchasable","21":"product-type-simple"},"aioseo_notices":[],"brands":[],"_links":{"self":[{"href":"https:\/\/www.delicias-uk.com\/pt-pt\/wp-json\/wp\/v2\/product\/216144","targetHints":{"allow":["GET"]}}],"collection":[{"href":"https:\/\/www.delicias-uk.com\/pt-pt\/wp-json\/wp\/v2\/product"}],"about":[{"href":"https:\/\/www.delicias-uk.com\/pt-pt\/wp-json\/wp\/v2\/types\/product"}],"author":[{"embeddable":true,"href":"https:\/\/www.delicias-uk.com\/pt-pt\/wp-json\/wp\/v2\/users\/43533"}],"replies":[{"embeddable":true,"href":"https:\/\/www.delicias-uk.com\/pt-pt\/wp-json\/wp\/v2\/comments?post=216144"}],"wp:featuredmedia":[{"embeddable":true,"href":"https:\/\/www.delicias-uk.com\/pt-pt\/wp-json\/wp\/v2\/media\/234011"}],"wp:attachment":[{"href":"https:\/\/www.delicias-uk.com\/pt-pt\/wp-json\/wp\/v2\/media?parent=216144"}],"wp:term":[{"taxonomy":"pwb-brand","embeddable":true,"href":"https:\/\/www.delicias-uk.com\/pt-pt\/wp-json\/wp\/v2\/pwb-brand?post=216144"},{"taxonomy":"product_brand","embeddable":true,"href":"https:\/\/www.delicias-uk.com\/pt-pt\/wp-json\/wp\/v2\/product_brand?post=216144"},{"taxonomy":"product_cat","embeddable":true,"href":"https:\/\/www.delicias-uk.com\/pt-pt\/wp-json\/wp\/v2\/product_cat?post=216144"},{"taxonomy":"product_tag","embeddable":true,"href":"https:\/\/www.delicias-uk.com\/pt-pt\/wp-json\/wp\/v2\/product_tag?post=216144"}],"curies":[{"name":"wp","href":"https:\/\/api.w.org\/{rel}","templated":true}]}}