{"id":216124,"date":"2023-03-21T09:39:17","date_gmt":"2023-03-21T09:39:17","guid":{"rendered":"https:\/\/www.delicias-uk.com\/product\/alheira-de-peru-prisca-180g\/"},"modified":"2026-04-19T11:02:19","modified_gmt":"2026-04-19T10:02:19","slug":"alheira-de-peru-prisca-180g","status":"publish","type":"product","link":"https:\/\/www.delicias-uk.com\/pt-pt\/produto\/alheira-de-peru-prisca-180g\/","title":{"rendered":"Alheira de Peru Prisca 180g"},"content":{"rendered":"<p>A Casa da Prisca melhorou o sabor das suas Alheiras com o saber-fazer transmitido de gera\u00e7\u00e3o em gera\u00e7\u00e3o. Apresentamos-lhe um leque de paladares \u00fanicos com um forte sabor a Portugal, \u00e0 sua hist\u00f3ria e \u00e0s suas gentes. Surpreenda os seus convidados com a premiada Alheira de Peru da Casa da Prisca. Coloque-o sob um fio de azeite bem quente em lume muito brando ou experimente ass\u00e1-lo na brasa ou no forno.<\/p>\n<p><strong>Ingredientes<\/strong>: Carne de peru (43%), p\u00e3o de trigo (farinha de trigo, \u00e1gua, sal, fermento), \u00e1gua, azeite, cebola, sal, alho, dextrose, regulador de acidez (E260, E270), conservante (E200, E215), antioxidante (E330, E334).<\/p>\n<p><strong>Alerg\u00e9nios<\/strong>: cont\u00e9m <strong>GL\u00daTEN<\/strong>.<\/p>\n<p><strong>Informa\u00e7\u00e3o nutricional por 100g:<\/strong><\/p>\n<ul style=\"list-style-type:disc;\">\n<li>Valor energ\u00e9tico (Kj\/ Kcal): 864\/206<\/li>\n<li>L\u00edpidos (g): 8,9<\/li>\n<li>Dos quais saturados (g): 3,5<\/li>\n<li>Hidratos de carbono (g): 14<\/li>\n<li>Dos quais a\u00e7\u00facares (g): 1,3<\/li>\n<li>Fibras Alimentares (g): N.D.<\/li>\n<li>Prote\u00ednas (g): 16,4<\/li>\n<li>Sal (g): 1,3<\/li>\n<\/ul>\n<p><strong>Pa\u00eds de origem<\/strong>: Portugal.<\/p>\n","protected":false},"excerpt":{"rendered":"<ul style=\"list-style-type:disc;\">\n<li>Peso l\u00edquido 180g<\/li>\n<li>Feito de peru<\/li>\n<li>Fonte de prote\u00edna<\/li>\n<\/ul>\n","protected":false},"author":43533,"featured_media":93225,"comment_status":"open","ping_status":"closed","template":"","meta":[],"pwb-brand":[],"product_brand":[],"product_cat":[8289,8291,8337,8659],"product_tag":[],"class_list":{"0":"post-216124","1":"product","2":"type-product","3":"status-publish","4":"has-post-thumbnail","6":"product_cat-inicio","7":"product_cat-produtos-portugueses","8":"product_cat-charcutaria","9":"product_cat-alheira-farinheira-morcela","11":"first","12":"instock","13":"taxable","14":"shipping-taxable","15":"purchasable","16":"product-type-simple"},"aioseo_notices":[],"brands":[],"_links":{"self":[{"href":"https:\/\/www.delicias-uk.com\/pt-pt\/wp-json\/wp\/v2\/product\/216124","targetHints":{"allow":["GET"]}}],"collection":[{"href":"https:\/\/www.delicias-uk.com\/pt-pt\/wp-json\/wp\/v2\/product"}],"about":[{"href":"https:\/\/www.delicias-uk.com\/pt-pt\/wp-json\/wp\/v2\/types\/product"}],"author":[{"embeddable":true,"href":"https:\/\/www.delicias-uk.com\/pt-pt\/wp-json\/wp\/v2\/users\/43533"}],"replies":[{"embeddable":true,"href":"https:\/\/www.delicias-uk.com\/pt-pt\/wp-json\/wp\/v2\/comments?post=216124"}],"wp:featuredmedia":[{"embeddable":true,"href":"https:\/\/www.delicias-uk.com\/pt-pt\/wp-json\/wp\/v2\/media\/93225"}],"wp:attachment":[{"href":"https:\/\/www.delicias-uk.com\/pt-pt\/wp-json\/wp\/v2\/media?parent=216124"}],"wp:term":[{"taxonomy":"pwb-brand","embeddable":true,"href":"https:\/\/www.delicias-uk.com\/pt-pt\/wp-json\/wp\/v2\/pwb-brand?post=216124"},{"taxonomy":"product_brand","embeddable":true,"href":"https:\/\/www.delicias-uk.com\/pt-pt\/wp-json\/wp\/v2\/product_brand?post=216124"},{"taxonomy":"product_cat","embeddable":true,"href":"https:\/\/www.delicias-uk.com\/pt-pt\/wp-json\/wp\/v2\/product_cat?post=216124"},{"taxonomy":"product_tag","embeddable":true,"href":"https:\/\/www.delicias-uk.com\/pt-pt\/wp-json\/wp\/v2\/product_tag?post=216124"}],"curies":[{"name":"wp","href":"https:\/\/api.w.org\/{rel}","templated":true}]}}