{"id":216122,"date":"2023-03-20T15:11:28","date_gmt":"2023-03-20T15:11:28","guid":{"rendered":"https:\/\/www.delicias-uk.com\/product\/goiabada-predilecta-cascao-flow-pack-350gr-x-1-5\/"},"modified":"2026-02-27T12:25:23","modified_gmt":"2026-02-27T12:25:23","slug":"goiabada-predilecta-cascao-flow-pack-350gr-x-1-5","status":"publish","type":"product","link":"https:\/\/www.delicias-uk.com\/pt-pt\/produto\/goiabada-predilecta-cascao-flow-pack-350gr-x-1-5\/","title":{"rendered":"Goiabada Casc\u00e3o em Barra Val Flow-Pack 400g"},"content":{"rendered":"<p class=\"MsoNormal\"><span lang=\"pt\" style=\"letter-spacing:0.45pt;background:#FFFFFF;\" xml:lang=\"pt\">A goiaba \u00e9 parte integrante da cultura brasileira. <\/span><span lang=\"pt\" style=\"letter-spacing:0.45pt;background:#FFFFFF;\" xml:lang=\"pt\"><\/span><\/p>\n<p class=\"MsoNormal\"><span lang=\"pt\" style=\"letter-spacing:0.45pt;background:#FFFFFF;\" xml:lang=\"pt\">A goiabada Val \u00e9 um produto de alta qualidade. O sabor da goiaba madura \u00e9 doce e arom\u00e1tico. Sua consist\u00eancia \u00e9 espessa. Ado\u00e7a a vida.<\/span><span lang=\"pt\" style=\"letter-spacing:0.45pt;background:#FFFFFF;\" xml:lang=\"pt\"><\/span><\/p>\n<p class=\"MsoNormal\"><span lang=\"pt\" xml:lang=\"pt\">Ingredientes: Goiaba, a\u00e7\u00facar, acidulante \u00e1cido c\u00edtrico e espessante pectina. <\/span><\/p>\n<p class=\"MsoNormal\"><span lang=\"pt\" xml:lang=\"pt\">N\u00c3O CONT\u00c9M GL\u00daTEN.<\/span><\/p><\/p>\n","protected":false},"excerpt":{"rendered":"<p class=\"MsoNormal\"><span lang=\"pt\" style=\"letter-spacing:0.45pt;background:#FFFFFF;\" xml:lang=\"pt\">. goiabada cascao em barra<\/span><span lang=\"pt\" style=\"letter-spacing:0.45pt;background:#FFFFFF;\" xml:lang=\"pt\"><\/span><\/p>\n<p class=\"MsoNormal\"><span lang=\"pt\" style=\"letter-spacing:0.45pt;background:#FFFFFF;\" xml:lang=\"pt\">. apropriada para sobremesa<\/span><span lang=\"pt\" style=\"letter-spacing:0.45pt;background:#FFFFFF;\" xml:lang=\"pt\"><\/span><\/p>\n<p class=\"MsoNormal\"><span lang=\"pt\" style=\"letter-spacing:0.45pt;background:#FFFFFF;\" xml:lang=\"pt\">. consist\u00eancia espessa<\/span><\/p>\n<p class=\"MsoNormal\"><span lang=\"pt\" style=\"letter-spacing:0.45pt;background:#FFFFFF;\" xml:lang=\"pt\">. nao contem gluten<\/span><\/p><\/p>\n","protected":false},"author":43533,"featured_media":93220,"comment_status":"open","ping_status":"closed","template":"","meta":[],"pwb-brand":[],"product_brand":[],"product_cat":[8289,8293,8385,8597],"product_tag":[],"class_list":{"0":"post-216122","1":"product","2":"type-product","3":"status-publish","4":"has-post-thumbnail","6":"product_cat-inicio","7":"product_cat-produtos-brasileiros","8":"product_cat-confeitaria-pt-pt","9":"product_cat-doces-tradicionais-amendoim","11":"first","12":"instock","13":"taxable","14":"shipping-taxable","15":"purchasable","16":"product-type-simple"},"aioseo_notices":[],"brands":[],"_links":{"self":[{"href":"https:\/\/www.delicias-uk.com\/pt-pt\/wp-json\/wp\/v2\/product\/216122","targetHints":{"allow":["GET"]}}],"collection":[{"href":"https:\/\/www.delicias-uk.com\/pt-pt\/wp-json\/wp\/v2\/product"}],"about":[{"href":"https:\/\/www.delicias-uk.com\/pt-pt\/wp-json\/wp\/v2\/types\/product"}],"author":[{"embeddable":true,"href":"https:\/\/www.delicias-uk.com\/pt-pt\/wp-json\/wp\/v2\/users\/43533"}],"replies":[{"embeddable":true,"href":"https:\/\/www.delicias-uk.com\/pt-pt\/wp-json\/wp\/v2\/comments?post=216122"}],"wp:featuredmedia":[{"embeddable":true,"href":"https:\/\/www.delicias-uk.com\/pt-pt\/wp-json\/wp\/v2\/media\/93220"}],"wp:attachment":[{"href":"https:\/\/www.delicias-uk.com\/pt-pt\/wp-json\/wp\/v2\/media?parent=216122"}],"wp:term":[{"taxonomy":"pwb-brand","embeddable":true,"href":"https:\/\/www.delicias-uk.com\/pt-pt\/wp-json\/wp\/v2\/pwb-brand?post=216122"},{"taxonomy":"product_brand","embeddable":true,"href":"https:\/\/www.delicias-uk.com\/pt-pt\/wp-json\/wp\/v2\/product_brand?post=216122"},{"taxonomy":"product_cat","embeddable":true,"href":"https:\/\/www.delicias-uk.com\/pt-pt\/wp-json\/wp\/v2\/product_cat?post=216122"},{"taxonomy":"product_tag","embeddable":true,"href":"https:\/\/www.delicias-uk.com\/pt-pt\/wp-json\/wp\/v2\/product_tag?post=216122"}],"curies":[{"name":"wp","href":"https:\/\/api.w.org\/{rel}","templated":true}]}}