{"id":216118,"date":"2023-03-20T14:54:07","date_gmt":"2023-03-20T14:54:07","guid":{"rendered":"https:\/\/www.delicias-uk.com\/product\/goiabada-predilecta-cascao-flow-pack-350gr-x-1-4\/"},"modified":"2025-02-06T17:22:22","modified_gmt":"2025-02-06T17:22:22","slug":"goiabada-predilecta-cascao-flow-pack-350gr-x-1-4","status":"publish","type":"product","link":"https:\/\/www.delicias-uk.com\/pt-pt\/produto\/goiabada-predilecta-cascao-flow-pack-350gr-x-1-4\/","title":{"rendered":"Goiabada Cremosa Val Frasco 400g"},"content":{"rendered":"<p class=\"MsoNormal\"><span lang=\"pt\" style=\"color:#000000;letter-spacing:0.45pt;background:#FFFFFF;\" xml:lang=\"pt\">A goiaba \u00e9 parte integrante da cultura brasileira. <\/span><span lang=\"pt\" style=\"letter-spacing:0.45pt;background:#FFFFFF;\" xml:lang=\"pt\"><\/span><\/p>\n<\/p>\n<p class=\"MsoNormal\"><span lang=\"pt\" style=\"color:#000000;letter-spacing:0.45pt;background:#FFFFFF;\" xml:lang=\"pt\">A goiabada cremosa Val \u00e9 um produto de alta qualidade e \u00e9 apropriada para o recheio de bolos e doces, ou simplesmente com p\u00e3o ou biscoitos para o caf\u00e9 da tarde. O sabor da goiaba madura \u00e9 doce e arom\u00e1tico. Sua consist\u00eancia \u00e9 cremosa e espessa. Ado\u00e7a a vida.<\/span><span lang=\"pt\" style=\"color:#000000;background:#FAFBFC;\" xml:lang=\"pt\"><\/span><\/p><\/p>\n","protected":false},"excerpt":{"rendered":"<p class=\"MsoNormal\"><span lang=\"pt\" style=\"color:#000000;letter-spacing:0.45pt;background:#FFFFFF;\" xml:lang=\"pt\">. goiabada cremosa<\/span><span lang=\"pt\" style=\"letter-spacing:0.45pt;background:#FFFFFF;\" xml:lang=\"pt\"><\/span><\/p>\n<p class=\"MsoNormal\"><span lang=\"pt\" style=\"color:#000000;letter-spacing:0.45pt;background:#FFFFFF;\" xml:lang=\"pt\">. apropriada para recheio<\/span><span lang=\"pt\" style=\"letter-spacing:0.45pt;background:#FFFFFF;\" xml:lang=\"pt\"><\/span><\/p>\n<p class=\"MsoNormal\"><span lang=\"pt\" style=\"color:#000000;letter-spacing:0.45pt;background:#FFFFFF;\" xml:lang=\"pt\">. consist\u00eancia cremosa e espessa<\/span><span lang=\"pt\" style=\"color:#000000;background:#FAFBFC;\" xml:lang=\"pt\"><\/span><\/p><\/p>\n","protected":false},"author":43533,"featured_media":93212,"comment_status":"open","ping_status":"closed","template":"","meta":[],"pwb-brand":[],"product_brand":[],"product_cat":[8289,8293,8385,8597],"product_tag":[],"class_list":{"0":"post-216118","1":"product","2":"type-product","3":"status-publish","4":"has-post-thumbnail","6":"product_cat-inicio","7":"product_cat-produtos-brasileiros","8":"product_cat-confeitaria-pt-pt","9":"product_cat-doces-tradicionais-amendoim","11":"first","12":"instock","13":"taxable","14":"shipping-taxable","15":"purchasable","16":"product-type-simple"},"aioseo_notices":[],"brands":[],"_links":{"self":[{"href":"https:\/\/www.delicias-uk.com\/pt-pt\/wp-json\/wp\/v2\/product\/216118","targetHints":{"allow":["GET"]}}],"collection":[{"href":"https:\/\/www.delicias-uk.com\/pt-pt\/wp-json\/wp\/v2\/product"}],"about":[{"href":"https:\/\/www.delicias-uk.com\/pt-pt\/wp-json\/wp\/v2\/types\/product"}],"author":[{"embeddable":true,"href":"https:\/\/www.delicias-uk.com\/pt-pt\/wp-json\/wp\/v2\/users\/43533"}],"replies":[{"embeddable":true,"href":"https:\/\/www.delicias-uk.com\/pt-pt\/wp-json\/wp\/v2\/comments?post=216118"}],"wp:featuredmedia":[{"embeddable":true,"href":"https:\/\/www.delicias-uk.com\/pt-pt\/wp-json\/wp\/v2\/media\/93212"}],"wp:attachment":[{"href":"https:\/\/www.delicias-uk.com\/pt-pt\/wp-json\/wp\/v2\/media?parent=216118"}],"wp:term":[{"taxonomy":"pwb-brand","embeddable":true,"href":"https:\/\/www.delicias-uk.com\/pt-pt\/wp-json\/wp\/v2\/pwb-brand?post=216118"},{"taxonomy":"product_brand","embeddable":true,"href":"https:\/\/www.delicias-uk.com\/pt-pt\/wp-json\/wp\/v2\/product_brand?post=216118"},{"taxonomy":"product_cat","embeddable":true,"href":"https:\/\/www.delicias-uk.com\/pt-pt\/wp-json\/wp\/v2\/product_cat?post=216118"},{"taxonomy":"product_tag","embeddable":true,"href":"https:\/\/www.delicias-uk.com\/pt-pt\/wp-json\/wp\/v2\/product_tag?post=216118"}],"curies":[{"name":"wp","href":"https:\/\/api.w.org\/{rel}","templated":true}]}}