{"id":216104,"date":"2023-03-10T11:28:58","date_gmt":"2023-03-10T11:28:58","guid":{"rendered":"https:\/\/www.delicias-uk.com\/product\/vinho-branco-gazela-75cl\/"},"modified":"2025-02-06T17:22:12","modified_gmt":"2025-02-06T17:22:12","slug":"vinho-branco-gazela-75cl","status":"publish","type":"product","link":"https:\/\/www.delicias-uk.com\/pt-pt\/produto\/vinho-branco-gazela-75cl\/","title":{"rendered":"Gazela 75cl"},"content":{"rendered":"<p class=\"MsoNormal\" style=\"line-height:105%;\"><span lang=\"pt-br\" xml:lang=\"pt-br\">Apresenta uma cor amarela citrina muito clara, com uma ligeira efervesc\u00eancia que real\u00e7a o seu bouquet, sabores e frescura. Arom\u00e1tico e envolvente, Gazela junta \u00e0s suas notas de citrinos e frutos tropicais uma acidez viva e estimulante, muito bem equilibrada por um ligeiro toque de a\u00e7\u00facar. O produto final \u00e9 um vinho simples, vers\u00e1til e muito atrativo.<\/span><\/p>\n","protected":false},"excerpt":{"rendered":"<ul>\n<li>Garrafa tamanho 75cl<\/li>\n<li>Vinho Branco<\/li>\n<li>Alc. 9%<\/li>\n<\/ul>\n","protected":false},"author":43533,"featured_media":68714,"comment_status":"open","ping_status":"closed","template":"","meta":[],"pwb-brand":[],"product_brand":[],"product_cat":[8289,8291,8431,8489,8881],"product_tag":[],"class_list":{"0":"post-216104","1":"product","2":"type-product","3":"status-publish","4":"has-post-thumbnail","6":"product_cat-inicio","7":"product_cat-produtos-portugueses","8":"product_cat-vinhos-pt-pt","9":"product_cat-vinho-branco","10":"product_cat-minho-pt-pt-vinho-branco","12":"first","13":"outofstock","14":"taxable","15":"shipping-taxable","16":"purchasable","17":"product-type-simple"},"aioseo_notices":[],"brands":[],"_links":{"self":[{"href":"https:\/\/www.delicias-uk.com\/pt-pt\/wp-json\/wp\/v2\/product\/216104","targetHints":{"allow":["GET"]}}],"collection":[{"href":"https:\/\/www.delicias-uk.com\/pt-pt\/wp-json\/wp\/v2\/product"}],"about":[{"href":"https:\/\/www.delicias-uk.com\/pt-pt\/wp-json\/wp\/v2\/types\/product"}],"author":[{"embeddable":true,"href":"https:\/\/www.delicias-uk.com\/pt-pt\/wp-json\/wp\/v2\/users\/43533"}],"replies":[{"embeddable":true,"href":"https:\/\/www.delicias-uk.com\/pt-pt\/wp-json\/wp\/v2\/comments?post=216104"}],"wp:featuredmedia":[{"embeddable":true,"href":"https:\/\/www.delicias-uk.com\/pt-pt\/wp-json\/wp\/v2\/media\/68714"}],"wp:attachment":[{"href":"https:\/\/www.delicias-uk.com\/pt-pt\/wp-json\/wp\/v2\/media?parent=216104"}],"wp:term":[{"taxonomy":"pwb-brand","embeddable":true,"href":"https:\/\/www.delicias-uk.com\/pt-pt\/wp-json\/wp\/v2\/pwb-brand?post=216104"},{"taxonomy":"product_brand","embeddable":true,"href":"https:\/\/www.delicias-uk.com\/pt-pt\/wp-json\/wp\/v2\/product_brand?post=216104"},{"taxonomy":"product_cat","embeddable":true,"href":"https:\/\/www.delicias-uk.com\/pt-pt\/wp-json\/wp\/v2\/product_cat?post=216104"},{"taxonomy":"product_tag","embeddable":true,"href":"https:\/\/www.delicias-uk.com\/pt-pt\/wp-json\/wp\/v2\/product_tag?post=216104"}],"curies":[{"name":"wp","href":"https:\/\/api.w.org\/{rel}","templated":true}]}}