{"id":216098,"date":"2023-03-10T10:15:41","date_gmt":"2023-03-10T10:15:41","guid":{"rendered":"https:\/\/www.delicias-uk.com\/product\/longueirao-inteiro-ultracongelado-gelpeixe-400g\/"},"modified":"2023-03-10T10:15:41","modified_gmt":"2023-03-10T10:15:41","slug":"longueirao-inteiro-ultracongelado-gelpeixe-400g","status":"publish","type":"product","link":"https:\/\/www.delicias-uk.com\/pt-pt\/produto\/longueirao-inteiro-ultracongelado-gelpeixe-400g\/","title":{"rendered":"Longueir\u00e3o Inteiro Ultracongelado Gelpeixe 400g"},"content":{"rendered":"<p class=\"MsoNormal\" style=\"margin-bottom:10pt;line-height:115%;\"><span lang=\"pt-br\" xml:lang=\"pt-br\">S\u00e3o moluscos bivalves, que se encontram protegidas por duas conchas articuladas num ponto. De composi\u00e7\u00e3o sememelhante \u00e1 carne e ao peixe, os bivalves possuem, no entanto, menor quantidade de prote\u00ednas (8-13%) e um teor baixo de gordura (0,7-1,7%). Ricos em ferro, fornecem ainda algumas vitaminas B1 e B2 e o mexilh\u00e3o \u00e9 muito rico em vitamina A.<\/span><\/p><\/p>\n","protected":false},"excerpt":{"rendered":"<ul>\n<li>Embalagem de 400g<\/li>\n<li>Produto congelado<\/li>\n<li>Da Gelpeixe, uma empresa Portuguesa<\/li>\n<\/ul>\n","protected":false},"author":43533,"featured_media":93168,"comment_status":"open","ping_status":"closed","template":"","meta":[],"pwb-brand":[],"product_brand":[],"product_cat":[8289,8305,8419],"product_tag":[],"class_list":{"0":"post-216098","1":"product","2":"type-product","3":"status-publish","4":"has-post-thumbnail","6":"product_cat-inicio","7":"product_cat-produtos-congelados","8":"product_cat-frutos-do-mar-congelado","10":"first","11":"outofstock","12":"taxable","13":"shipping-taxable","14":"purchasable","15":"product-type-simple"},"aioseo_notices":[],"brands":[],"_links":{"self":[{"href":"https:\/\/www.delicias-uk.com\/pt-pt\/wp-json\/wp\/v2\/product\/216098","targetHints":{"allow":["GET"]}}],"collection":[{"href":"https:\/\/www.delicias-uk.com\/pt-pt\/wp-json\/wp\/v2\/product"}],"about":[{"href":"https:\/\/www.delicias-uk.com\/pt-pt\/wp-json\/wp\/v2\/types\/product"}],"author":[{"embeddable":true,"href":"https:\/\/www.delicias-uk.com\/pt-pt\/wp-json\/wp\/v2\/users\/43533"}],"replies":[{"embeddable":true,"href":"https:\/\/www.delicias-uk.com\/pt-pt\/wp-json\/wp\/v2\/comments?post=216098"}],"wp:featuredmedia":[{"embeddable":true,"href":"https:\/\/www.delicias-uk.com\/pt-pt\/wp-json\/wp\/v2\/media\/93168"}],"wp:attachment":[{"href":"https:\/\/www.delicias-uk.com\/pt-pt\/wp-json\/wp\/v2\/media?parent=216098"}],"wp:term":[{"taxonomy":"pwb-brand","embeddable":true,"href":"https:\/\/www.delicias-uk.com\/pt-pt\/wp-json\/wp\/v2\/pwb-brand?post=216098"},{"taxonomy":"product_brand","embeddable":true,"href":"https:\/\/www.delicias-uk.com\/pt-pt\/wp-json\/wp\/v2\/product_brand?post=216098"},{"taxonomy":"product_cat","embeddable":true,"href":"https:\/\/www.delicias-uk.com\/pt-pt\/wp-json\/wp\/v2\/product_cat?post=216098"},{"taxonomy":"product_tag","embeddable":true,"href":"https:\/\/www.delicias-uk.com\/pt-pt\/wp-json\/wp\/v2\/product_tag?post=216098"}],"curies":[{"name":"wp","href":"https:\/\/api.w.org\/{rel}","templated":true}]}}