{"id":216096,"date":"2023-03-08T16:42:12","date_gmt":"2023-03-08T16:42:12","guid":{"rendered":"https:\/\/www.delicias-uk.com\/product\/salsicha-calabresa-defumada-prisca-saqueta-280g\/"},"modified":"2026-01-26T11:18:53","modified_gmt":"2026-01-26T11:18:53","slug":"salsicha-calabresa-defumada-prisca-saqueta-280g","status":"publish","type":"product","link":"https:\/\/www.delicias-uk.com\/pt-pt\/produto\/salsicha-calabresa-defumada-prisca-saqueta-280g\/","title":{"rendered":"Salsicha Calabresa Defumada Prisca Saqueta 280g"},"content":{"rendered":"<p>Excelente salsicha de churrasco elaborada a partir de uma sele\u00e7\u00e3o das carnes mais tenras e saborosas. Apresenta-se como uma excelente op\u00e7\u00e3o para complementar os seus grelhados e churrascos, dando ainda mais sabor aos seus pratos. \u00c9 um produto muito vers\u00e1til, podendo ser utilizado em entradas cortadas em fatias grossas ou como elemento de prato principal, onde poder\u00e1 preparar refei\u00e7\u00f5es r\u00e1pidas e saborosas.<\/p>\n<p><strong>Ingredientes<\/strong>: carne de porco, gordura de porco, amido, especiarias, sal, prote\u00edna de soja, antioxidante (E301, E331, E326), a\u00e7\u00facar, pimenta calabresa (0,32%), emulsionantes (E450, E451), intensificador de sabor (E621), espessante (E407), regulador de acidez (E262), conservante (E250) e corante (E120)<\/p>\n<p><strong>Alerg\u00e9nios<\/strong>: nenhum<\/p>\n<p><strong>Informa\u00e7\u00e3o nutricional por 100g:<\/strong><\/p>\n<ul style=\"list-style-type: disc;\">\n<li>Valor Energ\u00e9tico (Kj\/ Kcal) | 1608\/388<\/li>\n<li>L\u00edpidos (g) | 32,30<\/li>\n<li>Dos quais saturados (g) | 14,40<\/li>\n<li>Hidratos de carbono (g) | 8,00<\/li>\n<li>Dos quais a\u00e7\u00facares (g) | 0,30<\/li>\n<li>Fibras alimentares (g) | 1,00<\/li>\n<li>Prote\u00ednas (g) | 15,80<\/li>\n<li>Sal (g) | 2,03<\/li>\n<\/ul>\n<p><strong>Pa\u00eds de origem<\/strong>: Portugal<\/p>\n","protected":false},"excerpt":{"rendered":"<ul style=\"list-style-type: disc;\">\n<li>Peso l\u00edquido 280g<\/li>\n<li>Excelente para churascos e grelhados<\/li>\n<li>Feita com carnes selecionadas<\/li>\n<\/ul>\n","protected":false},"author":43533,"featured_media":93161,"comment_status":"open","ping_status":"closed","template":"","meta":[],"pwb-brand":[],"product_brand":[],"product_cat":[8289,8291,8337,8663],"product_tag":[],"class_list":{"0":"post-216096","1":"product","2":"type-product","3":"status-publish","4":"has-post-thumbnail","6":"product_cat-inicio","7":"product_cat-produtos-portugueses","8":"product_cat-charcutaria","9":"product_cat-chourico-e-salsicha","11":"first","12":"instock","13":"taxable","14":"shipping-taxable","15":"purchasable","16":"product-type-simple"},"aioseo_notices":[],"brands":[],"_links":{"self":[{"href":"https:\/\/www.delicias-uk.com\/pt-pt\/wp-json\/wp\/v2\/product\/216096","targetHints":{"allow":["GET"]}}],"collection":[{"href":"https:\/\/www.delicias-uk.com\/pt-pt\/wp-json\/wp\/v2\/product"}],"about":[{"href":"https:\/\/www.delicias-uk.com\/pt-pt\/wp-json\/wp\/v2\/types\/product"}],"author":[{"embeddable":true,"href":"https:\/\/www.delicias-uk.com\/pt-pt\/wp-json\/wp\/v2\/users\/43533"}],"replies":[{"embeddable":true,"href":"https:\/\/www.delicias-uk.com\/pt-pt\/wp-json\/wp\/v2\/comments?post=216096"}],"wp:featuredmedia":[{"embeddable":true,"href":"https:\/\/www.delicias-uk.com\/pt-pt\/wp-json\/wp\/v2\/media\/93161"}],"wp:attachment":[{"href":"https:\/\/www.delicias-uk.com\/pt-pt\/wp-json\/wp\/v2\/media?parent=216096"}],"wp:term":[{"taxonomy":"pwb-brand","embeddable":true,"href":"https:\/\/www.delicias-uk.com\/pt-pt\/wp-json\/wp\/v2\/pwb-brand?post=216096"},{"taxonomy":"product_brand","embeddable":true,"href":"https:\/\/www.delicias-uk.com\/pt-pt\/wp-json\/wp\/v2\/product_brand?post=216096"},{"taxonomy":"product_cat","embeddable":true,"href":"https:\/\/www.delicias-uk.com\/pt-pt\/wp-json\/wp\/v2\/product_cat?post=216096"},{"taxonomy":"product_tag","embeddable":true,"href":"https:\/\/www.delicias-uk.com\/pt-pt\/wp-json\/wp\/v2\/product_tag?post=216096"}],"curies":[{"name":"wp","href":"https:\/\/api.w.org\/{rel}","templated":true}]}}