{"id":216092,"date":"2023-03-08T16:17:58","date_gmt":"2023-03-08T16:17:58","guid":{"rendered":"https:\/\/www.delicias-uk.com\/product\/presunto-tradicional-prisca-em-nacos-400g\/"},"modified":"2026-02-23T14:01:42","modified_gmt":"2026-02-23T14:01:42","slug":"presunto-tradicional-prisca-em-nacos-400g","status":"publish","type":"product","link":"https:\/\/www.delicias-uk.com\/pt-pt\/produto\/presunto-tradicional-prisca-em-nacos-400g\/","title":{"rendered":"Presunto Tradicional Prisca em Nacos 400g"},"content":{"rendered":"<p>Os Presuntos Casa da Prisca resultam de uma alquimia de saberes e sabores e s\u00e3o uma heran\u00e7a familiar transmitida ao longo de v\u00e1rias gera\u00e7\u00f5es. O seu sabor genu\u00edno \u00e9 o resultado da sele\u00e7\u00e3o criteriosa das mat\u00e9rias-primas e do controlo paciente dos processos de salga e cura. Por terem um baixo teor de sal, s\u00e3o um excelente aperitivo requintado para a sua mesa. A utiliza\u00e7\u00e3o desta maravilha de sabor \u00e9 t\u00e3o infinita como a imagina\u00e7\u00e3o e o bom gosto de quem opta por incluir estes tesouros da gastronomia portuguesa nas suas viagens culin\u00e1rias.<\/p>\n<p><strong>Ingredientes<\/strong>: Carne de porco (fiambre) (97,4%), sal, dextrose, Conservantes (E252, E250)<\/p>\n<p><strong>Alerg\u00e9nios<\/strong>: nenhum<\/p>\n<p><strong>Informa\u00e7\u00e3o nutricional por 100g:<\/strong><\/p>\n<ul style=\"list-style-type:disc;\">\n<li>Valor energ\u00e9tico (Kj\/ Kcal): 931,6\/222,9<\/li>\n<li>L\u00edpidos (g): 9,25<\/li>\n<li>Dos quais saturados (g): 3,33<\/li>\n<li>Hidratos de carbono (g): 1,37<\/li>\n<li>Dos quais a\u00e7\u00facares (g): 0,41<\/li>\n<li>Fibras Alimentares (g): 0,95<\/li>\n<li>Prote\u00ednas (g): 32,86<\/li>\n<li>Sal (g): 0,6<\/li>\n<\/ul>\n<p><strong>Pa\u00eds de origem<\/strong>: Portugal.<\/p>\n","protected":false},"excerpt":{"rendered":"<ul style=\"list-style-type:disc;\">\n<li>Peso l\u00edquido approx. 330g<\/li>\n<li>Sem osso<\/li>\n<li>Fonte de prote\u00edna<\/li>\n<\/ul>\n","protected":false},"author":43533,"featured_media":93146,"comment_status":"open","ping_status":"closed","template":"","meta":[],"pwb-brand":[],"product_brand":[],"product_cat":[9334,8289,8291,8337,8665],"product_tag":[],"class_list":{"0":"post-216092","1":"product","2":"type-product","3":"status-publish","4":"has-post-thumbnail","6":"product_cat-presunto-curado-pt-pt","7":"product_cat-inicio","8":"product_cat-produtos-portugueses","9":"product_cat-charcutaria","10":"product_cat-presunto-curado","12":"first","13":"instock","14":"taxable","15":"shipping-taxable","16":"purchasable","17":"product-type-simple"},"aioseo_notices":[],"brands":[],"_links":{"self":[{"href":"https:\/\/www.delicias-uk.com\/pt-pt\/wp-json\/wp\/v2\/product\/216092","targetHints":{"allow":["GET"]}}],"collection":[{"href":"https:\/\/www.delicias-uk.com\/pt-pt\/wp-json\/wp\/v2\/product"}],"about":[{"href":"https:\/\/www.delicias-uk.com\/pt-pt\/wp-json\/wp\/v2\/types\/product"}],"author":[{"embeddable":true,"href":"https:\/\/www.delicias-uk.com\/pt-pt\/wp-json\/wp\/v2\/users\/43533"}],"replies":[{"embeddable":true,"href":"https:\/\/www.delicias-uk.com\/pt-pt\/wp-json\/wp\/v2\/comments?post=216092"}],"wp:featuredmedia":[{"embeddable":true,"href":"https:\/\/www.delicias-uk.com\/pt-pt\/wp-json\/wp\/v2\/media\/93146"}],"wp:attachment":[{"href":"https:\/\/www.delicias-uk.com\/pt-pt\/wp-json\/wp\/v2\/media?parent=216092"}],"wp:term":[{"taxonomy":"pwb-brand","embeddable":true,"href":"https:\/\/www.delicias-uk.com\/pt-pt\/wp-json\/wp\/v2\/pwb-brand?post=216092"},{"taxonomy":"product_brand","embeddable":true,"href":"https:\/\/www.delicias-uk.com\/pt-pt\/wp-json\/wp\/v2\/product_brand?post=216092"},{"taxonomy":"product_cat","embeddable":true,"href":"https:\/\/www.delicias-uk.com\/pt-pt\/wp-json\/wp\/v2\/product_cat?post=216092"},{"taxonomy":"product_tag","embeddable":true,"href":"https:\/\/www.delicias-uk.com\/pt-pt\/wp-json\/wp\/v2\/product_tag?post=216092"}],"curies":[{"name":"wp","href":"https:\/\/api.w.org\/{rel}","templated":true}]}}