{"id":216058,"date":"2023-03-06T15:15:54","date_gmt":"2023-03-06T15:15:54","guid":{"rendered":"https:\/\/www.delicias-uk.com\/product\/folar-de-pascoa-s-ovos-fdo-vouga-1kg-x-1-3\/"},"modified":"2026-04-02T23:23:16","modified_gmt":"2026-04-02T22:23:16","slug":"folar-de-pascoa-s-ovos-fdo-vouga-1kg-x-1-3","status":"publish","type":"product","link":"https:\/\/www.delicias-uk.com\/pt-pt\/produto\/folar-de-pascoa-s-ovos-fdo-vouga-1kg-x-1-3\/","title":{"rendered":"Folar De Pascoa Sem Ovos Flor Do Vouga 1Kg"},"content":{"rendered":"<p class=\"MsoNormal\"><span lang=\"pt\" style=\"color:#000000;background:#FAFBFC;\" xml:lang=\"pt\">O sabor da\u00a0\u00a0P\u00e1scoa num bolo tradicional de massa l\u00eaveda, doce e com um agrad\u00e1vel toque de especiarias.<\/span><span lang=\"pt\" xml:lang=\"pt\"><\/span><\/p>\n<\/p>\n<p style=\"background:#FFFFFF;margin:0cm 0cm 11.25pt 0cm;\">\n","protected":false},"excerpt":{"rendered":"<p style=\"margin:0cm 0cm 11.25pt;background:#FFFFFF;\"><span lang=\"pt\" style=\"font-size:11pt;font-family:Calibri, sans-serif;\" xml:lang=\"pt\">. Folar de Pascoa sem Ovos<\/span><span lang=\"pt\" style=\"font-size:11pt;font-family:Calibri, sans-serif;\" xml:lang=\"pt\"><\/span><\/p>\n<p style=\"margin-top:0px;margin-bottom:15px;color:#7a7a7a;font-family:Poppins, Helvetica, Arial, 'sans-serif';font-size:14px;background-color:#ffffff;\"><span lang=\"pt\" style=\"font-size:11pt;font-family:Calibri, sans-serif;\" xml:lang=\"pt\">. Produto Congelado (ser\u00e1 descongelado antes do envio)<\/span><span lang=\"pt\" style=\"font-size:11pt;font-family:Calibri, sans-serif;\" xml:lang=\"pt\"><\/span><\/p>\n<p style=\"margin-top:0px;margin-bottom:0px;color:#7a7a7a;font-family:Poppins, Helvetica, Arial, 'sans-serif';font-size:14px;background-color:#ffffff;\"><span lang=\"pt\" style=\"font-size:11pt;font-family:Calibri, sans-serif;\" xml:lang=\"pt\">. Flor do Vouga<\/span><\/p>\n","protected":false},"author":43533,"featured_media":93070,"comment_status":"open","ping_status":"closed","template":"","meta":[],"pwb-brand":[],"product_brand":[],"product_cat":[9182,9186,8289],"product_tag":[],"class_list":{"0":"post-216058","1":"product","2":"type-product","3":"status-publish","4":"has-post-thumbnail","6":"product_cat-natal","7":"product_cat-folar-pt-pt","8":"product_cat-inicio","10":"first","11":"instock","12":"taxable","13":"shipping-taxable","14":"purchasable","15":"product-type-simple"},"aioseo_notices":[],"brands":[],"_links":{"self":[{"href":"https:\/\/www.delicias-uk.com\/pt-pt\/wp-json\/wp\/v2\/product\/216058","targetHints":{"allow":["GET"]}}],"collection":[{"href":"https:\/\/www.delicias-uk.com\/pt-pt\/wp-json\/wp\/v2\/product"}],"about":[{"href":"https:\/\/www.delicias-uk.com\/pt-pt\/wp-json\/wp\/v2\/types\/product"}],"author":[{"embeddable":true,"href":"https:\/\/www.delicias-uk.com\/pt-pt\/wp-json\/wp\/v2\/users\/43533"}],"replies":[{"embeddable":true,"href":"https:\/\/www.delicias-uk.com\/pt-pt\/wp-json\/wp\/v2\/comments?post=216058"}],"wp:featuredmedia":[{"embeddable":true,"href":"https:\/\/www.delicias-uk.com\/pt-pt\/wp-json\/wp\/v2\/media\/93070"}],"wp:attachment":[{"href":"https:\/\/www.delicias-uk.com\/pt-pt\/wp-json\/wp\/v2\/media?parent=216058"}],"wp:term":[{"taxonomy":"pwb-brand","embeddable":true,"href":"https:\/\/www.delicias-uk.com\/pt-pt\/wp-json\/wp\/v2\/pwb-brand?post=216058"},{"taxonomy":"product_brand","embeddable":true,"href":"https:\/\/www.delicias-uk.com\/pt-pt\/wp-json\/wp\/v2\/product_brand?post=216058"},{"taxonomy":"product_cat","embeddable":true,"href":"https:\/\/www.delicias-uk.com\/pt-pt\/wp-json\/wp\/v2\/product_cat?post=216058"},{"taxonomy":"product_tag","embeddable":true,"href":"https:\/\/www.delicias-uk.com\/pt-pt\/wp-json\/wp\/v2\/product_tag?post=216058"}],"curies":[{"name":"wp","href":"https:\/\/api.w.org\/{rel}","templated":true}]}}