{"id":216048,"date":"2023-03-03T10:49:39","date_gmt":"2023-03-03T10:49:39","guid":{"rendered":"https:\/\/www.delicias-uk.com\/product\/pastel-de-nata-cozido-com-nutella-flor-do-vouga\/"},"modified":"2026-03-05T13:57:30","modified_gmt":"2026-03-05T13:57:30","slug":"pastel-de-nata-cozido-com-nutella-flor-do-vouga","status":"publish","type":"product","link":"https:\/\/www.delicias-uk.com\/pt-pt\/produto\/pastel-de-nata-cozido-com-nutella-flor-do-vouga\/","title":{"rendered":"Pastel de Nata Pr\u00e9-Cozido Congelado Com Nutella Flor do Vouga 70g x 8"},"content":{"rendered":"<p class=\"MsoNormal\"><span style=\"color:#53240c;background:#FFFFFF;\">Os past\u00e9is de\u00a0<\/span>nata\u00a0ou past\u00e9is de Bel\u00e9m s\u00e3o uma das mais populares especialidades da do\u00e7aria portuguesa de inspira\u00e7\u00e3o Conventual.<\/p>\n<\/p>\n<p class=\"MsoNormal\"><span style=\"color:#53240c;background:#FFFFFF;\">Produto de pastelaria cozido e ultracongelado. Doce com massa folhada e recheado com nutella.<\/span><\/p>\n<\/p>\n<p class=\"MsoNormal\">\n","protected":false},"excerpt":{"rendered":"<p class=\"MsoNormal\"><span style=\"color:#53240c;background:#FFFFFF;\">. Pastel de Nata Cozido<\/span><\/p>\n<p class=\"MsoNormal\"><span style=\"color:#53240c;background:#FFFFFF;\">. Recheio Nutella<\/span><\/p>\n<p class=\"MsoNormal\"><span style=\"color:#53240c;background:#FFFFFF;\">. Produto Congelado<\/span><\/p>\n","protected":false},"author":43533,"featured_media":93050,"comment_status":"open","ping_status":"closed","template":"","meta":[],"pwb-brand":[],"product_brand":[],"product_cat":[8289,8305,8399],"product_tag":[],"class_list":{"0":"post-216048","1":"product","2":"type-product","3":"status-publish","4":"has-post-thumbnail","6":"product_cat-inicio","7":"product_cat-produtos-congelados","8":"product_cat-pastelaria-congelada","10":"first","11":"instock","12":"taxable","13":"shipping-taxable","14":"purchasable","15":"product-type-simple"},"aioseo_notices":[],"brands":[],"_links":{"self":[{"href":"https:\/\/www.delicias-uk.com\/pt-pt\/wp-json\/wp\/v2\/product\/216048","targetHints":{"allow":["GET"]}}],"collection":[{"href":"https:\/\/www.delicias-uk.com\/pt-pt\/wp-json\/wp\/v2\/product"}],"about":[{"href":"https:\/\/www.delicias-uk.com\/pt-pt\/wp-json\/wp\/v2\/types\/product"}],"author":[{"embeddable":true,"href":"https:\/\/www.delicias-uk.com\/pt-pt\/wp-json\/wp\/v2\/users\/43533"}],"replies":[{"embeddable":true,"href":"https:\/\/www.delicias-uk.com\/pt-pt\/wp-json\/wp\/v2\/comments?post=216048"}],"wp:featuredmedia":[{"embeddable":true,"href":"https:\/\/www.delicias-uk.com\/pt-pt\/wp-json\/wp\/v2\/media\/93050"}],"wp:attachment":[{"href":"https:\/\/www.delicias-uk.com\/pt-pt\/wp-json\/wp\/v2\/media?parent=216048"}],"wp:term":[{"taxonomy":"pwb-brand","embeddable":true,"href":"https:\/\/www.delicias-uk.com\/pt-pt\/wp-json\/wp\/v2\/pwb-brand?post=216048"},{"taxonomy":"product_brand","embeddable":true,"href":"https:\/\/www.delicias-uk.com\/pt-pt\/wp-json\/wp\/v2\/product_brand?post=216048"},{"taxonomy":"product_cat","embeddable":true,"href":"https:\/\/www.delicias-uk.com\/pt-pt\/wp-json\/wp\/v2\/product_cat?post=216048"},{"taxonomy":"product_tag","embeddable":true,"href":"https:\/\/www.delicias-uk.com\/pt-pt\/wp-json\/wp\/v2\/product_tag?post=216048"}],"curies":[{"name":"wp","href":"https:\/\/api.w.org\/{rel}","templated":true}]}}