{"id":216040,"date":"2023-03-02T14:51:14","date_gmt":"2023-03-02T14:51:14","guid":{"rendered":"https:\/\/www.delicias-uk.com\/product\/pao-de-queijo-cru-congelado-quitanda-real-coquetel-1kg\/"},"modified":"2026-04-27T22:20:57","modified_gmt":"2026-04-27T21:20:57","slug":"pao-de-queijo-cru-congelado-quitanda-real-coquetel-1kg","status":"publish","type":"product","link":"https:\/\/www.delicias-uk.com\/pt-pt\/produto\/pao-de-queijo-cru-congelado-quitanda-real-coquetel-1kg\/","title":{"rendered":"P\u00e3o de Queijo Coquetel Gourmet Cru Quitanda Real 1Kg"},"content":{"rendered":"<p>O p\u00e3o de queijo \u00e9 um p\u00e3o naturalmente sem gl\u00faten feito com farinha de tapioca, ovos e queijo. \u00d3timo para lanches e caf\u00e9 da manh\u00e3.<\/p>\n","protected":false},"excerpt":{"rendered":"<ul style=\"list-style-type: disc;\">\n<li>Peso l\u00edquido 1kg<\/li>\n<li>Produto congelado<\/li>\n<li>Sem gl\u00faten<\/li>\n<li>Ideal para caf\u00e9 da manh\u00e3 ou lanche<\/li>\n<\/ul>\n","protected":false},"author":43533,"featured_media":219919,"comment_status":"open","ping_status":"closed","template":"","meta":[],"pwb-brand":[],"product_brand":[],"product_cat":[9204,8289,8293,8305,8313,8499],"product_tag":[],"class_list":{"0":"post-216040","1":"product","2":"type-product","3":"status-publish","4":"has-post-thumbnail","6":"product_cat-pao-de-queijo","7":"product_cat-inicio","8":"product_cat-produtos-brasileiros","9":"product_cat-produtos-congelados","10":"product_cat-pao-congelado","11":"product_cat-sem-glutem","13":"first","14":"instock","15":"taxable","16":"shipping-taxable","17":"purchasable","18":"product-type-simple"},"aioseo_notices":[],"brands":[],"_links":{"self":[{"href":"https:\/\/www.delicias-uk.com\/pt-pt\/wp-json\/wp\/v2\/product\/216040","targetHints":{"allow":["GET"]}}],"collection":[{"href":"https:\/\/www.delicias-uk.com\/pt-pt\/wp-json\/wp\/v2\/product"}],"about":[{"href":"https:\/\/www.delicias-uk.com\/pt-pt\/wp-json\/wp\/v2\/types\/product"}],"author":[{"embeddable":true,"href":"https:\/\/www.delicias-uk.com\/pt-pt\/wp-json\/wp\/v2\/users\/43533"}],"replies":[{"embeddable":true,"href":"https:\/\/www.delicias-uk.com\/pt-pt\/wp-json\/wp\/v2\/comments?post=216040"}],"wp:featuredmedia":[{"embeddable":true,"href":"https:\/\/www.delicias-uk.com\/pt-pt\/wp-json\/wp\/v2\/media\/219919"}],"wp:attachment":[{"href":"https:\/\/www.delicias-uk.com\/pt-pt\/wp-json\/wp\/v2\/media?parent=216040"}],"wp:term":[{"taxonomy":"pwb-brand","embeddable":true,"href":"https:\/\/www.delicias-uk.com\/pt-pt\/wp-json\/wp\/v2\/pwb-brand?post=216040"},{"taxonomy":"product_brand","embeddable":true,"href":"https:\/\/www.delicias-uk.com\/pt-pt\/wp-json\/wp\/v2\/product_brand?post=216040"},{"taxonomy":"product_cat","embeddable":true,"href":"https:\/\/www.delicias-uk.com\/pt-pt\/wp-json\/wp\/v2\/product_cat?post=216040"},{"taxonomy":"product_tag","embeddable":true,"href":"https:\/\/www.delicias-uk.com\/pt-pt\/wp-json\/wp\/v2\/product_tag?post=216040"}],"curies":[{"name":"wp","href":"https:\/\/api.w.org\/{rel}","templated":true}]}}