{"id":216018,"date":"2023-02-28T10:43:18","date_gmt":"2023-02-28T10:43:18","guid":{"rendered":"https:\/\/www.delicias-uk.com\/product\/forminha-para-doces-azul-1000-unidades\/"},"modified":"2025-05-13T09:45:28","modified_gmt":"2025-05-13T08:45:28","slug":"forminha-para-doces-azul-1000-unidades","status":"publish","type":"product","link":"https:\/\/www.delicias-uk.com\/pt-pt\/produto\/forminha-para-doces-azul-1000-unidades\/","title":{"rendered":"Forminha Azul Para Doces N\u00b05 100 unidades x 10"},"content":{"rendered":"<ul>\n<li>Composi\u00e7\u00e3o: Papel a base de celulose e quando colorido cont\u00e9m pigmentos at\u00f3xicos.<\/li>\n<li class=\"lojasantoantonio-especification-product-1-x-accordion-content-container lojasantoantonio-especification-product-1-x-accordion-content-container--wrapper--accordion-product-image  lojasantoantonio-especification-product-1-x-accordion--visible lojasantoantonio-especification-product-1-x-accordion--visible--wrapper--accordion-product-image\"><span class=\"lojasantoantonio-especification-product-1-x-accordion-content lojasantoantonio-especification-product-1-x-accordion-content--wrapper--accordion-product-image\n                  lojasantoantonio-especification-product-1-x-accordion--visible lojasantoantonio-especification-product-1-x-accordion--visible--wrapper--accordion-product-image\">Dimens\u00f5es aproximadas do produto:\u00a0Fundo: 2cm Altura: 1,5cm<\/span><\/li>\n<\/ul>\n","protected":false},"excerpt":{"rendered":"<ul>\n<li>Cor Azul<\/li>\n<li>1000 unidades<\/li>\n<li>Ideal para docinhos de anivers\u00e1rio<\/li>\n<\/ul>\n","protected":false},"author":43533,"featured_media":92986,"comment_status":"open","ping_status":"closed","template":"","meta":[],"pwb-brand":[],"product_brand":[],"product_cat":[8289,8293,8385,8633],"product_tag":[],"class_list":{"0":"post-216018","1":"product","2":"type-product","3":"status-publish","4":"has-post-thumbnail","6":"product_cat-inicio","7":"product_cat-produtos-brasileiros","8":"product_cat-confeitaria-pt-pt","9":"product_cat-decorativos","11":"first","12":"instock","13":"taxable","14":"shipping-taxable","15":"purchasable","16":"product-type-simple"},"aioseo_notices":[],"brands":[],"_links":{"self":[{"href":"https:\/\/www.delicias-uk.com\/pt-pt\/wp-json\/wp\/v2\/product\/216018","targetHints":{"allow":["GET"]}}],"collection":[{"href":"https:\/\/www.delicias-uk.com\/pt-pt\/wp-json\/wp\/v2\/product"}],"about":[{"href":"https:\/\/www.delicias-uk.com\/pt-pt\/wp-json\/wp\/v2\/types\/product"}],"author":[{"embeddable":true,"href":"https:\/\/www.delicias-uk.com\/pt-pt\/wp-json\/wp\/v2\/users\/43533"}],"replies":[{"embeddable":true,"href":"https:\/\/www.delicias-uk.com\/pt-pt\/wp-json\/wp\/v2\/comments?post=216018"}],"wp:featuredmedia":[{"embeddable":true,"href":"https:\/\/www.delicias-uk.com\/pt-pt\/wp-json\/wp\/v2\/media\/92986"}],"wp:attachment":[{"href":"https:\/\/www.delicias-uk.com\/pt-pt\/wp-json\/wp\/v2\/media?parent=216018"}],"wp:term":[{"taxonomy":"pwb-brand","embeddable":true,"href":"https:\/\/www.delicias-uk.com\/pt-pt\/wp-json\/wp\/v2\/pwb-brand?post=216018"},{"taxonomy":"product_brand","embeddable":true,"href":"https:\/\/www.delicias-uk.com\/pt-pt\/wp-json\/wp\/v2\/product_brand?post=216018"},{"taxonomy":"product_cat","embeddable":true,"href":"https:\/\/www.delicias-uk.com\/pt-pt\/wp-json\/wp\/v2\/product_cat?post=216018"},{"taxonomy":"product_tag","embeddable":true,"href":"https:\/\/www.delicias-uk.com\/pt-pt\/wp-json\/wp\/v2\/product_tag?post=216018"}],"curies":[{"name":"wp","href":"https:\/\/api.w.org\/{rel}","templated":true}]}}