{"id":216014,"date":"2023-02-28T10:38:17","date_gmt":"2023-02-28T10:38:17","guid":{"rendered":"https:\/\/www.delicias-uk.com\/product\/forminha-para-doces-vermelha-100-unidades\/"},"modified":"2025-12-20T01:20:27","modified_gmt":"2025-12-20T01:20:27","slug":"forminha-para-doces-vermelha-100-unidades","status":"publish","type":"product","link":"https:\/\/www.delicias-uk.com\/pt-pt\/produto\/forminha-para-doces-vermelha-100-unidades\/","title":{"rendered":"Forminha Vermelha Para Doces 100 unidades"},"content":{"rendered":"<p>Composi\u00e7\u00e3o: Papel a base de celulose e quando colorido cont\u00e9m pigmentos at\u00f3xicos.<\/p>\n","protected":false},"excerpt":{"rendered":"<ul>\n<li>Cor Vermelha<\/li>\n<li>100 unidades<\/li>\n<li>Ideal para docinhos de anivers\u00e1rio<\/li>\n<\/ul>\n","protected":false},"author":43533,"featured_media":92978,"comment_status":"open","ping_status":"closed","template":"","meta":[],"pwb-brand":[],"product_brand":[],"product_cat":[8289,8293,8385,8633],"product_tag":[],"class_list":{"0":"post-216014","1":"product","2":"type-product","3":"status-publish","4":"has-post-thumbnail","6":"product_cat-inicio","7":"product_cat-produtos-brasileiros","8":"product_cat-confeitaria-pt-pt","9":"product_cat-decorativos","11":"first","12":"instock","13":"taxable","14":"shipping-taxable","15":"purchasable","16":"product-type-simple"},"aioseo_notices":[],"brands":[],"_links":{"self":[{"href":"https:\/\/www.delicias-uk.com\/pt-pt\/wp-json\/wp\/v2\/product\/216014","targetHints":{"allow":["GET"]}}],"collection":[{"href":"https:\/\/www.delicias-uk.com\/pt-pt\/wp-json\/wp\/v2\/product"}],"about":[{"href":"https:\/\/www.delicias-uk.com\/pt-pt\/wp-json\/wp\/v2\/types\/product"}],"author":[{"embeddable":true,"href":"https:\/\/www.delicias-uk.com\/pt-pt\/wp-json\/wp\/v2\/users\/43533"}],"replies":[{"embeddable":true,"href":"https:\/\/www.delicias-uk.com\/pt-pt\/wp-json\/wp\/v2\/comments?post=216014"}],"wp:featuredmedia":[{"embeddable":true,"href":"https:\/\/www.delicias-uk.com\/pt-pt\/wp-json\/wp\/v2\/media\/92978"}],"wp:attachment":[{"href":"https:\/\/www.delicias-uk.com\/pt-pt\/wp-json\/wp\/v2\/media?parent=216014"}],"wp:term":[{"taxonomy":"pwb-brand","embeddable":true,"href":"https:\/\/www.delicias-uk.com\/pt-pt\/wp-json\/wp\/v2\/pwb-brand?post=216014"},{"taxonomy":"product_brand","embeddable":true,"href":"https:\/\/www.delicias-uk.com\/pt-pt\/wp-json\/wp\/v2\/product_brand?post=216014"},{"taxonomy":"product_cat","embeddable":true,"href":"https:\/\/www.delicias-uk.com\/pt-pt\/wp-json\/wp\/v2\/product_cat?post=216014"},{"taxonomy":"product_tag","embeddable":true,"href":"https:\/\/www.delicias-uk.com\/pt-pt\/wp-json\/wp\/v2\/product_tag?post=216014"}],"curies":[{"name":"wp","href":"https:\/\/api.w.org\/{rel}","templated":true}]}}