{"id":216008,"date":"2023-02-28T10:30:52","date_gmt":"2023-02-28T10:30:52","guid":{"rendered":"https:\/\/www.delicias-uk.com\/product\/white-regvverde-alvarinho-curtimenta-75cl-2\/"},"modified":"2025-07-07T11:17:34","modified_gmt":"2025-07-07T10:17:34","slug":"maria-papoila-loureiro-alvarinho-2022-75cl","status":"publish","type":"product","link":"https:\/\/www.delicias-uk.com\/pt-pt\/produto\/maria-papoila-loureiro-alvarinho-2022-75cl\/","title":{"rendered":"Maria Papoila Loureiro Alvarinho 2022 75cl"},"content":{"rendered":"<p>Maria Papoila \u00e9 um vinho branco produzido na regi\u00e3o de Vinhos Verdes, com uvas brancas de Loureiro e Alvarinho. Ap\u00f3s o processo de fermenta\u00e7\u00e3o a temperaturas controladas, o vinho permanece por 9 meses em tanques de a\u00e7o inoxid\u00e1vel antes de ser engarrafado. Maria Papoila \u00e9 um vinho branco fresco, com abundantes sabores de frutas tropicais apoiados com aromas de frutas c\u00edtricas maduras e uma acidez incr\u00edvel.<\/p>\n","protected":false},"excerpt":{"rendered":"<ul style=\"list-style-type: disc;\">\n<li><strong>Produtor<\/strong>: Saven<\/li>\n<li><strong>Regi\u00e3o<\/strong>:\u00a0 Minho<\/li>\n<li><strong>Pa\u00eds<\/strong>: Portugal<\/li>\n<li><strong>Tipo de Vinho<\/strong>: Branco<\/li>\n<li><strong>Castas<\/strong>: Alvarinho e Loureiro<\/li>\n<li><strong>Garrafa<\/strong>: 750ml<\/li>\n<li><strong>Teor Alcoolico<\/strong>: 11.5%<\/li>\n<\/ul>\n","protected":false},"author":43533,"featured_media":198149,"comment_status":"open","ping_status":"closed","template":"","meta":[],"pwb-brand":[],"product_brand":[],"product_cat":[8289,8291,8431,8489,8881],"product_tag":[],"class_list":{"0":"post-216008","1":"product","2":"type-product","3":"status-publish","4":"has-post-thumbnail","6":"product_cat-inicio","7":"product_cat-produtos-portugueses","8":"product_cat-vinhos-pt-pt","9":"product_cat-vinho-branco","10":"product_cat-minho-pt-pt-vinho-branco","12":"first","13":"instock","14":"taxable","15":"shipping-taxable","16":"purchasable","17":"product-type-simple"},"aioseo_notices":[],"brands":[],"_links":{"self":[{"href":"https:\/\/www.delicias-uk.com\/pt-pt\/wp-json\/wp\/v2\/product\/216008","targetHints":{"allow":["GET"]}}],"collection":[{"href":"https:\/\/www.delicias-uk.com\/pt-pt\/wp-json\/wp\/v2\/product"}],"about":[{"href":"https:\/\/www.delicias-uk.com\/pt-pt\/wp-json\/wp\/v2\/types\/product"}],"author":[{"embeddable":true,"href":"https:\/\/www.delicias-uk.com\/pt-pt\/wp-json\/wp\/v2\/users\/43533"}],"replies":[{"embeddable":true,"href":"https:\/\/www.delicias-uk.com\/pt-pt\/wp-json\/wp\/v2\/comments?post=216008"}],"wp:featuredmedia":[{"embeddable":true,"href":"https:\/\/www.delicias-uk.com\/pt-pt\/wp-json\/wp\/v2\/media\/198149"}],"wp:attachment":[{"href":"https:\/\/www.delicias-uk.com\/pt-pt\/wp-json\/wp\/v2\/media?parent=216008"}],"wp:term":[{"taxonomy":"pwb-brand","embeddable":true,"href":"https:\/\/www.delicias-uk.com\/pt-pt\/wp-json\/wp\/v2\/pwb-brand?post=216008"},{"taxonomy":"product_brand","embeddable":true,"href":"https:\/\/www.delicias-uk.com\/pt-pt\/wp-json\/wp\/v2\/product_brand?post=216008"},{"taxonomy":"product_cat","embeddable":true,"href":"https:\/\/www.delicias-uk.com\/pt-pt\/wp-json\/wp\/v2\/product_cat?post=216008"},{"taxonomy":"product_tag","embeddable":true,"href":"https:\/\/www.delicias-uk.com\/pt-pt\/wp-json\/wp\/v2\/product_tag?post=216008"}],"curies":[{"name":"wp","href":"https:\/\/api.w.org\/{rel}","templated":true}]}}