{"id":215958,"date":"2023-02-24T17:54:41","date_gmt":"2023-02-24T17:54:41","guid":{"rendered":"https:\/\/www.delicias-uk.com\/product\/trakinas-sabor-morango-126g\/"},"modified":"2026-04-08T11:03:27","modified_gmt":"2026-04-08T10:03:27","slug":"trakinas-sabor-morango-126g","status":"publish","type":"product","link":"https:\/\/www.delicias-uk.com\/pt-pt\/produto\/trakinas-sabor-morango-126g\/","title":{"rendered":"Bolacha Trakinas Morango 126g"},"content":{"rendered":"<p>Trakinas \u00e9 o biscoito recheado com a carinha da divers\u00e3o! Sua vers\u00e3o de 126g com biscoito sabor morango \u00e9 o lanche perfeito para as crian\u00e7as saborearem. Al\u00e9m de ser o acompanhamento perfeito para um suco ou copo de leite, Trakinas tem diversas op\u00e7\u00f5es de carinhas para tornar o momento do lanche mais divertido!\u00a0<\/p>\n","protected":false},"excerpt":{"rendered":"<ul style=\"list-style-type:disc;\">\n<li>Sabor morango<\/li>\n<li>Pronto para comer<\/li>\n<li>Embalagem de 126g<\/li>\n<\/ul>\n","protected":false},"author":43533,"featured_media":231483,"comment_status":"open","ping_status":"closed","template":"","meta":[],"pwb-brand":[],"product_brand":[],"product_cat":[8289,8293,8385,8473],"product_tag":[],"class_list":{"0":"post-215958","1":"product","2":"type-product","3":"status-publish","4":"has-post-thumbnail","6":"product_cat-inicio","7":"product_cat-produtos-brasileiros","8":"product_cat-confeitaria-pt-pt","9":"product_cat-bolachas-pt-pt","11":"first","12":"outofstock","13":"taxable","14":"shipping-taxable","15":"purchasable","16":"product-type-simple"},"aioseo_notices":[],"brands":[],"_links":{"self":[{"href":"https:\/\/www.delicias-uk.com\/pt-pt\/wp-json\/wp\/v2\/product\/215958","targetHints":{"allow":["GET"]}}],"collection":[{"href":"https:\/\/www.delicias-uk.com\/pt-pt\/wp-json\/wp\/v2\/product"}],"about":[{"href":"https:\/\/www.delicias-uk.com\/pt-pt\/wp-json\/wp\/v2\/types\/product"}],"author":[{"embeddable":true,"href":"https:\/\/www.delicias-uk.com\/pt-pt\/wp-json\/wp\/v2\/users\/43533"}],"replies":[{"embeddable":true,"href":"https:\/\/www.delicias-uk.com\/pt-pt\/wp-json\/wp\/v2\/comments?post=215958"}],"wp:featuredmedia":[{"embeddable":true,"href":"https:\/\/www.delicias-uk.com\/pt-pt\/wp-json\/wp\/v2\/media\/231483"}],"wp:attachment":[{"href":"https:\/\/www.delicias-uk.com\/pt-pt\/wp-json\/wp\/v2\/media?parent=215958"}],"wp:term":[{"taxonomy":"pwb-brand","embeddable":true,"href":"https:\/\/www.delicias-uk.com\/pt-pt\/wp-json\/wp\/v2\/pwb-brand?post=215958"},{"taxonomy":"product_brand","embeddable":true,"href":"https:\/\/www.delicias-uk.com\/pt-pt\/wp-json\/wp\/v2\/product_brand?post=215958"},{"taxonomy":"product_cat","embeddable":true,"href":"https:\/\/www.delicias-uk.com\/pt-pt\/wp-json\/wp\/v2\/product_cat?post=215958"},{"taxonomy":"product_tag","embeddable":true,"href":"https:\/\/www.delicias-uk.com\/pt-pt\/wp-json\/wp\/v2\/product_tag?post=215958"}],"curies":[{"name":"wp","href":"https:\/\/api.w.org\/{rel}","templated":true}]}}