{"id":215924,"date":"2023-02-24T10:54:43","date_gmt":"2023-02-24T10:54:43","guid":{"rendered":"https:\/\/www.delicias-uk.com\/product\/tang-em-po-sabor-laranja-docinha-sache-18g\/"},"modified":"2023-02-24T10:54:43","modified_gmt":"2023-02-24T10:54:43","slug":"tang-em-po-sabor-laranja-docinha-sache-18g","status":"publish","type":"product","link":"https:\/\/www.delicias-uk.com\/pt-pt\/produto\/tang-em-po-sabor-laranja-docinha-sache-18g\/","title":{"rendered":"Tang em P\u00f3 Laranja Docinha Saqueta 18g"},"content":{"rendered":"<p>Misture o conte\u00fado deste envelope com 1 litro de \u00e1gua filtrada fria ou gelada. N\u00e3o \u00e9 necess\u00e1rio acrescentar a\u00e7\u00facar. TANG j\u00e1 vem ado\u00e7ado.<\/p>\n<p><strong>Ingredientes:<\/strong>\u00a0<em>A\u00e7\u00facar, maltodextrina, vitamina C, sulfato de zinco, extrato de guaran\u00e1, vitamina D, acidulante \u00e1cido c\u00edtrico, antiumectante fosfato tric\u00e1lcico, edulcorantes: aspartame (21 mg\/100 mL), ciclamato de s\u00f3dio (18 mg\/100 mL), acesulfame de pot\u00e1ssio (3,7 mg\/100 mL) e sacarina s\u00f3dica (1,8 mg\/100 mL), regulador de acidez citrato de s\u00f3dio, corante caramelo IV, aromatizante e espumante extrato de quil\u00e1ia.<\/em><\/p>\n<p><strong>AL\u00c9RGICOS: PODE CONTER LEITE. N\u00c3O CONT\u00c9M GL\u00daTEN. FENILCETON\u00daRICOS: CONT\u00c9M FENILALANINA.<\/strong><\/p>\n","protected":false},"excerpt":{"rendered":"<ul style=\"list-style-type:disc;\">\n<li>Peso l\u00edquido 18g<\/li>\n<li>Para preparar com \u00e1gua ou leite<\/li>\n<li>Produto Brasileiro<\/li>\n<\/ul>\n","protected":false},"author":43533,"featured_media":92798,"comment_status":"open","ping_status":"closed","template":"","meta":[],"pwb-brand":[],"product_brand":[],"product_cat":[8289,8293,8601,8499,8347],"product_tag":[],"class_list":{"0":"post-215924","1":"product","2":"type-product","3":"status-publish","4":"has-post-thumbnail","6":"product_cat-inicio","7":"product_cat-produtos-brasileiros","8":"product_cat-suco-em-po","9":"product_cat-sem-glutem","10":"product_cat-vegetariano","12":"first","13":"instock","14":"taxable","15":"shipping-taxable","16":"purchasable","17":"product-type-simple"},"aioseo_notices":[],"brands":[],"_links":{"self":[{"href":"https:\/\/www.delicias-uk.com\/pt-pt\/wp-json\/wp\/v2\/product\/215924","targetHints":{"allow":["GET"]}}],"collection":[{"href":"https:\/\/www.delicias-uk.com\/pt-pt\/wp-json\/wp\/v2\/product"}],"about":[{"href":"https:\/\/www.delicias-uk.com\/pt-pt\/wp-json\/wp\/v2\/types\/product"}],"author":[{"embeddable":true,"href":"https:\/\/www.delicias-uk.com\/pt-pt\/wp-json\/wp\/v2\/users\/43533"}],"replies":[{"embeddable":true,"href":"https:\/\/www.delicias-uk.com\/pt-pt\/wp-json\/wp\/v2\/comments?post=215924"}],"wp:featuredmedia":[{"embeddable":true,"href":"https:\/\/www.delicias-uk.com\/pt-pt\/wp-json\/wp\/v2\/media\/92798"}],"wp:attachment":[{"href":"https:\/\/www.delicias-uk.com\/pt-pt\/wp-json\/wp\/v2\/media?parent=215924"}],"wp:term":[{"taxonomy":"pwb-brand","embeddable":true,"href":"https:\/\/www.delicias-uk.com\/pt-pt\/wp-json\/wp\/v2\/pwb-brand?post=215924"},{"taxonomy":"product_brand","embeddable":true,"href":"https:\/\/www.delicias-uk.com\/pt-pt\/wp-json\/wp\/v2\/product_brand?post=215924"},{"taxonomy":"product_cat","embeddable":true,"href":"https:\/\/www.delicias-uk.com\/pt-pt\/wp-json\/wp\/v2\/product_cat?post=215924"},{"taxonomy":"product_tag","embeddable":true,"href":"https:\/\/www.delicias-uk.com\/pt-pt\/wp-json\/wp\/v2\/product_tag?post=215924"}],"curies":[{"name":"wp","href":"https:\/\/api.w.org\/{rel}","templated":true}]}}