{"id":215892,"date":"2023-02-13T15:14:46","date_gmt":"2023-02-13T15:14:46","guid":{"rendered":"https:\/\/www.delicias-uk.com\/product\/preparado-p-panqueca-condi-proteina-2x130g\/"},"modified":"2025-02-06T17:15:53","modified_gmt":"2025-02-06T17:15:53","slug":"preparado-p-panqueca-condi-proteina-2x130g","status":"publish","type":"product","link":"https:\/\/www.delicias-uk.com\/pt-pt\/produto\/preparado-p-panqueca-condi-proteina-2x130g\/","title":{"rendered":"Preparado para Panqueca Condi Prote\u00edna 2x130g"},"content":{"rendered":"<p>D\u00ea asas \u00e0 imagina\u00e7\u00e3o e sirva as panquecas com manteiga, compota, a\u00e7\u00facar canela, mel ou topping a gosto.<\/p>\n<p><strong>Ingredientes<\/strong>: Farinha de aveia 52% (GL\u00daTEN), amido, prote\u00ednas isoladas de LEITE (15%), LEITE, OVO, leveduras (bicarbonato de s\u00f3dio e difosfato diss\u00f3dico), emulsionante (xarope de glicose, farinha de SOJA, \u00e9steres l\u00e1cticos de mono e diglicer\u00eddeos de gorduras \u00e1cidos e \u00e9steres de propilenoglicol de \u00e1cidos gordos), sal e ado\u00e7ante (sucralose). Cont\u00e9m ado\u00e7ante.<\/p>\n<p><strong>Alerg\u00e9nios<\/strong>: cont\u00e9m <strong>GL\u00daTEN, SOJA, OVO e LACTOSE<\/strong>.<\/p>\n<p><strong>Informa\u00e7\u00e3o nutricional por 100g:<\/strong><\/p>\n<ul style=\"list-style-type:disc;\">\n<li>Energia 1565 KJ \/ 371 Kcal<\/li>\n<li>Gorduras 6,6g<\/li>\n<li>dos quais saturados 1,6g<\/li>\n<li>Hidratos de carbono 48g<\/li>\n<li>dos quais a\u00e7\u00facares 4,9g<\/li>\n<li>Fibra 5,7g<\/li>\n<li>Prote\u00ednas 27g<\/li>\n<li>Sal 1,6g<\/li>\n<\/ul>\n<p><strong>Pa\u00eds de origem<\/strong>: n\u00e3o pertencente \u00e0 UE.<\/p>\n","protected":false},"excerpt":{"rendered":"<ul style=\"list-style-type:disc;\">\n<li>Peso l\u00edquido 260g<\/li>\n<li>Cont\u00e9m 2 saquetas individuais com 130g cada<\/li>\n<li>Sem adi\u00e7\u00e3o de a\u00e7\u00facares<\/li>\n<li>Com farinha de aveia integral<\/li>\n<\/ul>\n","protected":false},"author":43533,"featured_media":92727,"comment_status":"open","ping_status":"closed","template":"","meta":[],"pwb-brand":[],"product_brand":[],"product_cat":[8289,8291,8365,8639],"product_tag":[],"class_list":{"0":"post-215892","1":"product","2":"type-product","3":"status-publish","4":"has-post-thumbnail","6":"product_cat-inicio","7":"product_cat-produtos-portugueses","8":"product_cat-confeitaria","9":"product_cat-mistura-para-bolos-pt-pt","11":"first","12":"instock","13":"taxable","14":"shipping-taxable","15":"purchasable","16":"product-type-simple"},"aioseo_notices":[],"brands":[],"_links":{"self":[{"href":"https:\/\/www.delicias-uk.com\/pt-pt\/wp-json\/wp\/v2\/product\/215892","targetHints":{"allow":["GET"]}}],"collection":[{"href":"https:\/\/www.delicias-uk.com\/pt-pt\/wp-json\/wp\/v2\/product"}],"about":[{"href":"https:\/\/www.delicias-uk.com\/pt-pt\/wp-json\/wp\/v2\/types\/product"}],"author":[{"embeddable":true,"href":"https:\/\/www.delicias-uk.com\/pt-pt\/wp-json\/wp\/v2\/users\/43533"}],"replies":[{"embeddable":true,"href":"https:\/\/www.delicias-uk.com\/pt-pt\/wp-json\/wp\/v2\/comments?post=215892"}],"wp:featuredmedia":[{"embeddable":true,"href":"https:\/\/www.delicias-uk.com\/pt-pt\/wp-json\/wp\/v2\/media\/92727"}],"wp:attachment":[{"href":"https:\/\/www.delicias-uk.com\/pt-pt\/wp-json\/wp\/v2\/media?parent=215892"}],"wp:term":[{"taxonomy":"pwb-brand","embeddable":true,"href":"https:\/\/www.delicias-uk.com\/pt-pt\/wp-json\/wp\/v2\/pwb-brand?post=215892"},{"taxonomy":"product_brand","embeddable":true,"href":"https:\/\/www.delicias-uk.com\/pt-pt\/wp-json\/wp\/v2\/product_brand?post=215892"},{"taxonomy":"product_cat","embeddable":true,"href":"https:\/\/www.delicias-uk.com\/pt-pt\/wp-json\/wp\/v2\/product_cat?post=215892"},{"taxonomy":"product_tag","embeddable":true,"href":"https:\/\/www.delicias-uk.com\/pt-pt\/wp-json\/wp\/v2\/product_tag?post=215892"}],"curies":[{"name":"wp","href":"https:\/\/api.w.org\/{rel}","templated":true}]}}