{"id":215878,"date":"2023-02-06T14:54:14","date_gmt":"2023-02-06T14:54:14","guid":{"rendered":"https:\/\/www.delicias-uk.com\/product\/qta-do-ortigao-colheita-75cl-2\/"},"modified":"2023-02-06T14:54:14","modified_gmt":"2023-02-06T14:54:14","slug":"qta-do-ortigao-colheita-75cl-2","status":"publish","type":"product","link":"https:\/\/www.delicias-uk.com\/pt-pt\/produto\/qta-do-ortigao-colheita-75cl-2\/","title":{"rendered":"Quinta do Ortig\u00e3o Colheita 75cl"},"content":{"rendered":"<p class=\"MsoNormal\" style=\"margin-bottom:0cm;line-height:normal;\"><span lang=\"pt\" xml:lang=\"pt\">Localizadas no cora\u00e7\u00e3o da Bairrada, em Anadia, entre as serras <span>\u00a0<\/span>do Caramulo e Bu\u00e7aco, numa eleva\u00e7\u00e3o de cerca de 50 metros acima da linha do mar. As <span>\u00a0<\/span>vinhas mais velhas foram plantadas em 1972 seguida de novas planta\u00e7\u00f5es em 1999.<\/span><\/p>\n<\/p>\n<p class=\"MsoNormal\" style=\"margin-bottom:0cm;line-height:normal;\"><span lang=\"pt\" xml:lang=\"pt\"><br \/>Produtor: Quinta do Ortigao<br \/>Regi\u00e3o: Bairrada<br \/>Pa\u00eds: Portugal<br \/>Estilo de Vinho: Vinho Rose<br \/>Uva: Baga, Touriga Nacional,Tinta Roriz<br \/>Garrafa: 750ml<br \/>Teor de \u00e1lcool: 12.5%<\/span><\/p>\n<\/p>\n<p class=\"MsoNormal\" style=\"margin-bottom:0cm;line-height:normal;\"><span lang=\"pt\" xml:lang=\"pt\"><\/span><\/p>\n<p>\u00a0<\/p>\n<p class=\"MsoNormal\" style=\"margin-bottom:0cm;line-height:normal;\"><span lang=\"pt\" xml:lang=\"pt\">Notas De Prova:<\/span><\/p>\n<\/p>\n<p class=\"MsoNormal\" style=\"margin-bottom:0cm;line-height:normal;\"><span lang=\"pt\" xml:lang=\"pt\">Cor: Rosa pa\u0301lido &#8211; Provence<\/span><\/p>\n<\/p>\n<p class=\"MsoNormal\" style=\"margin-bottom:0cm;line-height:normal;\"><span lang=\"pt\" xml:lang=\"pt\">Aroma: Elegante e delicado, com notas a frutos vermelhos.<\/span><\/p>\n<\/p>\n<p class=\"MsoNormal\" style=\"margin-bottom:0cm;line-height:normal;\"><span lang=\"pt\" xml:lang=\"pt\">Boca: Destaca-se pela frescura, boa acidez e um final persistente.<\/span><\/p>\n<\/p>\n<p class=\"MsoNormal\" style=\"margin-bottom:0cm;line-height:normal;\"><span lang=\"pt\" xml:lang=\"pt\">Harmoniza\u00e7\u00e3o: Um rose\u0301 apaixonante de harmonizac\u0327a\u0303o versa\u0301til. Como aperitivo, peixes grelhados e mariscos.<\/span><\/p><\/p>\n","protected":false},"excerpt":{"rendered":"<ul>\n<li>Produtor: Quinta do Ortigao<br \/>Regi\u00e3o: Bairrada<br \/>Pa\u00eds: Portugal<br \/>Estilo de Vinho: Vinho Rose<br \/>Uva: Baga, Touriga Nacional,Tinta Roriz<br \/>Garrafa: 750ml<br \/>Teor de \u00e1lcool: 12.5%<\/li>\n<\/ul>\n","protected":false},"author":43533,"featured_media":198010,"comment_status":"open","ping_status":"closed","template":"","meta":[],"pwb-brand":[],"product_brand":[],"product_cat":[8289,8291,8431,8523,8923],"product_tag":[],"class_list":{"0":"post-215878","1":"product","2":"type-product","3":"status-publish","4":"has-post-thumbnail","6":"product_cat-inicio","7":"product_cat-produtos-portugueses","8":"product_cat-vinhos-pt-pt","9":"product_cat-vinho-rose","10":"product_cat-bairrada-pt-pt-vinho-rose","12":"first","13":"outofstock","14":"taxable","15":"shipping-taxable","16":"purchasable","17":"product-type-simple"},"aioseo_notices":[],"brands":[],"_links":{"self":[{"href":"https:\/\/www.delicias-uk.com\/pt-pt\/wp-json\/wp\/v2\/product\/215878","targetHints":{"allow":["GET"]}}],"collection":[{"href":"https:\/\/www.delicias-uk.com\/pt-pt\/wp-json\/wp\/v2\/product"}],"about":[{"href":"https:\/\/www.delicias-uk.com\/pt-pt\/wp-json\/wp\/v2\/types\/product"}],"author":[{"embeddable":true,"href":"https:\/\/www.delicias-uk.com\/pt-pt\/wp-json\/wp\/v2\/users\/43533"}],"replies":[{"embeddable":true,"href":"https:\/\/www.delicias-uk.com\/pt-pt\/wp-json\/wp\/v2\/comments?post=215878"}],"wp:featuredmedia":[{"embeddable":true,"href":"https:\/\/www.delicias-uk.com\/pt-pt\/wp-json\/wp\/v2\/media\/198010"}],"wp:attachment":[{"href":"https:\/\/www.delicias-uk.com\/pt-pt\/wp-json\/wp\/v2\/media?parent=215878"}],"wp:term":[{"taxonomy":"pwb-brand","embeddable":true,"href":"https:\/\/www.delicias-uk.com\/pt-pt\/wp-json\/wp\/v2\/pwb-brand?post=215878"},{"taxonomy":"product_brand","embeddable":true,"href":"https:\/\/www.delicias-uk.com\/pt-pt\/wp-json\/wp\/v2\/product_brand?post=215878"},{"taxonomy":"product_cat","embeddable":true,"href":"https:\/\/www.delicias-uk.com\/pt-pt\/wp-json\/wp\/v2\/product_cat?post=215878"},{"taxonomy":"product_tag","embeddable":true,"href":"https:\/\/www.delicias-uk.com\/pt-pt\/wp-json\/wp\/v2\/product_tag?post=215878"}],"curies":[{"name":"wp","href":"https:\/\/api.w.org\/{rel}","templated":true}]}}