{"id":215866,"date":"2023-02-03T16:13:00","date_gmt":"2023-02-03T16:13:00","guid":{"rendered":"https:\/\/www.delicias-uk.com\/product\/bolo-de-arroz-65g-x-6\/"},"modified":"2026-01-21T16:42:01","modified_gmt":"2026-01-21T16:42:01","slug":"bolo-de-arroz-65g-x-6","status":"publish","type":"product","link":"https:\/\/www.delicias-uk.com\/pt-pt\/produto\/bolo-de-arroz-65g-x-6\/","title":{"rendered":"Bolo de Arroz Congelado Nutriva 6x65g"},"content":{"rendered":"<p class=\"MsoNormal\" style=\"margin-bottom:10pt;line-height:115%\"><span lang=\"pt-br\" xml:lang=\"pt-br\">Comumente conhecido como Bolo de Arroz, ou muffin de arroz portugu\u00eas, este \u00e9 um doce leve e esponjoso. O delicioso bolo macio com notas delicadas de baunilha e lim\u00e3o \u00e9 excelente servido sozinho ou acompanhado de natas, curd de lim\u00e3o ou gelado.<\/span><\/p><\/p>\n","protected":false},"excerpt":{"rendered":"<ul>\n<li>Embalagem com 6 unidades de 65g cada<\/li>\n<li>Produto congelado<\/li>\n<li>Da Nutriva, uma companhia Portuguesa<\/li>\n<li>Pronto para comer<\/li>\n<\/ul>\n","protected":false},"author":43533,"featured_media":92682,"comment_status":"open","ping_status":"closed","template":"","meta":[],"pwb-brand":[],"product_brand":[],"product_cat":[8289,8305,8399],"product_tag":[],"class_list":{"0":"post-215866","1":"product","2":"type-product","3":"status-publish","4":"has-post-thumbnail","6":"product_cat-inicio","7":"product_cat-produtos-congelados","8":"product_cat-pastelaria-congelada","10":"first","11":"outofstock","12":"taxable","13":"shipping-taxable","14":"purchasable","15":"product-type-simple"},"aioseo_notices":[],"brands":[],"_links":{"self":[{"href":"https:\/\/www.delicias-uk.com\/pt-pt\/wp-json\/wp\/v2\/product\/215866","targetHints":{"allow":["GET"]}}],"collection":[{"href":"https:\/\/www.delicias-uk.com\/pt-pt\/wp-json\/wp\/v2\/product"}],"about":[{"href":"https:\/\/www.delicias-uk.com\/pt-pt\/wp-json\/wp\/v2\/types\/product"}],"author":[{"embeddable":true,"href":"https:\/\/www.delicias-uk.com\/pt-pt\/wp-json\/wp\/v2\/users\/43533"}],"replies":[{"embeddable":true,"href":"https:\/\/www.delicias-uk.com\/pt-pt\/wp-json\/wp\/v2\/comments?post=215866"}],"wp:featuredmedia":[{"embeddable":true,"href":"https:\/\/www.delicias-uk.com\/pt-pt\/wp-json\/wp\/v2\/media\/92682"}],"wp:attachment":[{"href":"https:\/\/www.delicias-uk.com\/pt-pt\/wp-json\/wp\/v2\/media?parent=215866"}],"wp:term":[{"taxonomy":"pwb-brand","embeddable":true,"href":"https:\/\/www.delicias-uk.com\/pt-pt\/wp-json\/wp\/v2\/pwb-brand?post=215866"},{"taxonomy":"product_brand","embeddable":true,"href":"https:\/\/www.delicias-uk.com\/pt-pt\/wp-json\/wp\/v2\/product_brand?post=215866"},{"taxonomy":"product_cat","embeddable":true,"href":"https:\/\/www.delicias-uk.com\/pt-pt\/wp-json\/wp\/v2\/product_cat?post=215866"},{"taxonomy":"product_tag","embeddable":true,"href":"https:\/\/www.delicias-uk.com\/pt-pt\/wp-json\/wp\/v2\/product_tag?post=215866"}],"curies":[{"name":"wp","href":"https:\/\/api.w.org\/{rel}","templated":true}]}}