{"id":215844,"date":"2023-01-24T10:59:02","date_gmt":"2023-01-24T10:59:02","guid":{"rendered":"https:\/\/www.delicias-uk.com\/product\/toucinho-de-porco-c-sal-sel-1kg\/"},"modified":"2025-12-03T16:27:42","modified_gmt":"2025-12-03T16:27:42","slug":"toucinho-de-porco-c-sal-sel-1kg","status":"publish","type":"product","link":"https:\/\/www.delicias-uk.com\/pt-pt\/produto\/toucinho-de-porco-c-sal-sel-1kg\/","title":{"rendered":"Toucinho de Porco Preto com Sal SEL 1kg"},"content":{"rendered":"<p>Pe\u00e7a retangular ap\u00f3s ser separado do bacon, das regi\u00f5es do ombro, perna e costela.<\/p>\n<p><strong>Ingredientes<\/strong>: Bacon (Origem: UE) e Sal<\/p>\n<p><strong>Al\u00e9rgenos<\/strong>: nenhum<\/p>\n<p><strong>Informa\u00e7\u00f5es nutricionais por 100g:<\/strong><\/p>\n<ul style=\"list-style-type:disc;\">\n<li>Energia 2600 kJ \/ 631 Kcal<\/li>\n<li>Lip\u00eddios 65,5 g<\/li>\n<li>dos quais saturados 26,2 g<\/li>\n<li>Carboidratos 0,5 g<\/li>\n<li>dos quais a\u00e7\u00facares 0,5 g<\/li>\n<li>Fibra 0,3 g<\/li>\n<li>Prote\u00edna 10,4 g<\/li>\n<li>Sal 4,9 g<\/li>\n<\/ul>\n<p><strong>Pa\u00eds de origem<\/strong>: UE<\/p>\n","protected":false},"excerpt":{"rendered":"<ul style=\"list-style-type:disc;\">\n<li>Peso l\u00edquido 1kg<\/li>\n<li>Banha de porco com sal<\/li>\n<li>Pe\u00e7a inteira<\/li>\n<\/ul>\n","protected":false},"author":43533,"featured_media":92631,"comment_status":"open","ping_status":"closed","template":"","meta":[],"pwb-brand":[],"product_brand":[],"product_cat":[8289,8291,8337,8661,8499],"product_tag":[],"class_list":{"0":"post-215844","1":"product","2":"type-product","3":"status-publish","4":"has-post-thumbnail","6":"product_cat-inicio","7":"product_cat-produtos-portugueses","8":"product_cat-charcutaria","9":"product_cat-bacon-pt-pt","10":"product_cat-sem-glutem","12":"first","13":"instock","14":"taxable","15":"shipping-taxable","16":"purchasable","17":"product-type-simple"},"aioseo_notices":[],"brands":[],"_links":{"self":[{"href":"https:\/\/www.delicias-uk.com\/pt-pt\/wp-json\/wp\/v2\/product\/215844","targetHints":{"allow":["GET"]}}],"collection":[{"href":"https:\/\/www.delicias-uk.com\/pt-pt\/wp-json\/wp\/v2\/product"}],"about":[{"href":"https:\/\/www.delicias-uk.com\/pt-pt\/wp-json\/wp\/v2\/types\/product"}],"author":[{"embeddable":true,"href":"https:\/\/www.delicias-uk.com\/pt-pt\/wp-json\/wp\/v2\/users\/43533"}],"replies":[{"embeddable":true,"href":"https:\/\/www.delicias-uk.com\/pt-pt\/wp-json\/wp\/v2\/comments?post=215844"}],"wp:featuredmedia":[{"embeddable":true,"href":"https:\/\/www.delicias-uk.com\/pt-pt\/wp-json\/wp\/v2\/media\/92631"}],"wp:attachment":[{"href":"https:\/\/www.delicias-uk.com\/pt-pt\/wp-json\/wp\/v2\/media?parent=215844"}],"wp:term":[{"taxonomy":"pwb-brand","embeddable":true,"href":"https:\/\/www.delicias-uk.com\/pt-pt\/wp-json\/wp\/v2\/pwb-brand?post=215844"},{"taxonomy":"product_brand","embeddable":true,"href":"https:\/\/www.delicias-uk.com\/pt-pt\/wp-json\/wp\/v2\/product_brand?post=215844"},{"taxonomy":"product_cat","embeddable":true,"href":"https:\/\/www.delicias-uk.com\/pt-pt\/wp-json\/wp\/v2\/product_cat?post=215844"},{"taxonomy":"product_tag","embeddable":true,"href":"https:\/\/www.delicias-uk.com\/pt-pt\/wp-json\/wp\/v2\/product_tag?post=215844"}],"curies":[{"name":"wp","href":"https:\/\/api.w.org\/{rel}","templated":true}]}}