{"id":215822,"date":"2022-12-29T09:42:58","date_gmt":"2022-12-29T09:42:58","guid":{"rendered":"https:\/\/www.delicias-uk.com\/product\/queijo-cremoso-cabra-palhais-100g\/"},"modified":"2026-03-07T18:58:54","modified_gmt":"2026-03-07T18:58:54","slug":"queijo-cremoso-cabra-palhais-100g","status":"publish","type":"product","link":"https:\/\/www.delicias-uk.com\/pt-pt\/produto\/queijo-cremoso-cabra-palhais-100g\/","title":{"rendered":"Queijo Cremoso de Cabra Palhais 100g"},"content":{"rendered":"<p class=\"MsoNormal\"><span lang=\"pt\" style=\"color:#000000;\" xml:lang=\"pt\">Genu\u00edno queijo de cabra fundido, de sabor intenso a puro leite de cabra. Formato pr\u00e1tico e conveniente para barrar no p\u00e3o, em tostas ou para confecionar receitas. Recomenda-se a sua degusta\u00e7\u00e3o \u00e0 temperatura ambiente. Depois de aberto, conservar no frigorifico.<\/span><\/p>\n<\/p>\n<p class=\"MsoNormal\">\n","protected":false},"excerpt":{"rendered":"<ul style=\"list-style-type:disc;\">\n<li><span lang=\"pt\" xml:lang=\"pt\">Queijo de cabra fundido<\/span><\/li>\n<li><span lang=\"pt\" xml:lang=\"pt\">Sabor intenso a puro leite de cabra<\/span><\/li>\n<li><span lang=\"pt\" xml:lang=\"pt\">Recomenda-se a sua degusta\u00e7\u00e3o \u00e0 temperatura ambiente<\/span><\/li>\n<\/ul>\n","protected":false},"author":43533,"featured_media":92586,"comment_status":"open","ping_status":"closed","template":"","meta":[],"pwb-brand":[],"product_brand":[],"product_cat":[9322,9323,8289,8715],"product_tag":[],"class_list":{"0":"post-215822","1":"product","2":"type-product","3":"status-publish","4":"has-post-thumbnail","6":"product_cat-salgados-de-natal","7":"product_cat-selecao-de-queijos","8":"product_cat-inicio","9":"product_cat-cabra-pt-pt","11":"first","12":"instock","13":"taxable","14":"shipping-taxable","15":"purchasable","16":"product-type-simple"},"aioseo_notices":[],"brands":[],"_links":{"self":[{"href":"https:\/\/www.delicias-uk.com\/pt-pt\/wp-json\/wp\/v2\/product\/215822","targetHints":{"allow":["GET"]}}],"collection":[{"href":"https:\/\/www.delicias-uk.com\/pt-pt\/wp-json\/wp\/v2\/product"}],"about":[{"href":"https:\/\/www.delicias-uk.com\/pt-pt\/wp-json\/wp\/v2\/types\/product"}],"author":[{"embeddable":true,"href":"https:\/\/www.delicias-uk.com\/pt-pt\/wp-json\/wp\/v2\/users\/43533"}],"replies":[{"embeddable":true,"href":"https:\/\/www.delicias-uk.com\/pt-pt\/wp-json\/wp\/v2\/comments?post=215822"}],"wp:featuredmedia":[{"embeddable":true,"href":"https:\/\/www.delicias-uk.com\/pt-pt\/wp-json\/wp\/v2\/media\/92586"}],"wp:attachment":[{"href":"https:\/\/www.delicias-uk.com\/pt-pt\/wp-json\/wp\/v2\/media?parent=215822"}],"wp:term":[{"taxonomy":"pwb-brand","embeddable":true,"href":"https:\/\/www.delicias-uk.com\/pt-pt\/wp-json\/wp\/v2\/pwb-brand?post=215822"},{"taxonomy":"product_brand","embeddable":true,"href":"https:\/\/www.delicias-uk.com\/pt-pt\/wp-json\/wp\/v2\/product_brand?post=215822"},{"taxonomy":"product_cat","embeddable":true,"href":"https:\/\/www.delicias-uk.com\/pt-pt\/wp-json\/wp\/v2\/product_cat?post=215822"},{"taxonomy":"product_tag","embeddable":true,"href":"https:\/\/www.delicias-uk.com\/pt-pt\/wp-json\/wp\/v2\/product_tag?post=215822"}],"curies":[{"name":"wp","href":"https:\/\/api.w.org\/{rel}","templated":true}]}}