{"id":215818,"date":"2022-12-29T09:24:52","date_gmt":"2022-12-29T09:24:52","guid":{"rendered":"https:\/\/www.delicias-uk.com\/product\/queijo-santiago-sabores-mistura-tabua-com-3-queijos-90g-x-3\/"},"modified":"2025-11-26T14:09:21","modified_gmt":"2025-11-26T14:09:21","slug":"queijo-santiago-sabores-mistura-tabua-com-3-queijos-90g-x-3","status":"publish","type":"product","link":"https:\/\/www.delicias-uk.com\/pt-pt\/produto\/queijo-santiago-sabores-mistura-tabua-com-3-queijos-90g-x-3\/","title":{"rendered":"T\u00e1bua Sele\u00e7\u00e3o de 3 Queijos Redondos  Santiago 90g x 3"},"content":{"rendered":"<p class=\"MsoNormal\"><span lang=\"pt\" style=\"color:#000000;background:#FFFFFF;\" xml:lang=\"pt\">Queijo Santiago Sabores Mistura Tabua Com 3 Queijos 90g x 3<\/span><span lang=\"pt\" style=\"background:#FFFFFF;\" xml:lang=\"pt\"><\/span><\/p>\n<\/p>\n<p class=\"MsoNormal\"><span lang=\"pt\" style=\"color:#000000;background:#FFFFFF;\" xml:lang=\"pt\">. Queijo de Mistura Curado com Pimenta Rosa<\/span><span lang=\"pt\" style=\"background:#FFFFFF;\" xml:lang=\"pt\"><\/span><\/p>\n<\/p>\n<p class=\"MsoNormal\"><span lang=\"pt\" style=\"color:#000000;background:#FFFFFF;\" xml:lang=\"pt\">. Queijo de Mistura Curado com Manjericao e Tomilho<\/span><span lang=\"pt\" style=\"background:#FFFFFF;\" xml:lang=\"pt\"><\/span><\/p>\n<\/p>\n<p class=\"MsoNormal\"><span lang=\"pt\" style=\"color:#000000;background:#FFFFFF;\" xml:lang=\"pt\">. Queijo de Mistura Curado<\/span><span lang=\"pt\" style=\"background:#FFFFFF;\" xml:lang=\"pt\"><\/span><\/p><\/p>\n","protected":false},"excerpt":{"rendered":"<p class=\"MsoNormal\"><span style=\"background-color:#FFFFFF;\">. Queijo de Mistura Curado com Pimenta Rosa<\/span><\/p>\n<p class=\"MsoNormal\"><span lang=\"pt\" style=\"color:#000000;background:#FFFFFF;\" xml:lang=\"pt\">. Queijo de Mistura Curado com Manjericao e Tomilho<\/span><span lang=\"pt\" style=\"background:#FFFFFF;\" xml:lang=\"pt\"><\/span><\/p>\n<\/p>\n<p class=\"MsoNormal\"><span lang=\"pt\" style=\"color:#000000;background:#FFFFFF;\" xml:lang=\"pt\">. Queijo de Mistura Curado<\/span><span lang=\"pt\" style=\"background:#FFFFFF;\" xml:lang=\"pt\"><\/span><\/p><\/p>\n","protected":false},"author":43533,"featured_media":92578,"comment_status":"open","ping_status":"closed","template":"","meta":[],"pwb-brand":[],"product_brand":[],"product_cat":[9322,9323,8289,8487,8787],"product_tag":[],"class_list":{"0":"post-215818","1":"product","2":"type-product","3":"status-publish","4":"has-post-thumbnail","6":"product_cat-salgados-de-natal","7":"product_cat-selecao-de-queijos","8":"product_cat-inicio","9":"product_cat-queijos","10":"product_cat-mistura-pt-pt","12":"first","13":"outofstock","14":"taxable","15":"shipping-taxable","16":"purchasable","17":"product-type-simple"},"aioseo_notices":[],"brands":[],"_links":{"self":[{"href":"https:\/\/www.delicias-uk.com\/pt-pt\/wp-json\/wp\/v2\/product\/215818","targetHints":{"allow":["GET"]}}],"collection":[{"href":"https:\/\/www.delicias-uk.com\/pt-pt\/wp-json\/wp\/v2\/product"}],"about":[{"href":"https:\/\/www.delicias-uk.com\/pt-pt\/wp-json\/wp\/v2\/types\/product"}],"author":[{"embeddable":true,"href":"https:\/\/www.delicias-uk.com\/pt-pt\/wp-json\/wp\/v2\/users\/43533"}],"replies":[{"embeddable":true,"href":"https:\/\/www.delicias-uk.com\/pt-pt\/wp-json\/wp\/v2\/comments?post=215818"}],"wp:featuredmedia":[{"embeddable":true,"href":"https:\/\/www.delicias-uk.com\/pt-pt\/wp-json\/wp\/v2\/media\/92578"}],"wp:attachment":[{"href":"https:\/\/www.delicias-uk.com\/pt-pt\/wp-json\/wp\/v2\/media?parent=215818"}],"wp:term":[{"taxonomy":"pwb-brand","embeddable":true,"href":"https:\/\/www.delicias-uk.com\/pt-pt\/wp-json\/wp\/v2\/pwb-brand?post=215818"},{"taxonomy":"product_brand","embeddable":true,"href":"https:\/\/www.delicias-uk.com\/pt-pt\/wp-json\/wp\/v2\/product_brand?post=215818"},{"taxonomy":"product_cat","embeddable":true,"href":"https:\/\/www.delicias-uk.com\/pt-pt\/wp-json\/wp\/v2\/product_cat?post=215818"},{"taxonomy":"product_tag","embeddable":true,"href":"https:\/\/www.delicias-uk.com\/pt-pt\/wp-json\/wp\/v2\/product_tag?post=215818"}],"curies":[{"name":"wp","href":"https:\/\/api.w.org\/{rel}","templated":true}]}}