{"id":215806,"date":"2022-12-19T15:43:46","date_gmt":"2022-12-19T15:43:46","guid":{"rendered":"https:\/\/www.delicias-uk.com\/product\/gin-cannings-da-madeira-70cl\/"},"modified":"2025-02-06T17:22:01","modified_gmt":"2025-02-06T17:22:01","slug":"gin-cannings-da-madeira-70cl","status":"publish","type":"product","link":"https:\/\/www.delicias-uk.com\/pt-pt\/produto\/gin-cannings-da-madeira-70cl\/","title":{"rendered":"Gin Cannings da Madeira 70cl"},"content":{"rendered":"<p style=\"margin:0cm;\"><span style=\"font-size:11pt;font-family:Calibri, sans-serif;color:#000000;\">Feito na ilha da Madeira, no meio do oceano Atl\u00e2ntico, a receita do Canning\u2019s Gin inclui plantas da floresta end\u00e9mica Laurissilva (considerada em 1999 pela UNESCO como Patrim\u00f3nio da Humanidade).<\/span><\/p>\n<\/p>\n<p style=\"margin:0cm;\"><span style=\"font-size:11pt;font-family:Calibri, sans-serif;color:#000000;\"><\/span><\/p>\n<p>\u00a0<\/p>\n<p style=\"margin:0cm;word-spacing:0px;\"><span style=\"font-size:11pt;font-family:Calibri, sans-serif;color:#000000;\">A adi\u00e7\u00e3o da mais pura \u00e1gua das montanhas, as notas de maracuj\u00e1, da pitanga e de outros frutos ex\u00f3ticos conferem um sabor \u00fanico e delicado<\/span><\/p>\n<\/p>\n<p style=\"margin:0cm;\"><span style=\"font-size:11pt;font-family:Calibri, sans-serif;color:#000000;\"><\/span><\/p>\n<p>\u00a0<\/p>\n<p style=\"margin:0cm;word-spacing:0px;\"><span style=\"font-size:11pt;font-family:Calibri, sans-serif;color:#000000;\">O Canning\u2019s Gin arrecadou a medalha de ouro na competi\u00e7\u00e3o internacional em prova cega da International Wine and Spirits em Londres, atestando a sua qualidade e colocando-o entre os melhores Gins do Mundo.<\/span><\/p>\n<\/p>\n<p style=\"margin:0cm;\"><span style=\"font-size:11pt;font-family:Calibri, sans-serif;color:#000000;\"><\/span><\/p>\n<p>\u00a0<\/p>\n<p style=\"margin:0cm;word-spacing:0px;\"><span style=\"font-size:11pt;font-family:Calibri, sans-serif;color:#000000;\">\u201cNotas de pinho, o tradicional zimbro, ligeiramente terroso e com um bom grau de profundidade. A sua complexidade leva at\u00e9 ao paladar notas de pimenta e menta. Com um final longo e suave onde sobressai a intensidade da pimenta.\u201d \u2013 Notas do J\u00fari da International Wine and Spirits Competition- 2018<\/span><\/p><\/p>\n","protected":false},"excerpt":{"rendered":"<p style=\"margin:0cm;\"><span lang=\"pt\" style=\"font-size:11pt;font-family:Calibri, sans-serif;color:#000000;\" xml:lang=\"pt\">. Feito na ilha da Madeira<\/span><\/p>\n<\/p>\n<p style=\"margin:0cm;\"><span lang=\"pt\" style=\"font-size:11pt;font-family:Calibri, sans-serif;color:#000000;\" xml:lang=\"pt\">. Receita do Canning\u2019s Gin inclui plantas da floresta end\u00e9mica Laurissilva <\/span><\/p>\n<\/p>\n<p style=\"margin:0cm;\"><span lang=\"pt\" style=\"font-size:11pt;font-family:Calibri, sans-serif;color:#000000;\" xml:lang=\"pt\">. Medalha de ouro na competi\u00e7\u00e3o internacional em prova cega da International Wine and Spirits em Londres<\/span><\/p><\/p>\n","protected":false},"author":43533,"featured_media":92554,"comment_status":"open","ping_status":"closed","template":"","meta":[],"pwb-brand":[],"product_brand":[],"product_cat":[9346,8289,8291,8417,8459],"product_tag":[],"class_list":{"0":"post-215806","1":"product","2":"type-product","3":"status-publish","4":"has-post-thumbnail","6":"product_cat-gin-pt-pt","7":"product_cat-inicio","8":"product_cat-produtos-portugueses","9":"product_cat-espirituosas-licor","10":"product_cat-gin-vodka-pt-pt","12":"first","13":"instock","14":"taxable","15":"shipping-taxable","16":"purchasable","17":"product-type-simple"},"aioseo_notices":[],"brands":[],"_links":{"self":[{"href":"https:\/\/www.delicias-uk.com\/pt-pt\/wp-json\/wp\/v2\/product\/215806","targetHints":{"allow":["GET"]}}],"collection":[{"href":"https:\/\/www.delicias-uk.com\/pt-pt\/wp-json\/wp\/v2\/product"}],"about":[{"href":"https:\/\/www.delicias-uk.com\/pt-pt\/wp-json\/wp\/v2\/types\/product"}],"author":[{"embeddable":true,"href":"https:\/\/www.delicias-uk.com\/pt-pt\/wp-json\/wp\/v2\/users\/43533"}],"replies":[{"embeddable":true,"href":"https:\/\/www.delicias-uk.com\/pt-pt\/wp-json\/wp\/v2\/comments?post=215806"}],"wp:featuredmedia":[{"embeddable":true,"href":"https:\/\/www.delicias-uk.com\/pt-pt\/wp-json\/wp\/v2\/media\/92554"}],"wp:attachment":[{"href":"https:\/\/www.delicias-uk.com\/pt-pt\/wp-json\/wp\/v2\/media?parent=215806"}],"wp:term":[{"taxonomy":"pwb-brand","embeddable":true,"href":"https:\/\/www.delicias-uk.com\/pt-pt\/wp-json\/wp\/v2\/pwb-brand?post=215806"},{"taxonomy":"product_brand","embeddable":true,"href":"https:\/\/www.delicias-uk.com\/pt-pt\/wp-json\/wp\/v2\/product_brand?post=215806"},{"taxonomy":"product_cat","embeddable":true,"href":"https:\/\/www.delicias-uk.com\/pt-pt\/wp-json\/wp\/v2\/product_cat?post=215806"},{"taxonomy":"product_tag","embeddable":true,"href":"https:\/\/www.delicias-uk.com\/pt-pt\/wp-json\/wp\/v2\/product_tag?post=215806"}],"curies":[{"name":"wp","href":"https:\/\/api.w.org\/{rel}","templated":true}]}}