{"id":215804,"date":"2022-12-14T14:24:16","date_gmt":"2022-12-14T14:24:16","guid":{"rendered":"https:\/\/www.delicias-uk.com\/product\/carabineiro-selvagem-mozambique-xl00-u-10-frip-800g\/"},"modified":"2026-01-23T18:54:02","modified_gmt":"2026-01-23T18:54:02","slug":"carabineiro-selvagem-mozambique-congelado-10-20-frip-400g","status":"publish","type":"product","link":"https:\/\/www.delicias-uk.com\/pt-pt\/produto\/carabineiro-selvagem-mozambique-congelado-10-20-frip-400g\/","title":{"rendered":"Carabineiro Selvagem Mozambique Congelado (10-20) Frip 400g"},"content":{"rendered":"<p style=\"margin: 0cm;\"><span lang=\"pt\" style=\"font-size: 11pt; font-family: Calibri, sans-serif; color: #000000;\" xml:lang=\"pt\">Dos mares Mo\u00e7ambicanos, a Frip captura o melhor marisco selvagem do mundo, ultracongelado e embalado a bordo, preservando intactas as suas melhores caracter\u00edsticas de sabor e qualidade at\u00e9 chegar \u00e0 sua mesa.<\/span><\/p>\n","protected":false},"excerpt":{"rendered":"<p style=\"margin: 0cm;\"><span lang=\"pt\" style=\"font-size: 11pt; font-family: Calibri, sans-serif; color: #000000;\" xml:lang=\"pt\">. De Mo\u00e7ambique<\/span><\/p>\n<p style=\"margin: 0cm;\"><span lang=\"pt\" style=\"font-size: 11pt; font-family: Calibri, sans-serif; color: #000000;\" xml:lang=\"pt\">. Camar\u00e3o grande, tanto em tamanho como em sabor<\/span><\/p>\n<p style=\"margin: 0cm;\"><span lang=\"pt\" style=\"font-size: 11pt; font-family: Calibri, sans-serif; color: #000000;\" xml:lang=\"pt\">. Ultracongelado<\/span><\/p>\n","protected":false},"author":43533,"featured_media":92551,"comment_status":"open","ping_status":"closed","template":"","meta":[],"pwb-brand":[],"product_brand":[],"product_cat":[9341,8289,8305,8419],"product_tag":[],"class_list":{"0":"post-215804","1":"product","2":"type-product","3":"status-publish","4":"has-post-thumbnail","6":"product_cat-camarao","7":"product_cat-inicio","8":"product_cat-produtos-congelados","9":"product_cat-frutos-do-mar-congelado","11":"first","12":"instock","13":"taxable","14":"shipping-taxable","15":"purchasable","16":"product-type-simple"},"aioseo_notices":[],"brands":[],"_links":{"self":[{"href":"https:\/\/www.delicias-uk.com\/pt-pt\/wp-json\/wp\/v2\/product\/215804","targetHints":{"allow":["GET"]}}],"collection":[{"href":"https:\/\/www.delicias-uk.com\/pt-pt\/wp-json\/wp\/v2\/product"}],"about":[{"href":"https:\/\/www.delicias-uk.com\/pt-pt\/wp-json\/wp\/v2\/types\/product"}],"author":[{"embeddable":true,"href":"https:\/\/www.delicias-uk.com\/pt-pt\/wp-json\/wp\/v2\/users\/43533"}],"replies":[{"embeddable":true,"href":"https:\/\/www.delicias-uk.com\/pt-pt\/wp-json\/wp\/v2\/comments?post=215804"}],"wp:featuredmedia":[{"embeddable":true,"href":"https:\/\/www.delicias-uk.com\/pt-pt\/wp-json\/wp\/v2\/media\/92551"}],"wp:attachment":[{"href":"https:\/\/www.delicias-uk.com\/pt-pt\/wp-json\/wp\/v2\/media?parent=215804"}],"wp:term":[{"taxonomy":"pwb-brand","embeddable":true,"href":"https:\/\/www.delicias-uk.com\/pt-pt\/wp-json\/wp\/v2\/pwb-brand?post=215804"},{"taxonomy":"product_brand","embeddable":true,"href":"https:\/\/www.delicias-uk.com\/pt-pt\/wp-json\/wp\/v2\/product_brand?post=215804"},{"taxonomy":"product_cat","embeddable":true,"href":"https:\/\/www.delicias-uk.com\/pt-pt\/wp-json\/wp\/v2\/product_cat?post=215804"},{"taxonomy":"product_tag","embeddable":true,"href":"https:\/\/www.delicias-uk.com\/pt-pt\/wp-json\/wp\/v2\/product_tag?post=215804"}],"curies":[{"name":"wp","href":"https:\/\/api.w.org\/{rel}","templated":true}]}}