{"id":215790,"date":"2022-12-13T16:18:12","date_gmt":"2022-12-13T16:18:12","guid":{"rendered":"https:\/\/www.delicias-uk.com\/product\/alfarroba-e-leite-tablete-carob-80g\/"},"modified":"2022-12-13T16:18:12","modified_gmt":"2022-12-13T16:18:12","slug":"alfarroba-e-leite-tablete-carob-80g","status":"publish","type":"product","link":"https:\/\/www.delicias-uk.com\/pt-pt\/produto\/alfarroba-e-leite-tablete-carob-80g\/","title":{"rendered":"Tablete de Alfarroba e Am\u00eandoas 80g"},"content":{"rendered":"<p style=\"margin:0cm;\"><span lang=\"pt\" style=\"font-size:11pt;font-family:Calibri, sans-serif;color:#000000;\" xml:lang=\"pt\">A paix\u00e3o por aromas aut\u00eanticos transforma cada produto Carob World numa experi\u00eancia sensorial memor\u00e1vel. A sele\u00e7\u00e3o das melhores mat\u00e9rias-primas elevam os sentidos \u00e0 pureza mediterr\u00e2nica. Amadurecida pelo tempo e calor, a vagem da alfarroba \u00e9 colhida e limpa pelas m\u00e3os mais cuidadosas. Ap\u00f3s a secagem natural, a polpa \u00e9 cuidadosamente separada das sementes para ser torrada e mo\u00edda de modo a ser utilizada no fabrico de deliciosas e verdadeiras tenta\u00e7\u00f5es. O resultado \u00e9 um produto de excel\u00eancia que proporciona momentos \u00fanicos de requinte e sabor.<\/span><\/p>\n<p style=\"margin:0cm;\"><span lang=\"pt\" style=\"font-size:11pt;font-family:Calibri, sans-serif;color:#000000;\" xml:lang=\"pt\"><\/span><\/p>\n<p style=\"margin:0cm;\"><span lang=\"pt\" style=\"font-size:11pt;font-family:'Segoe UI Symbol', sans-serif;color:#000000;\" xml:lang=\"pt\">. <\/span><span lang=\"pt\" style=\"font-size:11pt;font-family:Calibri, sans-serif;color:#000000;\" xml:lang=\"pt\">Alto Teor em Fibra<\/span><\/p>\n<p style=\"margin:0cm;\"><span lang=\"pt\" style=\"font-size:11pt;font-family:Calibri, sans-serif;color:#000000;\" xml:lang=\"pt\">. Fonte de C\u00e1lcio<\/span><\/p>\n<p style=\"margin:0cm;\"><span lang=\"pt\" style=\"font-size:11pt;font-family:Calibri, sans-serif;color:#000000;\" xml:lang=\"pt\">. Fonte de Pot\u00e1ssio<\/span><\/p>\n<p style=\"margin:0cm;\"><span lang=\"pt\" style=\"font-size:11pt;font-family:Calibri, sans-serif;color:#000000;\" xml:lang=\"pt\">. Baixo Teor de Sal <\/span><\/p>\n<p style=\"margin:0cm;\"><span lang=\"pt\" style=\"font-size:11pt;font-family:'Segoe UI Symbol', sans-serif;color:#000000;\" xml:lang=\"pt\">. <\/span><span lang=\"pt\" style=\"font-size:11pt;font-family:Calibri, sans-serif;color:#000000;\" xml:lang=\"pt\">Cont\u00e9m A\u00e7\u00facares Naturalmente Presentes<\/span><\/p><\/p>\n","protected":false},"excerpt":{"rendered":"<p style=\"margin:0cm;\"><span lang=\"pt\" style=\"font-size:11pt;font-family:Calibri, sans-serif;color:#000000;\" xml:lang=\"pt\">. Gluten Free<\/span><\/p>\n<p style=\"margin:0cm;\"><span lang=\"pt\" style=\"font-size:11pt;font-family:Calibri, sans-serif;color:#000000;\" xml:lang=\"pt\">. Vegano<\/span><\/p>\n<p style=\"margin:0cm;\"><span lang=\"pt\" style=\"font-size:11pt;font-family:'Segoe UI Symbol', sans-serif;color:#000000;\" xml:lang=\"pt\">. <\/span><span lang=\"pt\" style=\"font-size:11pt;font-family:Calibri, sans-serif;color:#000000;\" xml:lang=\"pt\">Alto Teor em Fibra<\/span><\/p>\n<p style=\"margin:0cm;\"><span lang=\"pt\" style=\"font-size:11pt;font-family:Calibri, sans-serif;color:#000000;\" xml:lang=\"pt\">. Fonte de C\u00e1lcio<\/span><\/p>\n<p style=\"margin:0cm;\"><span lang=\"pt\" style=\"font-size:11pt;font-family:Calibri, sans-serif;color:#000000;\" xml:lang=\"pt\">. Fonte de Pot\u00e1ssio<\/span><\/p>\n<p style=\"margin:0cm;\"><span lang=\"pt\" style=\"font-size:11pt;font-family:Calibri, sans-serif;color:#000000;\" xml:lang=\"pt\">. Baixo Teor de Sal <\/span><\/p>\n<p style=\"margin:0cm;\"><span lang=\"pt\" style=\"font-size:11pt;font-family:'Segoe UI Symbol', sans-serif;color:#000000;\" xml:lang=\"pt\">. <\/span><span lang=\"pt\" style=\"font-size:11pt;font-family:Calibri, sans-serif;color:#000000;\" xml:lang=\"pt\">Cont\u00e9m A\u00e7\u00facares Naturalmente Presentes<\/span><\/p><\/p>\n","protected":false},"author":43533,"featured_media":92516,"comment_status":"open","ping_status":"closed","template":"","meta":[],"pwb-brand":[],"product_brand":[],"product_cat":[8289,8499],"product_tag":[],"class_list":{"0":"post-215790","1":"product","2":"type-product","3":"status-publish","4":"has-post-thumbnail","6":"product_cat-inicio","7":"product_cat-sem-glutem","9":"first","10":"outofstock","11":"taxable","12":"shipping-taxable","13":"purchasable","14":"product-type-simple"},"aioseo_notices":[],"brands":[],"_links":{"self":[{"href":"https:\/\/www.delicias-uk.com\/pt-pt\/wp-json\/wp\/v2\/product\/215790","targetHints":{"allow":["GET"]}}],"collection":[{"href":"https:\/\/www.delicias-uk.com\/pt-pt\/wp-json\/wp\/v2\/product"}],"about":[{"href":"https:\/\/www.delicias-uk.com\/pt-pt\/wp-json\/wp\/v2\/types\/product"}],"author":[{"embeddable":true,"href":"https:\/\/www.delicias-uk.com\/pt-pt\/wp-json\/wp\/v2\/users\/43533"}],"replies":[{"embeddable":true,"href":"https:\/\/www.delicias-uk.com\/pt-pt\/wp-json\/wp\/v2\/comments?post=215790"}],"wp:featuredmedia":[{"embeddable":true,"href":"https:\/\/www.delicias-uk.com\/pt-pt\/wp-json\/wp\/v2\/media\/92516"}],"wp:attachment":[{"href":"https:\/\/www.delicias-uk.com\/pt-pt\/wp-json\/wp\/v2\/media?parent=215790"}],"wp:term":[{"taxonomy":"pwb-brand","embeddable":true,"href":"https:\/\/www.delicias-uk.com\/pt-pt\/wp-json\/wp\/v2\/pwb-brand?post=215790"},{"taxonomy":"product_brand","embeddable":true,"href":"https:\/\/www.delicias-uk.com\/pt-pt\/wp-json\/wp\/v2\/product_brand?post=215790"},{"taxonomy":"product_cat","embeddable":true,"href":"https:\/\/www.delicias-uk.com\/pt-pt\/wp-json\/wp\/v2\/product_cat?post=215790"},{"taxonomy":"product_tag","embeddable":true,"href":"https:\/\/www.delicias-uk.com\/pt-pt\/wp-json\/wp\/v2\/product_tag?post=215790"}],"curies":[{"name":"wp","href":"https:\/\/api.w.org\/{rel}","templated":true}]}}