{"id":215786,"date":"2022-12-13T15:46:10","date_gmt":"2022-12-13T15:46:10","guid":{"rendered":"https:\/\/www.delicias-uk.com\/product\/tablete-de-alfarroba-ao-leite-80g\/"},"modified":"2025-12-11T18:02:24","modified_gmt":"2025-12-11T18:02:24","slug":"tablete-de-alfarroba-ao-leite-80g","status":"publish","type":"product","link":"https:\/\/www.delicias-uk.com\/pt-pt\/produto\/tablete-de-alfarroba-ao-leite-80g\/","title":{"rendered":"Tablete de Alfarroba ao Leite 80g"},"content":{"rendered":"<p>A paix\u00e3o por aromas aut\u00eanticos transforma cada produto Carob World numa experi\u00eancia sensorial memor\u00e1vel. A sele\u00e7\u00e3o das melhores mat\u00e9rias-primas elevam os sentidos \u00e0 pureza mediterr\u00e2nica. Amadurecida pelo tempo e calor, a vagem da alfarroba \u00e9 colhida e limpa pelas m\u00e3os mais cuidadosas. Ap\u00f3s a secagem natural, a polpa \u00e9 cuidadosamente separada das sementes para ser torrada e mo\u00edda de modo a ser utilizada no fabrico de deliciosas e verdadeiras tenta\u00e7\u00f5es. O resultado \u00e9 um produto de excel\u00eancia que proporciona momentos \u00fanicos de requinte e sabor.<\/p>\n","protected":false},"excerpt":{"rendered":"<ul>\n<li style=\"text-align:left;\">Sem gl\u00faten<\/li>\n<li style=\"text-align:left;\">Alto Teor em Fibra<\/li>\n<li style=\"text-align:left;\">Fonte de C\u00e1lcio<\/li>\n<li style=\"text-align:left;\">Fonte de Pot\u00e1ssio<\/li>\n<li style=\"text-align:left;\">Fonte de F\u00f3sforo<\/li>\n<li style=\"text-align:left;\">Baixo Teor de Sal<\/li>\n<li style=\"text-align:left;\">Cont\u00e9m A\u00e7\u00facares Naturalmente Presentes<\/li>\n<\/ul>\n","protected":false},"author":43533,"featured_media":92504,"comment_status":"open","ping_status":"closed","template":"","meta":[],"pwb-brand":[],"product_brand":[],"product_cat":[8289,8499],"product_tag":[],"class_list":{"0":"post-215786","1":"product","2":"type-product","3":"status-publish","4":"has-post-thumbnail","6":"product_cat-inicio","7":"product_cat-sem-glutem","9":"first","10":"outofstock","11":"taxable","12":"shipping-taxable","13":"purchasable","14":"product-type-simple"},"aioseo_notices":[],"brands":[],"_links":{"self":[{"href":"https:\/\/www.delicias-uk.com\/pt-pt\/wp-json\/wp\/v2\/product\/215786","targetHints":{"allow":["GET"]}}],"collection":[{"href":"https:\/\/www.delicias-uk.com\/pt-pt\/wp-json\/wp\/v2\/product"}],"about":[{"href":"https:\/\/www.delicias-uk.com\/pt-pt\/wp-json\/wp\/v2\/types\/product"}],"author":[{"embeddable":true,"href":"https:\/\/www.delicias-uk.com\/pt-pt\/wp-json\/wp\/v2\/users\/43533"}],"replies":[{"embeddable":true,"href":"https:\/\/www.delicias-uk.com\/pt-pt\/wp-json\/wp\/v2\/comments?post=215786"}],"wp:featuredmedia":[{"embeddable":true,"href":"https:\/\/www.delicias-uk.com\/pt-pt\/wp-json\/wp\/v2\/media\/92504"}],"wp:attachment":[{"href":"https:\/\/www.delicias-uk.com\/pt-pt\/wp-json\/wp\/v2\/media?parent=215786"}],"wp:term":[{"taxonomy":"pwb-brand","embeddable":true,"href":"https:\/\/www.delicias-uk.com\/pt-pt\/wp-json\/wp\/v2\/pwb-brand?post=215786"},{"taxonomy":"product_brand","embeddable":true,"href":"https:\/\/www.delicias-uk.com\/pt-pt\/wp-json\/wp\/v2\/product_brand?post=215786"},{"taxonomy":"product_cat","embeddable":true,"href":"https:\/\/www.delicias-uk.com\/pt-pt\/wp-json\/wp\/v2\/product_cat?post=215786"},{"taxonomy":"product_tag","embeddable":true,"href":"https:\/\/www.delicias-uk.com\/pt-pt\/wp-json\/wp\/v2\/product_tag?post=215786"}],"curies":[{"name":"wp","href":"https:\/\/api.w.org\/{rel}","templated":true}]}}