{"id":215772,"date":"2022-12-06T09:26:18","date_gmt":"2022-12-06T09:26:18","guid":{"rendered":"https:\/\/www.delicias-uk.com\/product\/queijo-de-ovelha-amanteigado-merendeira-sao-romao-rg-600g-2\/"},"modified":"2026-04-09T11:59:36","modified_gmt":"2026-04-09T10:59:36","slug":"queijo-de-ovelha-amanteigado-seia-550g","status":"publish","type":"product","link":"https:\/\/www.delicias-uk.com\/pt-pt\/produto\/queijo-de-ovelha-amanteigado-seia-550g\/","title":{"rendered":"Queijo De Ovelha Amanteigado Seia +\/-550g"},"content":{"rendered":"<p class=\"\" data-start=\"0\" data-end=\"112\"><span class=\"relative -mx-px my-[-0.2rem] rounded px-px py-[0.2rem] transition-colors duration-100 ease-in-out\">O <strong data-start=\"2\" data-end=\"50\">Queijo de Ovelha Amanteigado Seia do Tavares<\/strong> \u00e9 um dos produtos mais emblem\u00e1ticos da tradi\u00e7\u00e3o queijeira portuguesa, especialmente da regi\u00e3o da Serra da Estrela.<\/span> <span class=\"relative -mx-px my-[-0.2rem] rounded px-px py-[0.2rem] transition-colors duration-100 ease-in-out\">Produzido pela <strong data-start=\"15\" data-end=\"39\">Queijos Tavares S.A.<\/strong>, este queijo destaca-se pela sua textura cremosa e sabor intenso, sendo uma verdadeira iguaria para os apreciadores de queijos artesanais. O nosso queijo \u201cex-libris\u201d, produzido com leite cru de ovelha, reconhecido pela sua textura amanteigada e cremosa, aroma caracter\u00edstico e sabor intenso.<\/span><\/p>\n<h3 class=\"\" data-start=\"119\" data-end=\"152\">\u00a0Caracter\u00edsticas Principais<\/h3>\n<ul data-start=\"154\" data-end=\"444\">\n<li class=\"\" data-start=\"154\" data-end=\"203\">\n<p class=\"\" data-start=\"156\" data-end=\"203\"><strong data-start=\"156\" data-end=\"165\">Tipo:<\/strong> <span class=\"relative -mx-px my-[-0.2rem] rounded px-px py-[0.2rem] transition-colors duration-100 ease-in-out\">Queijo curado amanteigado de ovelha<\/span><\/p>\n<\/li>\n<li class=\"\" data-start=\"204\" data-end=\"257\">\n<p class=\"\" data-start=\"206\" data-end=\"257\"><strong data-start=\"206\" data-end=\"217\">Origem:<\/strong> <span class=\"relative -mx-px my-[-0.2rem] rounded px-px py-[0.2rem] transition-colors duration-100 ease-in-out\">Seia, Serra da Estrela, Portugal<\/span><\/p>\n<\/li>\n<li class=\"\" data-start=\"258\" data-end=\"312\">\n<p class=\"\" data-start=\"260\" data-end=\"312\"><strong data-start=\"260\" data-end=\"272\">Textura:<\/strong> <span class=\"relative -mx-px my-[-0.2rem] rounded px-px py-[0.2rem] transition-colors duration-100 ease-in-out\">Macia e cremosa, ideal para ser consumida com colher ou espalhada em p\u00e3o<\/span><\/p>\n<\/li>\n<li class=\"\" data-start=\"313\" data-end=\"444\">\n<p class=\"\" data-start=\"315\" data-end=\"444\"><strong data-start=\"315\" data-end=\"325\">Sabor:<\/strong> <span class=\"relative -mx-px my-[-0.2rem] rounded px-px py-[0.2rem] transition-colors duration-100 ease-in-out\">Intenso, com notas ligeiramente \u00e1cidas e florais, provenientes do uso de cardo como coagulante<\/span><\/p>\n<\/li>\n<\/ul>\n<h3 class=\"\" data-start=\"1121\" data-end=\"1149\">Sugest\u00f5es de Consumo<\/h3>\n<p class=\"\" data-start=\"1151\" data-end=\"1309\"><span class=\"relative -mx-px my-[-0.2rem] rounded px-px py-[0.2rem] transition-colors duration-100 ease-in-out\">Devido \u00e0 sua textura amanteigada, este queijo \u00e9 ideal para ser consumido de forma simples, acompanhado de p\u00e3o r\u00fastico ou tostas.<\/span> <span class=\"relative -mx-px my-[-0.2rem] rounded px-px py-[0.2rem] transition-colors duration-100 ease-in-out\">Tamb\u00e9m pode ser utilizado em receitas como risotos, conferindo cremosidade e um sabor distinto ao prato.<\/span> <span class=\"relative -mx-px my-[-0.2rem] rounded px-px py-[0.2rem] transition-colors duration-100 ease-in-out\">Al\u00e9m disso, harmoniza perfeitamente com vinhos tintos encorpados, que complementam seu sabor intenso.<\/span><\/p>\n","protected":false},"excerpt":{"rendered":"<ul>\n<li><span class=\"relative -mx-px my-[-0.2rem] rounded px-px py-[0.2rem] transition-colors duration-100 ease-in-out\">produzido com leite cru de ovelha<\/span><\/li>\n<li><span class=\"relative -mx-px my-[-0.2rem] rounded px-px py-[0.2rem] transition-colors duration-100 ease-in-out\">reconhecido pela sua textura amanteigada e cremosa<\/span><\/li>\n<li><span class=\"relative -mx-px my-[-0.2rem] rounded px-px py-[0.2rem] transition-colors duration-100 ease-in-out\">aroma caracter\u00edstico<\/span><\/li>\n<li><span class=\"relative -mx-px my-[-0.2rem] rounded px-px py-[0.2rem] transition-colors duration-100 ease-in-out\">sabor intenso<\/span><\/li>\n<\/ul>\n","protected":false},"author":43533,"featured_media":227285,"comment_status":"open","ping_status":"closed","template":"","meta":[],"pwb-brand":[],"product_brand":[],"product_cat":[9322,9323,8289,8753],"product_tag":[],"class_list":{"0":"post-215772","1":"product","2":"type-product","3":"status-publish","4":"has-post-thumbnail","6":"product_cat-salgados-de-natal","7":"product_cat-selecao-de-queijos","8":"product_cat-inicio","9":"product_cat-ovelha-pt-pt","11":"first","12":"instock","13":"taxable","14":"shipping-taxable","15":"purchasable","16":"product-type-simple"},"aioseo_notices":[],"brands":[],"_links":{"self":[{"href":"https:\/\/www.delicias-uk.com\/pt-pt\/wp-json\/wp\/v2\/product\/215772","targetHints":{"allow":["GET"]}}],"collection":[{"href":"https:\/\/www.delicias-uk.com\/pt-pt\/wp-json\/wp\/v2\/product"}],"about":[{"href":"https:\/\/www.delicias-uk.com\/pt-pt\/wp-json\/wp\/v2\/types\/product"}],"author":[{"embeddable":true,"href":"https:\/\/www.delicias-uk.com\/pt-pt\/wp-json\/wp\/v2\/users\/43533"}],"replies":[{"embeddable":true,"href":"https:\/\/www.delicias-uk.com\/pt-pt\/wp-json\/wp\/v2\/comments?post=215772"}],"wp:featuredmedia":[{"embeddable":true,"href":"https:\/\/www.delicias-uk.com\/pt-pt\/wp-json\/wp\/v2\/media\/227285"}],"wp:attachment":[{"href":"https:\/\/www.delicias-uk.com\/pt-pt\/wp-json\/wp\/v2\/media?parent=215772"}],"wp:term":[{"taxonomy":"pwb-brand","embeddable":true,"href":"https:\/\/www.delicias-uk.com\/pt-pt\/wp-json\/wp\/v2\/pwb-brand?post=215772"},{"taxonomy":"product_brand","embeddable":true,"href":"https:\/\/www.delicias-uk.com\/pt-pt\/wp-json\/wp\/v2\/product_brand?post=215772"},{"taxonomy":"product_cat","embeddable":true,"href":"https:\/\/www.delicias-uk.com\/pt-pt\/wp-json\/wp\/v2\/product_cat?post=215772"},{"taxonomy":"product_tag","embeddable":true,"href":"https:\/\/www.delicias-uk.com\/pt-pt\/wp-json\/wp\/v2\/product_tag?post=215772"}],"curies":[{"name":"wp","href":"https:\/\/api.w.org\/{rel}","templated":true}]}}