{"id":215764,"date":"2022-12-05T11:58:11","date_gmt":"2022-12-05T11:58:11","guid":{"rendered":"https:\/\/www.delicias-uk.com\/product\/entrecosto-fumado-terras-do-demo-800g\/"},"modified":"2022-12-05T11:58:11","modified_gmt":"2022-12-05T11:58:11","slug":"entrecosto-fumado-terras-do-demo-800g","status":"publish","type":"product","link":"https:\/\/www.delicias-uk.com\/pt-pt\/produto\/entrecosto-fumado-terras-do-demo-800g\/","title":{"rendered":"Entrecosto Fumado Terras do Demo +\/- 800g"},"content":{"rendered":"<p>Com uma combina\u00e7\u00e3o perfeita de carne suculenta e gordura derretida, a costela de porco \u00e9 uma escolha popular para um almo\u00e7o di\u00e1rio com a fam\u00edlia ou amigos. Seja assado, grelhado, caramelizado ou com molho de goiabada, \u00e9 um corte vers\u00e1til para todos os gostos, basta decidir o que mais lhe agrada.<\/p>\n<p><strong>Ingredientes<\/strong>: Costelinha de porco, \u00c1gua, Sal, Dextrose, Emulsionante (E 451), Prote\u00edna de porco, Regulador de acidez (E 262), Extratos de especiarias, Antioxidantes (E 331, E 316), Aromas e aroma de fumo (cont\u00e9m SOJA e LEITE), Prote\u00edna de colag\u00e9nio de porco, hemoglobina e conservante (E 250).<\/p>\n<p><strong>Alerg\u00e9nios<\/strong>: cont\u00e9m <strong>SOJA<\/strong> e <strong>LEITE<\/strong>.<\/p>\n<p><strong>Informa\u00e7\u00e3o nutricional por 100g:<\/strong><\/p>\n<ul style=\"list-style-type:disc;\">\n<li>ENERGIA 710 KJ\/ 169 Kcal<\/li>\n<li>GORDURAS 6,5 g<\/li>\n<li>dos quais saturados 2,5 g<\/li>\n<li>HIDRATOS DE CARBONO 2,6 g<\/li>\n<li>dos quais a\u00e7\u00facares 2,5 g<\/li>\n<li>PROTE\u00cdNAS 25 g<\/li>\n<li>SAL 5,0 g<\/li>\n<\/ul>\n<p><strong>Pa\u00eds de origem<\/strong>: Portugal<\/p>\n","protected":false},"excerpt":{"rendered":"<ul style=\"list-style-type:disc;\">\n<li>Peso l\u00edquido +\/- 800g<\/li>\n<li>Fonte de prote\u00edna<\/li>\n<li>Mais sabor ao seu prato<\/li>\n<\/ul>\n","protected":false},"author":43533,"featured_media":92452,"comment_status":"open","ping_status":"closed","template":"","meta":[],"pwb-brand":[],"product_brand":[],"product_cat":[8289,8291,8337,8671],"product_tag":[],"class_list":{"0":"post-215764","1":"product","2":"type-product","3":"status-publish","4":"has-post-thumbnail","6":"product_cat-inicio","7":"product_cat-produtos-portugueses","8":"product_cat-charcutaria","9":"product_cat-fumado","11":"first","12":"instock","13":"taxable","14":"shipping-taxable","15":"purchasable","16":"product-type-simple"},"aioseo_notices":[],"brands":[],"_links":{"self":[{"href":"https:\/\/www.delicias-uk.com\/pt-pt\/wp-json\/wp\/v2\/product\/215764","targetHints":{"allow":["GET"]}}],"collection":[{"href":"https:\/\/www.delicias-uk.com\/pt-pt\/wp-json\/wp\/v2\/product"}],"about":[{"href":"https:\/\/www.delicias-uk.com\/pt-pt\/wp-json\/wp\/v2\/types\/product"}],"author":[{"embeddable":true,"href":"https:\/\/www.delicias-uk.com\/pt-pt\/wp-json\/wp\/v2\/users\/43533"}],"replies":[{"embeddable":true,"href":"https:\/\/www.delicias-uk.com\/pt-pt\/wp-json\/wp\/v2\/comments?post=215764"}],"wp:featuredmedia":[{"embeddable":true,"href":"https:\/\/www.delicias-uk.com\/pt-pt\/wp-json\/wp\/v2\/media\/92452"}],"wp:attachment":[{"href":"https:\/\/www.delicias-uk.com\/pt-pt\/wp-json\/wp\/v2\/media?parent=215764"}],"wp:term":[{"taxonomy":"pwb-brand","embeddable":true,"href":"https:\/\/www.delicias-uk.com\/pt-pt\/wp-json\/wp\/v2\/pwb-brand?post=215764"},{"taxonomy":"product_brand","embeddable":true,"href":"https:\/\/www.delicias-uk.com\/pt-pt\/wp-json\/wp\/v2\/product_brand?post=215764"},{"taxonomy":"product_cat","embeddable":true,"href":"https:\/\/www.delicias-uk.com\/pt-pt\/wp-json\/wp\/v2\/product_cat?post=215764"},{"taxonomy":"product_tag","embeddable":true,"href":"https:\/\/www.delicias-uk.com\/pt-pt\/wp-json\/wp\/v2\/product_tag?post=215764"}],"curies":[{"name":"wp","href":"https:\/\/api.w.org\/{rel}","templated":true}]}}