{"id":215740,"date":"2022-12-02T16:20:12","date_gmt":"2022-12-02T16:20:12","guid":{"rendered":"https:\/\/www.delicias-uk.com\/product\/fruto-seco-amendoa-com-pele-doypack-ferbar-180g\/"},"modified":"2025-02-06T17:13:13","modified_gmt":"2025-02-06T17:13:13","slug":"fruto-seco-amendoa-com-pele-doypack-ferbar-180g","status":"publish","type":"product","link":"https:\/\/www.delicias-uk.com\/pt-pt\/produto\/fruto-seco-amendoa-com-pele-doypack-ferbar-180g\/","title":{"rendered":"Avel\u00e3 Ferbar Doypack 180g"},"content":{"rendered":"<p style=\"margin:0cm;\"><span style=\"font-size:11pt;font-family:Calibri, sans-serif;\">Os frutos secos e desidratados da Ferbar s\u00e3o produtos selecionados nas melhores origens, que garantem uma qualidade sublime e sabor de excel\u00eancia. Sendo posteriormente embalados de forma a manter a sua qualidade inalterada. A embalagem doypack permite ainda uma maior conserva\u00e7\u00e3o devido ao seu fecho reutiliz\u00e1vel. Agora vai poder levar os frutos secos e desidratados Ferbar para todo o lado. Fica dif\u00edcil resistir a esta tenta\u00e7\u00e3o!<\/span><\/p>\n<p style=\"margin:0cm;\">\u00a0<\/p>\n<p style=\"margin:0cm;\"><span lang=\"pt\" style=\"font-size:11pt;font-family:Calibri, sans-serif;\" xml:lang=\"pt\">. Avela<\/span><\/p>\n<p style=\"margin:0cm;\"><span lang=\"pt\" style=\"font-size:11pt;font-family:Calibri, sans-serif;\" xml:lang=\"pt\">. Marca: Ferbar<\/span><\/p>\n<p style=\"margin:0cm;\"><span lang=\"pt\" style=\"font-size:11pt;font-family:Calibri, sans-serif;\" xml:lang=\"pt\">. Embalagem Doypack<\/span><\/p><\/p>\n","protected":false},"excerpt":{"rendered":"<p style=\"margin:0cm;\"><span lang=\"pt\" style=\"font-size:11pt;font-family:Calibri, sans-serif;\" xml:lang=\"pt\">. Avela<\/span><\/p>\n<p style=\"margin:0cm;\"><span lang=\"pt\" style=\"font-size:11pt;font-family:Calibri, sans-serif;\" xml:lang=\"pt\">. Marca: Ferbar<\/span><\/p>\n<p style=\"margin:0cm;\"><span lang=\"pt\" style=\"font-size:11pt;font-family:Calibri, sans-serif;\" xml:lang=\"pt\">. Embalagem Doypack<\/span><\/p>\n","protected":false},"author":43533,"featured_media":92404,"comment_status":"open","ping_status":"closed","template":"","meta":[],"pwb-brand":[],"product_brand":[],"product_cat":[9314,9315,8289,8291,8395],"product_tag":[],"class_list":{"0":"post-215740","1":"product","2":"type-product","3":"status-publish","4":"has-post-thumbnail","6":"product_cat-chocolate-pt-pt-2","7":"product_cat-frutos-secos-e-nozes","8":"product_cat-inicio","9":"product_cat-produtos-portugueses","10":"product_cat-mercearia","12":"first","13":"instock","14":"taxable","15":"shipping-taxable","16":"purchasable","17":"product-type-simple"},"aioseo_notices":[],"brands":[],"_links":{"self":[{"href":"https:\/\/www.delicias-uk.com\/pt-pt\/wp-json\/wp\/v2\/product\/215740","targetHints":{"allow":["GET"]}}],"collection":[{"href":"https:\/\/www.delicias-uk.com\/pt-pt\/wp-json\/wp\/v2\/product"}],"about":[{"href":"https:\/\/www.delicias-uk.com\/pt-pt\/wp-json\/wp\/v2\/types\/product"}],"author":[{"embeddable":true,"href":"https:\/\/www.delicias-uk.com\/pt-pt\/wp-json\/wp\/v2\/users\/43533"}],"replies":[{"embeddable":true,"href":"https:\/\/www.delicias-uk.com\/pt-pt\/wp-json\/wp\/v2\/comments?post=215740"}],"wp:featuredmedia":[{"embeddable":true,"href":"https:\/\/www.delicias-uk.com\/pt-pt\/wp-json\/wp\/v2\/media\/92404"}],"wp:attachment":[{"href":"https:\/\/www.delicias-uk.com\/pt-pt\/wp-json\/wp\/v2\/media?parent=215740"}],"wp:term":[{"taxonomy":"pwb-brand","embeddable":true,"href":"https:\/\/www.delicias-uk.com\/pt-pt\/wp-json\/wp\/v2\/pwb-brand?post=215740"},{"taxonomy":"product_brand","embeddable":true,"href":"https:\/\/www.delicias-uk.com\/pt-pt\/wp-json\/wp\/v2\/product_brand?post=215740"},{"taxonomy":"product_cat","embeddable":true,"href":"https:\/\/www.delicias-uk.com\/pt-pt\/wp-json\/wp\/v2\/product_cat?post=215740"},{"taxonomy":"product_tag","embeddable":true,"href":"https:\/\/www.delicias-uk.com\/pt-pt\/wp-json\/wp\/v2\/product_tag?post=215740"}],"curies":[{"name":"wp","href":"https:\/\/api.w.org\/{rel}","templated":true}]}}