{"id":215732,"date":"2022-12-02T15:04:09","date_gmt":"2022-12-02T15:04:09","guid":{"rendered":"https:\/\/www.delicias-uk.com\/product\/bacalhau-congelado-posta-alambique-higienizada-sr-bacalhau-1kg-2\/"},"modified":"2026-03-30T09:03:38","modified_gmt":"2026-03-30T08:03:38","slug":"bacalhau-congelado-posta-alambique-higienizada-sr-bacalhau-1kg-2","status":"publish","type":"product","link":"https:\/\/www.delicias-uk.com\/pt-pt\/produto\/bacalhau-congelado-posta-alambique-higienizada-sr-bacalhau-1kg-2\/","title":{"rendered":"Postas de Bacalhau Alambique Higienizadas Congeladas Sr. Bacalhau 1kg (2 unidades)"},"content":{"rendered":"<p>As Postas de Bacalhau Alambique Higienizadas Congeladas Sr. Bacalhau s\u00e3o uma excelente op\u00e7\u00e3o para quem busca qualidade e praticidade. Feitas com o aut\u00eantico Gadus morhua (o verdadeiro bacalhau), essas postas passam por um processo de higieniza\u00e7\u00e3o para garantir maior seguran\u00e7a e frescor, sendo congeladas rapidamente para preservar o sabor e a textura.<\/p>\n<p>Caracter\u00edsticas das Postas de Bacalhau Alambique Higienizadas Sr. Bacalhau<\/p>\n<p>Higienizadas:<\/p>\n<p>Passam por um rigoroso processo de limpeza e prepara\u00e7\u00e3o antes do congelamento.<\/p>\n<p>Congeladas:<\/p>\n<p>O congelamento r\u00e1pido preserva a textura macia e o sabor caracter\u00edstico do bacalhau.<\/p>\n<p>Postas selecionadas:<\/p>\n<p>S\u00e3o cortes grossos e nobres, perfeitos para receitas tradicionais ou pratos especiais.<\/p>\n<p>Praticidade:<\/p>\n<p>Prontas para dessalga e preparo, economizando tempo na cozinha.<\/p>\n","protected":false},"excerpt":{"rendered":"<p>. Bacalhau Congelado<\/p>\n<p>. Posta<\/p>\n<p>. Marca: Sr. Bacalhau<\/p>\n","protected":false},"author":43533,"featured_media":92388,"comment_status":"open","ping_status":"closed","template":"","meta":[],"pwb-brand":[],"product_brand":[],"product_cat":[9330,8357],"product_tag":[],"class_list":{"0":"post-215732","1":"product","2":"type-product","3":"status-publish","4":"has-post-thumbnail","6":"product_cat-pronto-para-cozinhar","7":"product_cat-bacalhau-congelado","9":"first","10":"instock","11":"taxable","12":"shipping-taxable","13":"purchasable","14":"product-type-simple"},"aioseo_notices":[],"brands":[],"_links":{"self":[{"href":"https:\/\/www.delicias-uk.com\/pt-pt\/wp-json\/wp\/v2\/product\/215732","targetHints":{"allow":["GET"]}}],"collection":[{"href":"https:\/\/www.delicias-uk.com\/pt-pt\/wp-json\/wp\/v2\/product"}],"about":[{"href":"https:\/\/www.delicias-uk.com\/pt-pt\/wp-json\/wp\/v2\/types\/product"}],"author":[{"embeddable":true,"href":"https:\/\/www.delicias-uk.com\/pt-pt\/wp-json\/wp\/v2\/users\/43533"}],"replies":[{"embeddable":true,"href":"https:\/\/www.delicias-uk.com\/pt-pt\/wp-json\/wp\/v2\/comments?post=215732"}],"wp:featuredmedia":[{"embeddable":true,"href":"https:\/\/www.delicias-uk.com\/pt-pt\/wp-json\/wp\/v2\/media\/92388"}],"wp:attachment":[{"href":"https:\/\/www.delicias-uk.com\/pt-pt\/wp-json\/wp\/v2\/media?parent=215732"}],"wp:term":[{"taxonomy":"pwb-brand","embeddable":true,"href":"https:\/\/www.delicias-uk.com\/pt-pt\/wp-json\/wp\/v2\/pwb-brand?post=215732"},{"taxonomy":"product_brand","embeddable":true,"href":"https:\/\/www.delicias-uk.com\/pt-pt\/wp-json\/wp\/v2\/product_brand?post=215732"},{"taxonomy":"product_cat","embeddable":true,"href":"https:\/\/www.delicias-uk.com\/pt-pt\/wp-json\/wp\/v2\/product_cat?post=215732"},{"taxonomy":"product_tag","embeddable":true,"href":"https:\/\/www.delicias-uk.com\/pt-pt\/wp-json\/wp\/v2\/product_tag?post=215732"}],"curies":[{"name":"wp","href":"https:\/\/api.w.org\/{rel}","templated":true}]}}