{"id":215726,"date":"2022-12-01T17:19:33","date_gmt":"2022-12-01T17:19:33","guid":{"rendered":"https:\/\/www.delicias-uk.com\/product\/sonhos-flor-do-vouga-20g-x-12-2\/"},"modified":"2026-01-28T12:10:08","modified_gmt":"2026-01-28T12:10:08","slug":"sonhos-flor-do-vouga-20g-x-12-2","status":"publish","type":"product","link":"https:\/\/www.delicias-uk.com\/pt-pt\/produto\/sonhos-flor-do-vouga-20g-x-12-2\/","title":{"rendered":"Sonhos Flor Do Vouga 20G X 12"},"content":{"rendered":"<p>Os sonhos s\u00e3o uma presen\u00e7a ass\u00eddua nas mesas de Natal dos portugueses. Os Sonhos de Natal s\u00e3o um doce t\u00edpico de gastronomia portuguesa mas na realidade, diz-se que sua origem \u00e9 turca e estes doces tamb\u00e9m s\u00e3o populares na Gr\u00e9cia, Chipre, Bulg\u00e1ria ou Egipto, entre outros pa\u00edses. A sua origem relaciona-se com a cria\u00e7\u00e3o de um doce em forma de bola que representa o sol nascente, a luz, o amor, a paix\u00e3o!<\/p>\n","protected":false},"excerpt":{"rendered":"<ul style=\"list-style-type:disc\">\n<li>Sonhos<\/li>\n<li>Marca: Flor do Vouga<\/li>\n<li>Produto pronto para o consumo<\/li>\n<li>Depois de descongelado consumir em 4 dias<\/li>\n<\/ul>\n","protected":false},"author":43533,"featured_media":67892,"comment_status":"open","ping_status":"closed","template":"","meta":[],"pwb-brand":[],"product_brand":[],"product_cat":[8289],"product_tag":[],"class_list":{"0":"post-215726","1":"product","2":"type-product","3":"status-publish","4":"has-post-thumbnail","6":"product_cat-inicio","8":"first","9":"instock","10":"taxable","11":"shipping-taxable","12":"purchasable","13":"product-type-simple"},"aioseo_notices":[],"brands":[],"_links":{"self":[{"href":"https:\/\/www.delicias-uk.com\/pt-pt\/wp-json\/wp\/v2\/product\/215726","targetHints":{"allow":["GET"]}}],"collection":[{"href":"https:\/\/www.delicias-uk.com\/pt-pt\/wp-json\/wp\/v2\/product"}],"about":[{"href":"https:\/\/www.delicias-uk.com\/pt-pt\/wp-json\/wp\/v2\/types\/product"}],"author":[{"embeddable":true,"href":"https:\/\/www.delicias-uk.com\/pt-pt\/wp-json\/wp\/v2\/users\/43533"}],"replies":[{"embeddable":true,"href":"https:\/\/www.delicias-uk.com\/pt-pt\/wp-json\/wp\/v2\/comments?post=215726"}],"wp:featuredmedia":[{"embeddable":true,"href":"https:\/\/www.delicias-uk.com\/pt-pt\/wp-json\/wp\/v2\/media\/67892"}],"wp:attachment":[{"href":"https:\/\/www.delicias-uk.com\/pt-pt\/wp-json\/wp\/v2\/media?parent=215726"}],"wp:term":[{"taxonomy":"pwb-brand","embeddable":true,"href":"https:\/\/www.delicias-uk.com\/pt-pt\/wp-json\/wp\/v2\/pwb-brand?post=215726"},{"taxonomy":"product_brand","embeddable":true,"href":"https:\/\/www.delicias-uk.com\/pt-pt\/wp-json\/wp\/v2\/product_brand?post=215726"},{"taxonomy":"product_cat","embeddable":true,"href":"https:\/\/www.delicias-uk.com\/pt-pt\/wp-json\/wp\/v2\/product_cat?post=215726"},{"taxonomy":"product_tag","embeddable":true,"href":"https:\/\/www.delicias-uk.com\/pt-pt\/wp-json\/wp\/v2\/product_tag?post=215726"}],"curies":[{"name":"wp","href":"https:\/\/api.w.org\/{rel}","templated":true}]}}