{"id":215724,"date":"2022-12-01T17:10:55","date_gmt":"2022-12-01T17:10:55","guid":{"rendered":"https:\/\/www.delicias-uk.com\/product\/rabanadas-flor-do-vouga-250g-x-4\/"},"modified":"2025-12-21T18:50:42","modified_gmt":"2025-12-21T18:50:42","slug":"rabanadas-flor-do-vouga-250g-x-4","status":"publish","type":"product","link":"https:\/\/www.delicias-uk.com\/pt-pt\/produto\/rabanadas-flor-do-vouga-250g-x-4\/","title":{"rendered":"Rabanadas Congeladas Flor do Vouga 4x250g"},"content":{"rendered":"<p>As tradicionais rabanadas s\u00e3o um doce imprescind\u00edvel em qualquer mesa na \u00e9poca do Natal. A sua confe\u00e7\u00e3o parte de fatias de p\u00e3o mergulhadas em leite, fritas e polvilhadas com a\u00e7\u00facar e canela.<\/p>\n","protected":false},"excerpt":{"rendered":"<ul style=\"list-style-type:disc;\">\n<li>Marca: Flor do Vouga<\/li>\n<li>Produto pronto para o consumo<\/li>\n<li>Depois de descongelado consumir em 4 dias<\/li>\n<\/ul>\n","protected":false},"author":43533,"featured_media":92376,"comment_status":"open","ping_status":"closed","template":"","meta":[],"pwb-brand":[],"product_brand":[],"product_cat":[9313,8289],"product_tag":[],"class_list":{"0":"post-215724","1":"product","2":"type-product","3":"status-publish","4":"has-post-thumbnail","6":"product_cat-bolos-de-natal","7":"product_cat-inicio","9":"first","10":"instock","11":"taxable","12":"shipping-taxable","13":"purchasable","14":"product-type-simple"},"aioseo_notices":[],"brands":[],"_links":{"self":[{"href":"https:\/\/www.delicias-uk.com\/pt-pt\/wp-json\/wp\/v2\/product\/215724","targetHints":{"allow":["GET"]}}],"collection":[{"href":"https:\/\/www.delicias-uk.com\/pt-pt\/wp-json\/wp\/v2\/product"}],"about":[{"href":"https:\/\/www.delicias-uk.com\/pt-pt\/wp-json\/wp\/v2\/types\/product"}],"author":[{"embeddable":true,"href":"https:\/\/www.delicias-uk.com\/pt-pt\/wp-json\/wp\/v2\/users\/43533"}],"replies":[{"embeddable":true,"href":"https:\/\/www.delicias-uk.com\/pt-pt\/wp-json\/wp\/v2\/comments?post=215724"}],"wp:featuredmedia":[{"embeddable":true,"href":"https:\/\/www.delicias-uk.com\/pt-pt\/wp-json\/wp\/v2\/media\/92376"}],"wp:attachment":[{"href":"https:\/\/www.delicias-uk.com\/pt-pt\/wp-json\/wp\/v2\/media?parent=215724"}],"wp:term":[{"taxonomy":"pwb-brand","embeddable":true,"href":"https:\/\/www.delicias-uk.com\/pt-pt\/wp-json\/wp\/v2\/pwb-brand?post=215724"},{"taxonomy":"product_brand","embeddable":true,"href":"https:\/\/www.delicias-uk.com\/pt-pt\/wp-json\/wp\/v2\/product_brand?post=215724"},{"taxonomy":"product_cat","embeddable":true,"href":"https:\/\/www.delicias-uk.com\/pt-pt\/wp-json\/wp\/v2\/product_cat?post=215724"},{"taxonomy":"product_tag","embeddable":true,"href":"https:\/\/www.delicias-uk.com\/pt-pt\/wp-json\/wp\/v2\/product_tag?post=215724"}],"curies":[{"name":"wp","href":"https:\/\/api.w.org\/{rel}","templated":true}]}}