{"id":215722,"date":"2022-12-01T16:56:58","date_gmt":"2022-12-01T16:56:58","guid":{"rendered":"https:\/\/www.delicias-uk.com\/product\/coscoroes-flor-do-vouga-90g-x-4-2\/"},"modified":"2022-12-01T16:56:58","modified_gmt":"2022-12-01T16:56:58","slug":"coscoroes-flor-do-vouga-90g-x-4-2","status":"publish","type":"product","link":"https:\/\/www.delicias-uk.com\/pt-pt\/produto\/coscoroes-flor-do-vouga-90g-x-4-2\/","title":{"rendered":"Coscor\u00f5es Cru Flor Do Vouga 90G X 4"},"content":{"rendered":"<p>Os coscor\u00f5es s\u00e3o doces tradicionais Portugueses associados ao Natal e ao Carnaval, embora se consumam noutras ocasi\u00f5es. Pensa-se que os coscor\u00f5es tenham sido introduzidos pelos cruzados na Europa, que os produziam pela sua grande durabilidade ao aguentarem as longas viagens.<\/p>\n","protected":false},"excerpt":{"rendered":"<ul style=\"list-style-type:disc;\">\n<li>Marca: Flor do Vouga<\/li>\n<li>Produto cru, deve ser frito para consumo<\/li>\n<li>Depois de descongelado consumir em 4 dias<\/li>\n<\/ul>\n","protected":false},"author":43533,"featured_media":92372,"comment_status":"open","ping_status":"closed","template":"","meta":[],"pwb-brand":[],"product_brand":[],"product_cat":[9313,8289],"product_tag":[],"class_list":{"0":"post-215722","1":"product","2":"type-product","3":"status-publish","4":"has-post-thumbnail","6":"product_cat-bolos-de-natal","7":"product_cat-inicio","9":"first","10":"instock","11":"taxable","12":"shipping-taxable","13":"purchasable","14":"product-type-simple"},"aioseo_notices":[],"brands":[],"_links":{"self":[{"href":"https:\/\/www.delicias-uk.com\/pt-pt\/wp-json\/wp\/v2\/product\/215722","targetHints":{"allow":["GET"]}}],"collection":[{"href":"https:\/\/www.delicias-uk.com\/pt-pt\/wp-json\/wp\/v2\/product"}],"about":[{"href":"https:\/\/www.delicias-uk.com\/pt-pt\/wp-json\/wp\/v2\/types\/product"}],"author":[{"embeddable":true,"href":"https:\/\/www.delicias-uk.com\/pt-pt\/wp-json\/wp\/v2\/users\/43533"}],"replies":[{"embeddable":true,"href":"https:\/\/www.delicias-uk.com\/pt-pt\/wp-json\/wp\/v2\/comments?post=215722"}],"wp:featuredmedia":[{"embeddable":true,"href":"https:\/\/www.delicias-uk.com\/pt-pt\/wp-json\/wp\/v2\/media\/92372"}],"wp:attachment":[{"href":"https:\/\/www.delicias-uk.com\/pt-pt\/wp-json\/wp\/v2\/media?parent=215722"}],"wp:term":[{"taxonomy":"pwb-brand","embeddable":true,"href":"https:\/\/www.delicias-uk.com\/pt-pt\/wp-json\/wp\/v2\/pwb-brand?post=215722"},{"taxonomy":"product_brand","embeddable":true,"href":"https:\/\/www.delicias-uk.com\/pt-pt\/wp-json\/wp\/v2\/product_brand?post=215722"},{"taxonomy":"product_cat","embeddable":true,"href":"https:\/\/www.delicias-uk.com\/pt-pt\/wp-json\/wp\/v2\/product_cat?post=215722"},{"taxonomy":"product_tag","embeddable":true,"href":"https:\/\/www.delicias-uk.com\/pt-pt\/wp-json\/wp\/v2\/product_tag?post=215722"}],"curies":[{"name":"wp","href":"https:\/\/api.w.org\/{rel}","templated":true}]}}