{"id":215720,"date":"2022-12-01T16:41:40","date_gmt":"2022-12-01T16:41:40","guid":{"rendered":"https:\/\/www.delicias-uk.com\/product\/azevias-de-grao-flor-do-vouga-90g-x-4-2\/"},"modified":"2025-02-06T17:22:07","modified_gmt":"2025-02-06T17:22:07","slug":"azevias-de-grao-flor-do-vouga-90g-x-4-2","status":"publish","type":"product","link":"https:\/\/www.delicias-uk.com\/pt-pt\/produto\/azevias-de-grao-flor-do-vouga-90g-x-4-2\/","title":{"rendered":"Azevias De Gr\u00e3o Crua Flor Do Vouga 90G X 4"},"content":{"rendered":"<p>As azevias\u00a0 de gr\u00e3o s\u00e3o um doce tradicional de Natal muito apreciado pelos Portugueses. A massa fina recheada com gr\u00e3o e am\u00eandoas depois frita e polvilhada com a\u00e7\u00facar e canela, faz destas as famosas azevias de Natal.<\/p>\n","protected":false},"excerpt":{"rendered":"<ul style=\"list-style-type:disc;\">\n<li>Marca: Flor do Vouga<\/li>\n<li>Produto cru, deve ser frito para consumo<\/li>\n<li>Depois de descongelado consumir em 4 dias<\/li>\n<\/ul>\n","protected":false},"author":43533,"featured_media":92368,"comment_status":"open","ping_status":"closed","template":"","meta":[],"pwb-brand":[],"product_brand":[],"product_cat":[8289],"product_tag":[],"class_list":{"0":"post-215720","1":"product","2":"type-product","3":"status-publish","4":"has-post-thumbnail","6":"product_cat-inicio","8":"first","9":"instock","10":"taxable","11":"shipping-taxable","12":"purchasable","13":"product-type-simple"},"aioseo_notices":[],"brands":[],"_links":{"self":[{"href":"https:\/\/www.delicias-uk.com\/pt-pt\/wp-json\/wp\/v2\/product\/215720","targetHints":{"allow":["GET"]}}],"collection":[{"href":"https:\/\/www.delicias-uk.com\/pt-pt\/wp-json\/wp\/v2\/product"}],"about":[{"href":"https:\/\/www.delicias-uk.com\/pt-pt\/wp-json\/wp\/v2\/types\/product"}],"author":[{"embeddable":true,"href":"https:\/\/www.delicias-uk.com\/pt-pt\/wp-json\/wp\/v2\/users\/43533"}],"replies":[{"embeddable":true,"href":"https:\/\/www.delicias-uk.com\/pt-pt\/wp-json\/wp\/v2\/comments?post=215720"}],"wp:featuredmedia":[{"embeddable":true,"href":"https:\/\/www.delicias-uk.com\/pt-pt\/wp-json\/wp\/v2\/media\/92368"}],"wp:attachment":[{"href":"https:\/\/www.delicias-uk.com\/pt-pt\/wp-json\/wp\/v2\/media?parent=215720"}],"wp:term":[{"taxonomy":"pwb-brand","embeddable":true,"href":"https:\/\/www.delicias-uk.com\/pt-pt\/wp-json\/wp\/v2\/pwb-brand?post=215720"},{"taxonomy":"product_brand","embeddable":true,"href":"https:\/\/www.delicias-uk.com\/pt-pt\/wp-json\/wp\/v2\/product_brand?post=215720"},{"taxonomy":"product_cat","embeddable":true,"href":"https:\/\/www.delicias-uk.com\/pt-pt\/wp-json\/wp\/v2\/product_cat?post=215720"},{"taxonomy":"product_tag","embeddable":true,"href":"https:\/\/www.delicias-uk.com\/pt-pt\/wp-json\/wp\/v2\/product_tag?post=215720"}],"curies":[{"name":"wp","href":"https:\/\/api.w.org\/{rel}","templated":true}]}}