{"id":215718,"date":"2022-12-01T16:00:10","date_gmt":"2022-12-01T16:00:10","guid":{"rendered":"https:\/\/www.delicias-uk.com\/product\/bolo-rei-cru-nutriva-800g-x-10\/"},"modified":"2025-12-22T18:16:40","modified_gmt":"2025-12-22T18:16:40","slug":"bolo-rei-cru-nutriva-800g-x-10","status":"publish","type":"product","link":"https:\/\/www.delicias-uk.com\/pt-pt\/produto\/bolo-rei-cru-nutriva-800g-x-10\/","title":{"rendered":"Bolo Rei Cru Nutriva 800G X 10"},"content":{"rendered":"<p style=\"margin:0cm;background:#FFFFFF;vertical-align:baseline\"><span lang=\"pt\" style=\"font-size:11pt;font-family:Calibri, sans-serif;color:#000000\" xml:lang=\"pt\">Bolo-rei, bolo de reis ou bolo de Natal \u00e9 um bolo festivo em forma de coroa, que faz parte da tradi\u00e7\u00e3o portuguesa, e que se come tipicamente na Quadra Natal\u00edcia e Dia de Reis. O seu nome alude aos tr\u00eas reis magos.<\/span><span lang=\"pt\" style=\"font-size:11pt;font-family:Calibri, sans-serif\" xml:lang=\"pt\"><\/span><\/p>\n<\/p>\n<p style=\"margin:0cm;background:#FFFFFF;vertical-align:baseline\"><span style=\"font-size:11pt;font-family:Calibri, sans-serif;color:#000000\">. Bolo Rei Cru<\/span><span style=\"font-size:11pt;font-family:Calibri, sans-serif\"><\/span><\/p>\n<p style=\"margin:0cm;background:#FFFFFF;vertical-align:baseline\"><span style=\"font-size:11pt;font-family:Calibri, sans-serif;color:#000000\">. Tamanho: 800g<\/span><span style=\"font-size:11pt;font-family:Calibri, sans-serif\"><\/span><\/p>\n<p style=\"margin:0cm;background:#FFFFFF;vertical-align:baseline\"><span style=\"font-size:11pt;font-family:Calibri, sans-serif;color:#000000\">. Marca: Nutriva<\/span><span style=\"font-size:11pt;font-family:Calibri, sans-serif\"><\/span><\/p>\n<p style=\"margin:0cm;background:#FFFFFF;vertical-align:baseline\"><span lang=\"pt\" style=\"font-size:11pt;font-family:Calibri, sans-serif;color:#000000\" xml:lang=\"pt\">. Assar no forno pr\u00e9-aquecido a 150\u00b0C por 30 minutos<\/span><\/p>\n","protected":false},"excerpt":{"rendered":"<p style=\"margin:0cm;background:#FFFFFF;vertical-align:baseline\"><span style=\"font-size:11pt;font-family:Calibri, sans-serif;color:#000000\">. Bolo Rei Cru<\/span><span style=\"font-size:11pt;font-family:Calibri, sans-serif\"><\/span><\/p>\n<p style=\"margin:0cm;background:#FFFFFF;vertical-align:baseline\"><span style=\"font-size:11pt;font-family:Calibri, sans-serif;color:#000000\">. Tamanho: 800g<\/span><span style=\"font-size:11pt;font-family:Calibri, sans-serif\"><\/span><\/p>\n<p style=\"margin:0cm;background:#FFFFFF;vertical-align:baseline\"><span style=\"font-size:11pt;font-family:Calibri, sans-serif;color:#000000\">. Marca: Nutriva<\/span><span style=\"font-size:11pt;font-family:Calibri, sans-serif\"><\/span><\/p>\n<p style=\"margin:0cm;background:#FFFFFF;vertical-align:baseline\"><span lang=\"pt\" style=\"font-size:11pt;font-family:Calibri, sans-serif;color:#000000\" xml:lang=\"pt\">. Assar no forno pr\u00e9-aquecido a 150\u00b0C por 30 minutos<\/span><span lang=\"pt\" style=\"font-size:11pt;font-family:Calibri, sans-serif\" xml:lang=\"pt\"><\/span><\/p><\/p>\n","protected":false},"author":43533,"featured_media":92364,"comment_status":"open","ping_status":"closed","template":"","meta":[],"pwb-brand":[],"product_brand":[],"product_cat":[9313,8289],"product_tag":[],"class_list":{"0":"post-215718","1":"product","2":"type-product","3":"status-publish","4":"has-post-thumbnail","6":"product_cat-bolos-de-natal","7":"product_cat-inicio","9":"first","10":"outofstock","11":"taxable","12":"shipping-taxable","13":"purchasable","14":"product-type-simple"},"aioseo_notices":[],"brands":[],"_links":{"self":[{"href":"https:\/\/www.delicias-uk.com\/pt-pt\/wp-json\/wp\/v2\/product\/215718","targetHints":{"allow":["GET"]}}],"collection":[{"href":"https:\/\/www.delicias-uk.com\/pt-pt\/wp-json\/wp\/v2\/product"}],"about":[{"href":"https:\/\/www.delicias-uk.com\/pt-pt\/wp-json\/wp\/v2\/types\/product"}],"author":[{"embeddable":true,"href":"https:\/\/www.delicias-uk.com\/pt-pt\/wp-json\/wp\/v2\/users\/43533"}],"replies":[{"embeddable":true,"href":"https:\/\/www.delicias-uk.com\/pt-pt\/wp-json\/wp\/v2\/comments?post=215718"}],"wp:featuredmedia":[{"embeddable":true,"href":"https:\/\/www.delicias-uk.com\/pt-pt\/wp-json\/wp\/v2\/media\/92364"}],"wp:attachment":[{"href":"https:\/\/www.delicias-uk.com\/pt-pt\/wp-json\/wp\/v2\/media?parent=215718"}],"wp:term":[{"taxonomy":"pwb-brand","embeddable":true,"href":"https:\/\/www.delicias-uk.com\/pt-pt\/wp-json\/wp\/v2\/pwb-brand?post=215718"},{"taxonomy":"product_brand","embeddable":true,"href":"https:\/\/www.delicias-uk.com\/pt-pt\/wp-json\/wp\/v2\/product_brand?post=215718"},{"taxonomy":"product_cat","embeddable":true,"href":"https:\/\/www.delicias-uk.com\/pt-pt\/wp-json\/wp\/v2\/product_cat?post=215718"},{"taxonomy":"product_tag","embeddable":true,"href":"https:\/\/www.delicias-uk.com\/pt-pt\/wp-json\/wp\/v2\/product_tag?post=215718"}],"curies":[{"name":"wp","href":"https:\/\/api.w.org\/{rel}","templated":true}]}}