{"id":215706,"date":"2022-11-22T10:08:52","date_gmt":"2022-11-22T10:08:52","guid":{"rendered":"https:\/\/www.delicias-uk.com\/product\/gift-pack-casa-de-santar-8-parcelas-dao-2012-75cl-2\/"},"modified":"2025-09-02T11:06:30","modified_gmt":"2025-09-02T10:06:30","slug":"gift-pack-casa-de-santar-8-parcelas-dao-2012-75cl-2","status":"publish","type":"product","link":"https:\/\/www.delicias-uk.com\/pt-pt\/produto\/gift-pack-casa-de-santar-8-parcelas-dao-2012-75cl-2\/","title":{"rendered":"Casa de Santar 8 Parcelas 2012 Gift-Pack 75cl"},"content":{"rendered":"<h3 data-start=\"58\" data-end=\"78\">Casa de Santar<\/h3>\n<p data-start=\"80\" data-end=\"364\"><strong data-start=\"80\" data-end=\"99\">Notas de Prova:<\/strong><br data-start=\"99\" data-end=\"102\" \/>Cor granada intensa com ligeiros tons acastanhados. Aroma intenso e complexo, com notas terci\u00e1rias de grande qualidade. Apresenta ainda apontamentos de especiarias e frutos secos. Na boca \u00e9 complexo, macio, bem estruturado e com uma persist\u00eancia final not\u00f3ria.<\/p>\n<ul data-start=\"366\" data-end=\"636\">\n<li data-start=\"366\" data-end=\"398\">\n<p data-start=\"368\" data-end=\"398\"><strong data-start=\"368\" data-end=\"381\">Produtor:<\/strong> Casa de Santar<\/p>\n<\/li>\n<li data-start=\"399\" data-end=\"428\">\n<p data-start=\"401\" data-end=\"428\"><strong data-start=\"401\" data-end=\"412\">Regi\u00e3o:<\/strong> D\u00e3o, Portugal<\/p>\n<\/li>\n<li data-start=\"429\" data-end=\"456\">\n<p data-start=\"431\" data-end=\"456\"><strong data-start=\"431\" data-end=\"442\">Estilo:<\/strong> Vinho Tinto<\/p>\n<\/li>\n<li data-start=\"457\" data-end=\"552\">\n<p data-start=\"459\" data-end=\"552\"><strong data-start=\"459\" data-end=\"470\">Castas:<\/strong> Alicante Bouschet, Touriga Nacional, Tinta Roriz, Jaen, Alfrocheiro e Tinto C\u00e3o<\/p>\n<\/li>\n<li data-start=\"553\" data-end=\"574\">\n<p data-start=\"555\" data-end=\"574\"><strong data-start=\"555\" data-end=\"567\">Garrafa:<\/strong> 75cl<\/p>\n<\/li>\n<li data-start=\"575\" data-end=\"596\">\n<p data-start=\"577\" data-end=\"596\"><strong data-start=\"577\" data-end=\"588\">\u00c1lcool:<\/strong> 13,5%<\/p>\n<\/li>\n<li data-start=\"597\" data-end=\"636\">\n<p data-start=\"599\" data-end=\"636\"><strong data-start=\"599\" data-end=\"626\">Temperatura de Servi\u00e7o:<\/strong> 16\u201318\u00baC<\/p>\n<\/li>\n<\/ul>\n<p data-start=\"638\" data-end=\"706\"><strong data-start=\"638\" data-end=\"654\">Vinifica\u00e7\u00e3o:<\/strong><br data-start=\"654\" data-end=\"657\" \/>Uvas cuidadosamente selecionadas de 8 parcelas.<\/p>\n<p data-start=\"708\" data-end=\"798\"><strong data-start=\"708\" data-end=\"725\">Harmoniza\u00e7\u00e3o:<\/strong><br data-start=\"725\" data-end=\"728\" \/>Acompanha na perfei\u00e7\u00e3o carnes vermelhas, rosbife e carnes grelhadas.<\/p>\n<p data-start=\"800\" data-end=\"861\"><strong data-start=\"800\" data-end=\"823\">Cr\u00edticas e Pr\u00e9mios:<\/strong><br data-start=\"823\" data-end=\"826\" \/>18 pontos na <em data-start=\"839\" data-end=\"858\">Revista de Vinhos<\/em>.<\/p>\n","protected":false},"excerpt":{"rendered":"<ul>\n<li data-start=\"368\" data-end=\"398\"><strong data-start=\"368\" data-end=\"381\">Produtor:<\/strong> Casa de Santar<\/li>\n<li data-start=\"401\" data-end=\"428\"><strong data-start=\"401\" data-end=\"412\">Regi\u00e3o:<\/strong> D\u00e3o, Portugal<\/li>\n<li data-start=\"431\" data-end=\"456\"><strong data-start=\"431\" data-end=\"442\">Estilo:<\/strong> Vinho Tinto<\/li>\n<li data-start=\"459\" data-end=\"552\"><strong data-start=\"459\" data-end=\"470\">Castas:<\/strong> Alicante Bouschet, Touriga Nacional, Tinta Roriz, Jaen, Alfrocheiro e Tinto C\u00e3o<\/li>\n<li data-start=\"555\" data-end=\"574\"><strong data-start=\"555\" data-end=\"567\">Garrafa:<\/strong> 75cl<\/li>\n<li data-start=\"577\" data-end=\"596\"><strong data-start=\"577\" data-end=\"588\">\u00c1lcool:<\/strong> 13,5%<\/li>\n<li data-start=\"599\" data-end=\"636\"><strong data-start=\"599\" data-end=\"626\">Temperatura de Servi\u00e7o:<\/strong> 16\u201318\u00baC<\/li>\n<\/ul>\n","protected":false},"author":43533,"featured_media":197827,"comment_status":"open","ping_status":"closed","template":"","meta":[],"pwb-brand":[],"product_brand":[],"product_cat":[9345,8289,8291,8431,8449,8789],"product_tag":[9237,9238],"class_list":{"0":"post-215706","1":"product","2":"type-product","3":"status-publish","4":"has-post-thumbnail","6":"product_cat-gift-pack-pt-pt","7":"product_cat-inicio","8":"product_cat-produtos-portugueses","9":"product_cat-vinhos-pt-pt","10":"product_cat-vinho-tinto","11":"product_cat-dao-pt-pt","12":"product_tag-red-wine-pt-pt","13":"product_tag-wine-pt-pt","15":"first","16":"outofstock","17":"taxable","18":"shipping-taxable","19":"purchasable","20":"product-type-simple"},"aioseo_notices":[],"brands":[],"_links":{"self":[{"href":"https:\/\/www.delicias-uk.com\/pt-pt\/wp-json\/wp\/v2\/product\/215706","targetHints":{"allow":["GET"]}}],"collection":[{"href":"https:\/\/www.delicias-uk.com\/pt-pt\/wp-json\/wp\/v2\/product"}],"about":[{"href":"https:\/\/www.delicias-uk.com\/pt-pt\/wp-json\/wp\/v2\/types\/product"}],"author":[{"embeddable":true,"href":"https:\/\/www.delicias-uk.com\/pt-pt\/wp-json\/wp\/v2\/users\/43533"}],"replies":[{"embeddable":true,"href":"https:\/\/www.delicias-uk.com\/pt-pt\/wp-json\/wp\/v2\/comments?post=215706"}],"wp:featuredmedia":[{"embeddable":true,"href":"https:\/\/www.delicias-uk.com\/pt-pt\/wp-json\/wp\/v2\/media\/197827"}],"wp:attachment":[{"href":"https:\/\/www.delicias-uk.com\/pt-pt\/wp-json\/wp\/v2\/media?parent=215706"}],"wp:term":[{"taxonomy":"pwb-brand","embeddable":true,"href":"https:\/\/www.delicias-uk.com\/pt-pt\/wp-json\/wp\/v2\/pwb-brand?post=215706"},{"taxonomy":"product_brand","embeddable":true,"href":"https:\/\/www.delicias-uk.com\/pt-pt\/wp-json\/wp\/v2\/product_brand?post=215706"},{"taxonomy":"product_cat","embeddable":true,"href":"https:\/\/www.delicias-uk.com\/pt-pt\/wp-json\/wp\/v2\/product_cat?post=215706"},{"taxonomy":"product_tag","embeddable":true,"href":"https:\/\/www.delicias-uk.com\/pt-pt\/wp-json\/wp\/v2\/product_tag?post=215706"}],"curies":[{"name":"wp","href":"https:\/\/api.w.org\/{rel}","templated":true}]}}