{"id":215686,"date":"2022-11-17T18:03:13","date_gmt":"2022-11-17T18:03:13","guid":{"rendered":"https:\/\/www.delicias-uk.com\/product\/muros-antigos-alvarinho-2021-75cl-2\/"},"modified":"2025-08-06T14:31:43","modified_gmt":"2025-08-06T13:31:43","slug":"muros-antigos-alvarinho-2023-75cl","status":"publish","type":"product","link":"https:\/\/www.delicias-uk.com\/pt-pt\/produto\/muros-antigos-alvarinho-2023-75cl\/","title":{"rendered":"Muros Antigos Alvarinho 2023 75cl"},"content":{"rendered":"<p>Muros Antigos Alvarinho \u00e9 obtido a partir da casta nobre Alvarinho exclusivamente produzidas na sub-regi\u00e3o de Mon\u00e7\u00e3o e Melga\u00e7o. A localiza\u00e7\u00e3o desta sub-regi\u00e3o faculta-lhe um microclima particular estando rodeada por um conjunto de serras que permitem uma conjuga\u00e7\u00e3o \u00fanica entre a pluviosidade, a temperatura e luminosidade necess\u00e1rias \u00e0 perfeita matura\u00e7\u00e3o das uvas. Este vinho tem origem em vinhas de encosta soalheiras, com solos pobres e gran\u00edticos. A vindima das uvas que v\u00e3o originar estevinho \u00e9 das primeiras a ocorrer para assim obtermos a sua frescura arom\u00e1tica \u00fanica. Aromas varietais e c\u00edtricos pronunciados. Ataque de boca fresco e pleno de mineralidade. Encorpado, com grande intensidade de sabores e uma acidez vibrante. Termina longo e complexo pr\u00f3prio da casta Alvarinho.<\/p>\n","protected":false},"excerpt":{"rendered":"<ul style=\"list-style-type: disc;\">\n<li><strong>Produtor<\/strong>: Anselmo Mendes<\/li>\n<li><strong>Regi\u00e3o<\/strong>: Minho<\/li>\n<li><strong>Pa\u00eds<\/strong>: Portugal<\/li>\n<li><strong>Tipo de Vinho<\/strong>: Branco<\/li>\n<li><strong>Castas<\/strong>: Alvarinho<\/li>\n<li><strong>Garrafa<\/strong>: 750ml<\/li>\n<li><strong>Teor Alcoolico<\/strong>: 12.5%<\/li>\n<\/ul>\n","protected":false},"author":43533,"featured_media":197805,"comment_status":"open","ping_status":"closed","template":"","meta":[],"pwb-brand":[],"product_brand":[],"product_cat":[8289,8291,8431,8489,8881],"product_tag":[],"class_list":{"0":"post-215686","1":"product","2":"type-product","3":"status-publish","4":"has-post-thumbnail","6":"product_cat-inicio","7":"product_cat-produtos-portugueses","8":"product_cat-vinhos-pt-pt","9":"product_cat-vinho-branco","10":"product_cat-minho-pt-pt-vinho-branco","12":"first","13":"instock","14":"taxable","15":"shipping-taxable","16":"purchasable","17":"product-type-simple"},"aioseo_notices":[],"brands":[],"_links":{"self":[{"href":"https:\/\/www.delicias-uk.com\/pt-pt\/wp-json\/wp\/v2\/product\/215686","targetHints":{"allow":["GET"]}}],"collection":[{"href":"https:\/\/www.delicias-uk.com\/pt-pt\/wp-json\/wp\/v2\/product"}],"about":[{"href":"https:\/\/www.delicias-uk.com\/pt-pt\/wp-json\/wp\/v2\/types\/product"}],"author":[{"embeddable":true,"href":"https:\/\/www.delicias-uk.com\/pt-pt\/wp-json\/wp\/v2\/users\/43533"}],"replies":[{"embeddable":true,"href":"https:\/\/www.delicias-uk.com\/pt-pt\/wp-json\/wp\/v2\/comments?post=215686"}],"wp:featuredmedia":[{"embeddable":true,"href":"https:\/\/www.delicias-uk.com\/pt-pt\/wp-json\/wp\/v2\/media\/197805"}],"wp:attachment":[{"href":"https:\/\/www.delicias-uk.com\/pt-pt\/wp-json\/wp\/v2\/media?parent=215686"}],"wp:term":[{"taxonomy":"pwb-brand","embeddable":true,"href":"https:\/\/www.delicias-uk.com\/pt-pt\/wp-json\/wp\/v2\/pwb-brand?post=215686"},{"taxonomy":"product_brand","embeddable":true,"href":"https:\/\/www.delicias-uk.com\/pt-pt\/wp-json\/wp\/v2\/product_brand?post=215686"},{"taxonomy":"product_cat","embeddable":true,"href":"https:\/\/www.delicias-uk.com\/pt-pt\/wp-json\/wp\/v2\/product_cat?post=215686"},{"taxonomy":"product_tag","embeddable":true,"href":"https:\/\/www.delicias-uk.com\/pt-pt\/wp-json\/wp\/v2\/product_tag?post=215686"}],"curies":[{"name":"wp","href":"https:\/\/api.w.org\/{rel}","templated":true}]}}